{"id":1480,"date":"2026-03-13T07:01:04","date_gmt":"2026-03-13T07:01:04","guid":{"rendered":"https:\/\/rooks-bet.org\/login-and-registration\/"},"modified":"2026-03-13T11:35:16","modified_gmt":"2026-03-13T11:35:16","slug":"logowanie-i-rejestracja","status":"publish","type":"page","link":"https:\/\/rooks-bet.org\/pl\/logowanie-i-rejestracja\/","title":{"rendered":"Logowanie i rejestracja"},"content":{"rendered":"<h1>Logowanie i rejestracja konta Rooksbet<\/h1>\n<p>Rooksbet login zapewnia polskim graczom bezpieczny dost\u0119p do konta w kasynie z dowolnego urz\u0105dzenia. Tylko zarejestrowani u\u017cytkownicy mog\u0105 korzysta\u0107 z naszych bonus\u00f3w kasynowych, gra\u0107 i wygrywa\u0107. System autoryzacji dzia\u0142a zar\u00f3wno w przegl\u0105darkach, jak i w aplikacji mobilnej. W kasynie Rooksbet mo\u017cesz szybko si\u0119 zalogowa\u0107 i uzyska\u0107 pe\u0142ny dost\u0119p do wszystkich funkcji platformy.<\/p>\n<p><div class=\"banner-wrap\" aria-label=\"Banner\"><img src=\"https:\/\/rooks-bet.org\/wp-content\/uploads\/2026\/02\/Rooksbet-banner-desktop.webp\" class=\"w-100 d-none d-lg-block img-pc main-banner-img\" alt=\"Rooksbet banner desktop\" fetchpriority=\"high\" decoding=\"async\"><img src=\"https:\/\/rooks-bet.org\/wp-content\/uploads\/2026\/02\/Rooksbet-banner-mobile.webp\" class=\"w-100 d-none d-md-block d-lg-none main-banner-img\" alt=\"Rooksbet banner mobile\" fetchpriority=\"high\" decoding=\"async\"><img src=\"https:\/\/rooks-bet.org\/wp-content\/uploads\/2026\/02\/Rooksbet-banner-mobile.webp\" class=\"w-100 d-md-none\" alt=\"Rooksbet banner mobile\" fetchpriority=\"high\" decoding=\"async\"><div class=\"banner-description\">\n<div class=\"banner-title\">Bonusy powitalne<\/div>\n<p class=\"banner-header-title\">1500 \u20ac<\/p>\n<div class=\"banner-header-AdditionalText\">+ 250 Darmowe spiny<\/div>\n<button data-item=\"homepage_banner_link\" class=\"goto m-button m-gradient-border m-button--primary m-button--large banner-button btn-orange\">\n            <div class=\"m-button-content\">\n                <span>Zarejestruj si\u0119 teraz<\/span>\n                <span><\/span>\n            <\/div>\n        <\/button>\n<\/div>\n<div class=\"WelcomePack\">\n<p><img loading=\"lazy\" decoding=\"async\" class=\"alignnone size-full wp-image-1561\" src=\"https:\/\/rooks-bet.org\/wp-content\/uploads\/2026\/02\/welcome-crown.png\" alt=\"welcome-crown\" width=\"25\" height=\"26\" \/><\/p>\n<div class=\"WelcomePack-Info\">Cotygodniowy zwrot got\u00f3wki do 25%<\/div>\n<p><img loading=\"lazy\" decoding=\"async\" class=\"alignnone size-full wp-image-1561\" src=\"https:\/\/rooks-bet.org\/wp-content\/uploads\/2026\/02\/welcome-crown.png\" alt=\"welcome-crown\" width=\"25\" height=\"26\" \/><\/p>\n<\/div>\n<\/div><div class=\"scrollable-content-wrap my-5\"><div class=\"scrollable-content-inner\"><h2>Procedura rejestracji w Rooksbet<\/h2>\n<p>Rejestracja w Rooks Bet Casino zapewnia dost\u0119p do wszystkich funkcji platformy. Tylko zarejestrowani u\u017cytkownicy mog\u0105 gra\u0107 w gry, wp\u0142aca\u0107 \u015brodki i wnioskowa\u0107 o wyp\u0142aty. Utworzenie konta pozwala zarz\u0105dza\u0107 profilem osobistym i ustawieniami bezpiecze\u0144stwa. Po rejestracji mo\u017cna aktualizowa\u0107 swoje dane, zmienia\u0107 has\u0142o i w\u0142\u0105cza\u0107 dodatkowe zabezpieczenia, takie jak uwierzytelnianie dwusk\u0142adnikowe. Na koncie dost\u0119pne s\u0105 narz\u0119dzia odpowiedzialnej gry, takie jak limity wp\u0142at i kontrola czasu sesji. Nowi gracze mog\u0105 r\u00f3wnie\u017c uzyska\u0107 dost\u0119p do ofert powitalnych po rejestracji, zako\u0144czeniu procesu logowania do Rooksbet i dokonaniu odpowiedniej wp\u0142aty.<\/p>\n<p>Jak zarejestrowa\u0107 si\u0119 w Rooksbet:<\/p>\n<ol>\n<li>Na pocz\u0105tek nale\u017cy klikn\u0105\u0107 przycisk \u201eZarejestruj si\u0119\u201d na stronie g\u0142\u00f3wnej.<\/li>\n<li>Nast\u0119pnie nale\u017cy wprowadzi\u0107 adres e-mail i utworzy\u0107 bezpieczne has\u0142o.<\/li>\n<li>Nast\u0119pnie nale\u017cy potwierdzi\u0107, \u017ce akceptujesz Warunki i Polityk\u0119 prywatno\u015bci.<\/li>\n<li>Na koniec nale\u017cy zweryfikowa\u0107 swoje konto, korzystaj\u0105c z linku potwierdzaj\u0105cego wys\u0142anego na adres e-mail.<\/li>\n<\/ol>\n<h2>Kroki logowania do Rooksbet<\/h2>\n<p>Aby uzyska\u0107 dost\u0119p do wszystkich funkcji Rooksbet, nale\u017cy zalogowa\u0107 si\u0119 na swoje konto. Tylko autoryzowani u\u017cytkownicy mog\u0105 zarz\u0105dza\u0107 \u015brodkami i aktywowa\u0107 bonusy. Po zalogowaniu platforma otworzy osobisty panel sterowania zawieraj\u0105cy wszystkie narz\u0119dzia i ustawienia konta. Po zako\u0144czeniu procesu logowania do Rooksbet dost\u0119pnych b\u0119dzie ponad 6 000 gier na naszej platformie.<\/p>\n<p>Aby si\u0119 zalogowa\u0107, najpierw kliknij przycisk \u201eZaloguj si\u0119\u201d. Nast\u0119pnie musisz wprowadzi\u0107 adres e-mail i has\u0142o powi\u0105zane z Twoim kontem. Nast\u0119pnie nale\u017cy potwierdzi\u0107 t\u0119 czynno\u015b\u0107, a proces logowania do Rooksbet zostanie zako\u0144czony. Je\u015bli zapomnia\u0142e\u015b has\u0142a, mo\u017cesz je odzyska\u0107, korzystaj\u0105c z funkcji odzyskiwania. Je\u015bli napotkasz jakiekolwiek trudno\u015bci, nasz wieloj\u0119zyczny zesp\u00f3\u0142 wsparcia technicznego jest dost\u0119pny przez ca\u0142\u0105 dob\u0119, 7 dni w tygodniu, za po\u015brednictwem czatu na \u017cywo lub poczty elektronicznej.<\/p>\n<p>Po zarejestrowaniu si\u0119 i zalogowaniu mo\u017cesz zarz\u0105dza\u0107 wszystkimi sekcjami swojego konta osobistego.<\/p>\n<table>\n<tbody>\n<tr>\n<td>Sekcja interfejsu<\/td>\n<td>G\u0142\u00f3wne funkcje<\/td>\n<td>Opis<\/td>\n<\/tr>\n<tr>\n<td>Historia aktywno\u015bci<\/td>\n<td>Zapisy dotycz\u0105ce gier i transakcji<\/td>\n<td>Pokazuje Twoj\u0105 aktywno\u015b\u0107 zwi\u0105zan\u0105 z zak\u0142adami i operacjami finansowymi.<\/td>\n<\/tr>\n<tr>\n<td>Portfel<\/td>\n<td>Wp\u0142aty, wyp\u0142aty i \u015bledzenie salda<\/td>\n<td>Mo\u017cesz sprawdzi\u0107 saldo i dokonywa\u0107 transakcji.<\/td>\n<\/tr>\n<tr>\n<td>Ustawienia profilu<\/td>\n<td>Dane osobowe i post\u0119py w programie lojalno\u015bciowym<\/td>\n<td>Tutaj mo\u017cesz zmieni\u0107 dane kontaktowe i sprawdzi\u0107 sw\u00f3j status w programie lojalno\u015bciowym.<\/td>\n<\/tr>\n<tr>\n<td>Ustawienia bezpiecze\u0144stwa<\/td>\n<td>Aktualizacja has\u0142a i uwierzytelnianie dwusk\u0142adnikowe<\/td>\n<td>Narz\u0119dzia s\u0142u\u017c\u0105ce do wzmocnienia ochrony konta i \u015bledzenia sesji logowania.<\/td>\n<\/tr>\n<tr>\n<td>Narz\u0119dzia odpowiedzialnej gry<\/td>\n<td>Limity i samowykluczenie<\/td>\n<td>Mo\u017cesz ustawi\u0107 limity lub aktywowa\u0107 okres karencji.<\/td>\n<\/tr>\n<\/tbody>\n<\/table>\n<p><img loading=\"lazy\" decoding=\"async\" class=\"alignnone size-full wp-image-1439\" src=\"https:\/\/rooks-bet.org\/wp-content\/uploads\/Rooksbet-Login.webp\" alt=\"Rooksbet Login\" width=\"1248\" height=\"536\" srcset=\"https:\/\/rooks-bet.org\/wp-content\/uploads\/Rooksbet-Login.webp 1248w, https:\/\/rooks-bet.org\/wp-content\/uploads\/Rooksbet-Login-300x129.webp 300w, https:\/\/rooks-bet.org\/wp-content\/uploads\/Rooksbet-Login-1024x440.webp 1024w, https:\/\/rooks-bet.org\/wp-content\/uploads\/Rooksbet-Login-768x330.webp 768w\" sizes=\"auto, (max-width: 1248px) 100vw, 1248px\" \/><\/p>\n<h2>Ochrona konta<\/h2>\n<p>Kasyno Rooksbet korzysta z najbardziej zaawansowanych technologii bezpiecze\u0144stwa. Wszystkie transfery danych mi\u0119dzy graczem a stron\u0105 internetow\u0105 s\u0105 szyfrowane przy u\u017cyciu protoko\u0142u TLS 1.3 z 256-bitowym szyfrowaniem AES. Platforma dzia\u0142a poprzez bezpieczne po\u0142\u0105czenia HTTPS z wa\u017cnymi certyfikatami TLS.<\/p>\n<p>Nasze protoko\u0142y wymiany kluczy (ECDHE, RSA-2048) zapewniaj\u0105 bezpieczne kana\u0142y komunikacyjne i poufno\u015b\u0107 wszystkich danych. Ochrona kont graczy Rooksbet obejmuje r\u00f3wnie\u017c rygorystyczn\u0105 polityk\u0119 hase\u0142 i uwierzytelnianie dwusk\u0142adnikowe (2FA).<\/p>\n<p>Transakcje finansowe s\u0105 przetwarzane zgodnie ze standardem PCI-DSS przy u\u017cyciu szyfrowania i tokenizacji danych p\u0142atniczych. Wszystkie gry wykorzystuj\u0105 certyfikowane generatory liczb losowych (RNG). Nasze generatory liczb losowych przechodz\u0105 niezale\u017cne testy przeprowadzane przez organizacje takie jak eCOGRA i iTech Labs. Rooks Bet wspiera wysokie standardy bezpiecze\u0144stwa.<\/p>\n<h2>Rooks Bet \u2013 zablokowane lub zawieszone konta<\/h2>\n<p>Kasyno Rooksbet mo\u017ce tymczasowo zablokowa\u0107 lub zawiesi\u0107 konto, je\u015bli system wykryje podejrzan\u0105 aktywno\u015b\u0107. Proces ten pomaga chroni\u0107 graczy i ich transakcje finansowe.<\/p>\n<p>Mo\u017cemy ograniczy\u0107 dost\u0119p do konta, je\u015bli gracz nie przestrzega zasad platformy lub nie uko\u0144czy procesu weryfikacji. Na przyk\u0142ad Twoje konto mo\u017ce zosta\u0107 zawieszone, je\u015bli podasz nieprawid\u0142owe informacje. Konto mo\u017ce r\u00f3wnie\u017c zosta\u0107 zawieszone z powodu braku dokument\u00f3w weryfikacyjnych.<\/p>\n<p>Gracz mo\u017ce r\u00f3wnie\u017c zosta\u0107 zablokowany za:<\/p>\n<ul>\n<li>Utworzenie wielu kont<\/li>\n<li>Pr\u00f3by nadu\u017cycia bonus\u00f3w<\/li>\n<li>Korzystanie z metod p\u0142atno\u015bci nale\u017c\u0105cych do innej osoby<\/li>\n<li>Nietypowe zachowania zwi\u0105zane z obstawianiem zak\u0142ad\u00f3w.<\/li>\n<\/ul>\n<p>Je\u015bli Twoje konto w Rooks Bet Casino zosta\u0142o zablokowane, skontaktuj si\u0119 z obs\u0142ug\u0105 klienta za po\u015brednictwem czatu online lub poczty elektronicznej. Obs\u0142uga klienta przeanalizuje sytuacj\u0119 i mo\u017ce poprosi\u0107 o dodatkowe dokumenty w celu ponownej aktywacji konta. Po weryfikacji, je\u015bli nie zostan\u0105 stwierdzone \u017cadne naruszenia, Twoje konto mo\u017ce zosta\u0107 aktywowane.<\/p>\n<h2>FAQ<\/h2>\n<h3>Co zrobi\u0107, je\u015bli zapomnia\u0142em adresu e-mail u\u017cytego podczas rejestracji?<\/h3>\n<p>Je\u015bli zapomnia\u0142e\u015b adresu e-mail, skontaktuj si\u0119 z zespo\u0142em pomocy technicznej Rooksbet. Pracownicy pomocy technicznej mog\u0105 poprosi\u0107 Ci\u0119 o podanie pewnych informacji, aby upewni\u0107 si\u0119, \u017ce jeste\u015b w\u0142a\u015bcicielem konta. Mog\u0105 na przyk\u0142ad poprosi\u0107 Ci\u0119 o podanie danych dotycz\u0105cych p\u0142atno\u015bci lub innych informacji dotycz\u0105cych konta. Po weryfikacji zesp\u00f3\u0142 pomo\u017ce Ci odzyska\u0107 konto lub zmieni\u0107 dane logowania do Rooksbet.<\/p>\n<h3>Czy logowanie do Rooksbet jest bezpieczne?<\/h3>\n<p>Tak, system logowania Rooksbet wykorzystuje nowoczesne technologie bezpiecze\u0144stwa w celu ochrony kont u\u017cytkownik\u00f3w. Platforma korzysta z szyfrowanych po\u0142\u0105cze\u0144 i bezpiecznych serwer\u00f3w, aby zapewni\u0107 bezpiecze\u0144stwo danych osobowych i finansowych. Gracze mog\u0105 r\u00f3wnie\u017c zwi\u0119kszy\u0107 ochron\u0119 konta, u\u017cywaj\u0105c silnego has\u0142a i w\u0142\u0105czaj\u0105c uwierzytelnianie dwusk\u0142adnikowe.<\/p>\n<h3>Dlaczego system ci\u0105gle mnie wylogowuje?<\/h3>\n<p>System mo\u017ce automatycznie wylogowa\u0107 Ci\u0119 z konta dla Twojego bezpiecze\u0144stwa. Mo\u017ce si\u0119 to zdarzy\u0107, je\u015bli nie logowa\u0142e\u015b si\u0119 przez d\u0142u\u017cszy czas i Twoja sesja wygas\u0142a. Mo\u017ce si\u0119 to r\u00f3wnie\u017c zdarzy\u0107 z powodu niestabilnego po\u0142\u0105czenia internetowego. Mo\u017cesz od\u015bwie\u017cy\u0107 stron\u0119 lub wyczy\u015bci\u0107 pami\u0119\u0107 podr\u0119czn\u0105 przegl\u0105darki.<\/p>\n<\/div><\/div><\/p>\n","protected":false},"excerpt":{"rendered":"<p>Logowanie i rejestracja konta Rooksbet Rooksbet login zapewnia polskim graczom bezpieczny dost\u0119p do konta w kasynie z dowolnego urz\u0105dzenia. Tylko zarejestrowani u\u017cytkownicy mog\u0105 korzysta\u0107 z naszych bonus\u00f3w kasynowych, gra\u0107 i wygrywa\u0107. System autoryzacji dzia\u0142a zar\u00f3wno w przegl\u0105darkach, jak i w aplikacji mobilnej. W kasynie Rooksbet mo\u017cesz szybko si\u0119 zalogowa\u0107 i uzyska\u0107 pe\u0142ny dost\u0119p do wszystkich [&hellip;]<\/p>\n","protected":false},"author":1,"featured_media":0,"parent":0,"menu_order":0,"comment_status":"closed","ping_status":"closed","template":"template-builder.php","meta":{"_acf_changed":false,"inline_featured_image":false,"footnotes":""},"class_list":["post-1480","page","type-page","status-publish","hentry"],"acf":[],"yoast_head":"<!-- This site is optimized with the Yoast SEO plugin v27.3 - https:\/\/yoast.com\/product\/yoast-seo-wordpress\/ -->\n<title>Rooksbet Login &amp; Rejestracja | Bezpieczny Dost\u0119p<\/title>\n<meta name=\"description\" content=\"Rooksbet Login \u2013 zaloguj si\u0119 bezpiecznie lub utw\u00f3rz konto w kilka sekund z szyfrowanym dost\u0119pem i szybk\u0105 weryfikacj\u0105. Zarz\u0105dzaj odzyskiwaniem has\u0142a, ustawieniami profilu i narz\u0119dziami konta \u0142atwo w Rooks Bet.\" \/>\n<meta name=\"robots\" content=\"index, follow, max-snippet:-1, max-image-preview:large, max-video-preview:-1\" \/>\n<link rel=\"canonical\" href=\"https:\/\/rooks-bet.org\/pl\/logowanie-i-rejestracja\/\" \/>\n<meta property=\"og:locale\" content=\"pl_PL\" \/>\n<meta property=\"og:type\" content=\"article\" \/>\n<meta property=\"og:title\" content=\"Rooksbet Login &amp; Rejestracja | Bezpieczny Dost\u0119p\" \/>\n<meta property=\"og:description\" content=\"Rooksbet Login \u2013 zaloguj si\u0119 bezpiecznie lub utw\u00f3rz konto w kilka sekund z szyfrowanym dost\u0119pem i szybk\u0105 weryfikacj\u0105. Zarz\u0105dzaj odzyskiwaniem has\u0142a, ustawieniami profilu i narz\u0119dziami konta \u0142atwo w Rooks Bet.\" \/>\n<meta property=\"og:url\" content=\"https:\/\/rooks-bet.org\/pl\/logowanie-i-rejestracja\/\" \/>\n<meta property=\"og:site_name\" content=\"rooksbet\" \/>\n<meta property=\"article:modified_time\" content=\"2026-03-13T11:35:16+00:00\" \/>\n<meta name=\"twitter:card\" content=\"summary_large_image\" \/>\n<meta name=\"twitter:label1\" content=\"Est. reading time\" \/>\n\t<meta name=\"twitter:data1\" content=\"1 minute\" \/>\n<script type=\"application\/ld+json\" class=\"yoast-schema-graph\">{\"@context\":\"https:\\\/\\\/schema.org\",\"@graph\":[{\"@type\":\"WebPage\",\"@id\":\"https:\\\/\\\/rooks-bet.org\\\/pl\\\/logowanie-i-rejestracja\\\/\",\"url\":\"https:\\\/\\\/rooks-bet.org\\\/pl\\\/logowanie-i-rejestracja\\\/\",\"name\":\"Rooksbet Login & Rejestracja | Bezpieczny Dost\u0119p\",\"isPartOf\":{\"@id\":\"https:\\\/\\\/rooks-bet.org\\\/pl\\\/#website\"},\"datePublished\":\"2026-03-13T07:01:04+00:00\",\"dateModified\":\"2026-03-13T11:35:16+00:00\",\"description\":\"Rooksbet Login \u2013 zaloguj si\u0119 bezpiecznie lub utw\u00f3rz konto w kilka sekund z szyfrowanym dost\u0119pem i szybk\u0105 weryfikacj\u0105. Zarz\u0105dzaj odzyskiwaniem has\u0142a, ustawieniami profilu i narz\u0119dziami konta \u0142atwo w Rooks Bet.\",\"breadcrumb\":{\"@id\":\"https:\\\/\\\/rooks-bet.org\\\/pl\\\/logowanie-i-rejestracja\\\/#breadcrumb\"},\"inLanguage\":\"pl-PL\",\"potentialAction\":[{\"@type\":\"ReadAction\",\"target\":[\"https:\\\/\\\/rooks-bet.org\\\/pl\\\/logowanie-i-rejestracja\\\/\"]}]},{\"@type\":\"BreadcrumbList\",\"@id\":\"https:\\\/\\\/rooks-bet.org\\\/pl\\\/logowanie-i-rejestracja\\\/#breadcrumb\",\"itemListElement\":[{\"@type\":\"ListItem\",\"position\":1,\"name\":\"Rooksbet\",\"item\":\"https:\\\/\\\/rooks-bet.org\\\/pl\\\/\"},{\"@type\":\"ListItem\",\"position\":2,\"name\":\"Logowanie i rejestracja\"}]},{\"@type\":\"WebSite\",\"@id\":\"https:\\\/\\\/rooks-bet.org\\\/pl\\\/#website\",\"url\":\"https:\\\/\\\/rooks-bet.org\\\/pl\\\/\",\"name\":\"Rooksbet\",\"description\":\"\",\"publisher\":{\"@id\":\"https:\\\/\\\/rooks-bet.org\\\/pl\\\/#organization\"},\"potentialAction\":[{\"@type\":\"SearchAction\",\"target\":{\"@type\":\"EntryPoint\",\"urlTemplate\":\"https:\\\/\\\/rooks-bet.org\\\/pl\\\/?s={search_term_string}\"},\"query-input\":{\"@type\":\"PropertyValueSpecification\",\"valueRequired\":true,\"valueName\":\"search_term_string\"}}],\"inLanguage\":\"pl-PL\"},{\"@type\":\"Organization\",\"@id\":\"https:\\\/\\\/rooks-bet.org\\\/pl\\\/#organization\",\"name\":\"Rooksbet\",\"url\":\"https:\\\/\\\/rooks-bet.org\\\/pl\\\/\",\"logo\":{\"@type\":\"ImageObject\",\"inLanguage\":\"pl-PL\",\"@id\":\"https:\\\/\\\/rooks-bet.org\\\/pl\\\/#\\\/schema\\\/logo\\\/image\\\/\",\"url\":\"https:\\\/\\\/rooks-bet.org\\\/wp-content\\\/uploads\\\/2026\\\/02\\\/Rooksbet-logo-Desktop.png\",\"contentUrl\":\"https:\\\/\\\/rooks-bet.org\\\/wp-content\\\/uploads\\\/2026\\\/02\\\/Rooksbet-logo-Desktop.png\",\"width\":167,\"height\":44,\"caption\":\"Rooksbet\"},\"image\":{\"@id\":\"https:\\\/\\\/rooks-bet.org\\\/pl\\\/#\\\/schema\\\/logo\\\/image\\\/\"}}]}<\/script>\n<!-- \/ Yoast SEO plugin. -->","yoast_head_json":{"title":"Rooksbet Login & Rejestracja | Bezpieczny Dost\u0119p","description":"Rooksbet Login \u2013 zaloguj si\u0119 bezpiecznie lub utw\u00f3rz konto w kilka sekund z szyfrowanym dost\u0119pem i szybk\u0105 weryfikacj\u0105. Zarz\u0105dzaj odzyskiwaniem has\u0142a, ustawieniami profilu i narz\u0119dziami konta \u0142atwo w Rooks Bet.","robots":{"index":"index","follow":"follow","max-snippet":"max-snippet:-1","max-image-preview":"max-image-preview:large","max-video-preview":"max-video-preview:-1"},"canonical":"https:\/\/rooks-bet.org\/pl\/logowanie-i-rejestracja\/","og_locale":"pl_PL","og_type":"article","og_title":"Rooksbet Login & Rejestracja | Bezpieczny Dost\u0119p","og_description":"Rooksbet Login \u2013 zaloguj si\u0119 bezpiecznie lub utw\u00f3rz konto w kilka sekund z szyfrowanym dost\u0119pem i szybk\u0105 weryfikacj\u0105. Zarz\u0105dzaj odzyskiwaniem has\u0142a, ustawieniami profilu i narz\u0119dziami konta \u0142atwo w Rooks Bet.","og_url":"https:\/\/rooks-bet.org\/pl\/logowanie-i-rejestracja\/","og_site_name":"rooksbet","article_modified_time":"2026-03-13T11:35:16+00:00","twitter_card":"summary_large_image","twitter_misc":{"Est. reading time":"1 minute"},"schema":{"@context":"https:\/\/schema.org","@graph":[{"@type":"WebPage","@id":"https:\/\/rooks-bet.org\/pl\/logowanie-i-rejestracja\/","url":"https:\/\/rooks-bet.org\/pl\/logowanie-i-rejestracja\/","name":"Rooksbet Login & Rejestracja | Bezpieczny Dost\u0119p","isPartOf":{"@id":"https:\/\/rooks-bet.org\/pl\/#website"},"datePublished":"2026-03-13T07:01:04+00:00","dateModified":"2026-03-13T11:35:16+00:00","description":"Rooksbet Login \u2013 zaloguj si\u0119 bezpiecznie lub utw\u00f3rz konto w kilka sekund z szyfrowanym dost\u0119pem i szybk\u0105 weryfikacj\u0105. Zarz\u0105dzaj odzyskiwaniem has\u0142a, ustawieniami profilu i narz\u0119dziami konta \u0142atwo w Rooks Bet.","breadcrumb":{"@id":"https:\/\/rooks-bet.org\/pl\/logowanie-i-rejestracja\/#breadcrumb"},"inLanguage":"pl-PL","potentialAction":[{"@type":"ReadAction","target":["https:\/\/rooks-bet.org\/pl\/logowanie-i-rejestracja\/"]}]},{"@type":"BreadcrumbList","@id":"https:\/\/rooks-bet.org\/pl\/logowanie-i-rejestracja\/#breadcrumb","itemListElement":[{"@type":"ListItem","position":1,"name":"Rooksbet","item":"https:\/\/rooks-bet.org\/pl\/"},{"@type":"ListItem","position":2,"name":"Logowanie i rejestracja"}]},{"@type":"WebSite","@id":"https:\/\/rooks-bet.org\/pl\/#website","url":"https:\/\/rooks-bet.org\/pl\/","name":"Rooksbet","description":"","publisher":{"@id":"https:\/\/rooks-bet.org\/pl\/#organization"},"potentialAction":[{"@type":"SearchAction","target":{"@type":"EntryPoint","urlTemplate":"https:\/\/rooks-bet.org\/pl\/?s={search_term_string}"},"query-input":{"@type":"PropertyValueSpecification","valueRequired":true,"valueName":"search_term_string"}}],"inLanguage":"pl-PL"},{"@type":"Organization","@id":"https:\/\/rooks-bet.org\/pl\/#organization","name":"Rooksbet","url":"https:\/\/rooks-bet.org\/pl\/","logo":{"@type":"ImageObject","inLanguage":"pl-PL","@id":"https:\/\/rooks-bet.org\/pl\/#\/schema\/logo\/image\/","url":"https:\/\/rooks-bet.org\/wp-content\/uploads\/2026\/02\/Rooksbet-logo-Desktop.png","contentUrl":"https:\/\/rooks-bet.org\/wp-content\/uploads\/2026\/02\/Rooksbet-logo-Desktop.png","width":167,"height":44,"caption":"Rooksbet"},"image":{"@id":"https:\/\/rooks-bet.org\/pl\/#\/schema\/logo\/image\/"}}]}},"_links":{"self":[{"href":"https:\/\/rooks-bet.org\/pl\/wp-json\/wp\/v2\/pages\/1480","targetHints":{"allow":["GET"]}}],"collection":[{"href":"https:\/\/rooks-bet.org\/pl\/wp-json\/wp\/v2\/pages"}],"about":[{"href":"https:\/\/rooks-bet.org\/pl\/wp-json\/wp\/v2\/types\/page"}],"author":[{"embeddable":true,"href":"https:\/\/rooks-bet.org\/pl\/wp-json\/wp\/v2\/users\/1"}],"replies":[{"embeddable":true,"href":"https:\/\/rooks-bet.org\/pl\/wp-json\/wp\/v2\/comments?post=1480"}],"version-history":[{"count":2,"href":"https:\/\/rooks-bet.org\/pl\/wp-json\/wp\/v2\/pages\/1480\/revisions"}],"predecessor-version":[{"id":1785,"href":"https:\/\/rooks-bet.org\/pl\/wp-json\/wp\/v2\/pages\/1480\/revisions\/1785"}],"wp:attachment":[{"href":"https:\/\/rooks-bet.org\/pl\/wp-json\/wp\/v2\/media?parent=1480"}],"curies":[{"name":"wp","href":"https:\/\/api.w.org\/{rel}","templated":true}]}}