{"id":1438,"date":"2026-03-13T06:48:53","date_gmt":"2026-03-13T06:48:53","guid":{"rendered":"https:\/\/rooks-bet.org\/app\/"},"modified":"2026-03-13T11:26:30","modified_gmt":"2026-03-13T11:26:30","slug":"aplikacja","status":"publish","type":"page","link":"https:\/\/rooks-bet.org\/pl\/aplikacja\/","title":{"rendered":"Aplikacja"},"content":{"rendered":"<h1>Platforma mobilna Rooksbet<\/h1>\n<p>Rooksbet app umo\u017cliwia graczom z Polski natychmiastowy dost\u0119p do kasyna z telefonu. Nasz\u0105 aplikacj\u0119 mo\u017cna pobra\u0107 jednym klikni\u0119ciem i oferuje ona \u0142atw\u0105 nawigacj\u0119 do dowolnej sekcji mobilnego kasyna. Aplikacja Rooksbet dzia\u0142a na ka\u017cdym smartfonie lub tablecie z systemem Android lub iOS. Oprogramowanie mobilne instaluje si\u0119 szybko za po\u015brednictwem przegl\u0105darki mobilnej i nie wymaga \u017cadnych zewn\u0119trznych pobra\u0144. W naszej aplikacji mobilnej wykorzystujemy najnowsz\u0105 technologi\u0119.<\/p>\n<div class=\"banner-wrap\" aria-label=\"Banner\"><img src=\"https:\/\/rooks-bet.org\/wp-content\/uploads\/2026\/02\/Rooksbet-banner-desktop.webp\" class=\"w-100 d-none d-lg-block img-pc main-banner-img\" alt=\"Rooksbet banner desktop\" fetchpriority=\"high\" decoding=\"async\"><img src=\"https:\/\/rooks-bet.org\/wp-content\/uploads\/2026\/02\/Rooksbet-banner-mobile.webp\" class=\"w-100 d-none d-md-block d-lg-none main-banner-img\" alt=\"Rooksbet banner mobile\" fetchpriority=\"high\" decoding=\"async\"><img src=\"https:\/\/rooks-bet.org\/wp-content\/uploads\/2026\/02\/Rooksbet-banner-mobile.webp\" class=\"w-100 d-md-none\" alt=\"Rooksbet banner mobile\" fetchpriority=\"high\" decoding=\"async\"><div class=\"banner-description\">\n<div class=\"banner-title\">Bonusy powitalne<\/div>\n<p class=\"banner-header-title\">1500 \u20ac<\/p>\n<div class=\"banner-header-AdditionalText\">+ 250 Darmowe spiny<\/div>\n<button data-item=\"homepage_banner_link\" class=\"goto m-button m-gradient-border m-button--primary m-button--large banner-button btn-orange\">\n            <div class=\"m-button-content\">\n                <span>Zarejestruj si\u0119 teraz<\/span>\n                <span><\/span>\n            <\/div>\n        <\/button>\n<\/div>\n<div class=\"WelcomePack\">\n<p><img loading=\"lazy\" decoding=\"async\" class=\"alignnone size-full wp-image-1561\" src=\"https:\/\/rooks-bet.org\/wp-content\/uploads\/2026\/02\/welcome-crown.png\" alt=\"welcome-crown\" width=\"25\" height=\"26\" \/><\/p>\n<div class=\"WelcomePack-Info\">Cotygodniowy zwrot got\u00f3wki do 25%<\/div>\n<p><img loading=\"lazy\" decoding=\"async\" class=\"alignnone size-full wp-image-1561\" src=\"https:\/\/rooks-bet.org\/wp-content\/uploads\/2026\/02\/welcome-crown.png\" alt=\"welcome-crown\" width=\"25\" height=\"26\" \/><\/p>\n<\/div>\n<\/div>\n<h2>Funkcje aplikacji Rooksbet<\/h2>\n<p>Nasi programi\u015bci stworzyli aplikacj\u0119 Rooks Bet z pe\u0142nym dost\u0119pem do kasyna bez utraty funkcjonalno\u015bci. Nasza aplikacja pozwala na wykonywanie wszystkich tych samych czynno\u015bci, co w wersji na komputery PC. Format mobilny u\u0142atwia prze\u0142\u0105czanie si\u0119 mi\u0119dzy sekcjami platformy. G\u0142\u00f3wn\u0105 zalet\u0105 wersji na komputery PC jest du\u017cy interfejs wizualny, natomiast wersja mobilna jest bardziej elastyczna. Gracze Rooksbet mog\u0105 prze\u0142\u0105cza\u0107 si\u0119 mi\u0119dzy urz\u0105dzeniami bez utraty dost\u0119pu do swoich post\u0119p\u00f3w.<\/p>\n<table>\n<tbody>\n<tr>\n<td>Funkcja<\/td>\n<td>Jak to dzia\u0142a<\/td>\n<td>Zalety dla gracza<\/td>\n<\/tr>\n<tr>\n<td>Interfejs zoptymalizowany pod k\u0105tem obs\u0142ugi dotykowej<\/td>\n<td>Menu i przyciski s\u0105 dostosowane do obs\u0142ugi ekranu dotykowego<\/td>\n<td>\u0141atwiejsza nawigacja na smartfonach i tabletach<\/td>\n<\/tr>\n<tr>\n<td>Dost\u0119p jednym dotkni\u0119ciem<\/td>\n<td>Szybkie logowanie i bezpo\u015bredni dost\u0119p z ekranu g\u0142\u00f3wnego<\/td>\n<td>Szybsze logowanie w por\u00f3wnaniu z uruchamianiem przegl\u0105darki na komputerze stacjonarnym<\/td>\n<\/tr>\n<tr>\n<td>Automatyczne aktualizacje<\/td>\n<td>Dzia\u0142a poprzez aktualizacje systemu oparte na przegl\u0105darce<\/td>\n<td>Nie wymaga r\u0119cznego pobierania<\/td>\n<\/tr>\n<tr>\n<td>Pe\u0142ne zarz\u0105dzanie kontem<\/td>\n<td>Obs\u0142uguje wp\u0142aty, wyp\u0142aty i weryfikacj\u0119<\/td>\n<td>Takie same mo\u017cliwo\u015bci kontroli jak na komputerze PC<\/td>\n<\/tr>\n<tr>\n<td>Przeno\u015bny dost\u0119p<\/td>\n<td>Dzia\u0142a w sieciach kom\u00f3rkowych i Wi-Fi<\/td>\n<td>Graj z dowolnego miejsca<\/td>\n<\/tr>\n<\/tbody>\n<\/table>\n<p><div class=\"scrollable-content-wrap my-5\"><div class=\"scrollable-content-inner\"><h2>Aplikacja Rooksbet dla systemu Android<\/h2>\n<p>Aplikacja Rooksbet dzia\u0142a na wszystkich telefonach i tabletach z systemem Android. Obs\u0142uguje smartfony i tablety o dowolnym rozmiarze ekranu i wersji systemu. Nasze oprogramowanie dla systemu Android umo\u017cliwia korzystanie ze wszystkich gier i funkcji konta. Nasza aplikacja dla systemu Android szybko \u0142aduje ka\u017cd\u0105 sekcj\u0119 kasyna Rooksbet. Interfejs dostosowuje si\u0119 do wy\u015bwietlaczy Android i szybko \u0142aduje wszystkie sekcje.<\/p>\n<h3>Rozwi\u0105zanie PWA Rooksbet<\/h3>\n<p>Kasyno Rooksbet wykorzystuje technologi\u0119 progresywnych aplikacji internetowych (PWA) zamiast pobierania pliku APK. Nie ma potrzeby instalowania oddzielnego pakietu z zewn\u0119trznych \u017ar\u00f3de\u0142. PWA kasyna Rooksbet dzia\u0142a w przegl\u0105darce i jest dodawane do ekranu g\u0142\u00f3wnego. Aktualizuje si\u0119 automatycznie przy ka\u017cdym otwarciu, dzi\u0119ki czemu zawsze korzystasz z najnowszej wersji. Korzystanie z PWA poprawia bezpiecze\u0144stwo i zmniejsza zu\u017cycie pami\u0119ci.<\/p>\n<p>Instalacja jest prosta. Otw\u00f3rz stron\u0119 internetow\u0105 Rooksbet w przegl\u0105darce. Wybierz \u201eDodaj do ekranu g\u0142\u00f3wnego\u201d. Ikona aplikacji pojawi si\u0119 natychmiast.<\/p>\n<p>Zalety Rooksbet Casino PWA:<\/p>\n<ul>\n<li>Nie trzeba pobiera\u0107 pliku APK<\/li>\n<li>Szybkie \u0142adowanie<\/li>\n<li>Niskie zu\u017cycie pami\u0119ci<\/li>\n<li>Automatyczne aktualizacje<\/li>\n<li>Szyfrowane po\u0142\u0105czenie<\/li>\n<li>Powiadomienia push<\/li>\n<li>Dzia\u0142a z wieloma urz\u0105dzeniami z systemem Android<\/li>\n<\/ul>\n<p><img loading=\"lazy\" decoding=\"async\" class=\"alignnone wp-image-1410 size-full\" src=\"https:\/\/rooks-bet.org\/wp-content\/uploads\/Rooksbet-Android-App.webp\" alt=\"Rooksbet Android App\" width=\"1248\" height=\"536\" srcset=\"https:\/\/rooks-bet.org\/wp-content\/uploads\/Rooksbet-Android-App.webp 1248w, https:\/\/rooks-bet.org\/wp-content\/uploads\/Rooksbet-Android-App-300x129.webp 300w, https:\/\/rooks-bet.org\/wp-content\/uploads\/Rooksbet-Android-App-1024x440.webp 1024w, https:\/\/rooks-bet.org\/wp-content\/uploads\/Rooksbet-Android-App-768x330.webp 768w\" sizes=\"auto, (max-width: 1248px) 100vw, 1248px\" \/><\/p>\n<\/div><\/div><div style=\"clear: both\"><\/div><div class=\"d-flex justify-content-center\"><button data-item=\"decouvrez_link\" data-group=\"website_links\" class=\"goto fw-bold rounded-pill btn btn-orange\" aria-label=\"Pobierz aplikacj\u0119 Rooksbet\" >Pobierz aplikacj\u0119 Rooksbet<\/button><\/div><div class=\"scrollable-content-wrap my-5\"><div class=\"scrollable-content-inner\"><h2>Aplikacja Rooksbet \u2013 iOS<\/h2>\n<p>Aplikacja Rooksbet na iOS jest dostosowana do urz\u0105dze\u0144 iPhone i iPad. Dzia\u0142a poprzez przegl\u0105dark\u0119 Safari jako aplikacja internetowa. Nie ma potrzeby pobierania oprogramowania z App Store. Ten format zapewnia szybszy dost\u0119p do kasyna Rooksbet, z dost\u0119pem do gier i funkcji platformy.<\/p>\n<p>Interfejs jest zoptymalizowany pod k\u0105tem ekran\u00f3w iOS i sterowania dotykowego. Gracze mog\u0105 r\u00f3wnie\u017c otrzymywa\u0107 powiadomienia o aktualizacjach. Zalet\u0105 naszej aplikacji jest to, \u017ce wysy\u0142a powiadomienia. Mo\u017cesz jako pierwszy dowiedzie\u0107 si\u0119 o nowych turniejach lub swoim miejscu w rankingach. Wersje na komputery PC i przegl\u0105darki nie wysy\u0142aj\u0105 powiadomie\u0144. Po instalacji ikona aplikacji Rooksbet Casino pojawia si\u0119 na ekranie g\u0142\u00f3wnym, umo\u017cliwiaj\u0105c szybki dost\u0119p.<\/p>\n<p>Jak zainstalowa\u0107 aplikacj\u0119 Rooks Bet na iOS:<\/p>\n<ol>\n<li>Na pocz\u0105tek nale\u017cy otworzy\u0107 stron\u0119 internetow\u0105 Rooksbet Casino w przegl\u0105darce Safari.<\/li>\n<li>Nast\u0119pnie nale\u017cy klikn\u0105\u0107 ikon\u0119 \u201eUdost\u0119pnij\u201d u do\u0142u ekranu.<\/li>\n<li>Nast\u0119pnie nale\u017cy wybra\u0107 opcj\u0119 \u201eDodaj do ekranu g\u0142\u00f3wnego\u201d i potwierdzi\u0107.<\/li>\n<\/ol>\n<p>Ikona naszej aplikacji pojawi si\u0119 na Twoim urz\u0105dzeniu. Mo\u017cesz uzyska\u0107 dost\u0119p do swojego konta w dowolnym momencie za pomoc\u0105 jednego klikni\u0119cia.<\/p>\n<p><img loading=\"lazy\" decoding=\"async\" src=\"https:\/\/rooks-bet.org\/wp-content\/uploads\/Rooksbet-iOS-App.webp\" alt=\"Rooksbet iOS App\" width=\"1248\" height=\"536\" \/><\/p>\n<\/div><\/div><div style=\"clear: both\"><\/div><div class=\"d-flex justify-content-center\"><button data-item=\"decouvrez_link\" data-group=\"website_links\" class=\"goto fw-bold rounded-pill btn btn-orange\" aria-label=\"Pobierz aplikacj\u0119 Rooksbet\" >Pobierz aplikacj\u0119 Rooksbet<\/button><\/div><div class=\"scrollable-content-wrap my-5\"><div class=\"scrollable-content-inner\"><h2>Rooks Bet Casino \u2013 wersja na komputery stacjonarne<\/h2>\n<p>Kasyno Rooksbet jest dost\u0119pne na komputery stacjonarne bez konieczno\u015bci instalowania \u017cadnego oprogramowania. Wersja na komputery stacjonarne zapewnia graczom pe\u0142n\u0105 funkcjonalno\u015b\u0107 platformy z ponad 6 000 grami. Wszystkie sekcje s\u0105 dost\u0119pne z g\u0142\u00f3wnego menu nawigacyjnego.<\/p>\n<p>Interfejs jest dostosowany do du\u017cych ekran\u00f3w, co jest wygodne w przypadku gier z krupierami na \u017cywo. W Rooks Bet Casino na PC gracze mog\u0105 przegl\u0105da\u0107 szczeg\u00f3\u0142owe informacje o grach, warunkach bonus\u00f3w i historii transakcji. Wersja na komputery stacjonarne obs\u0142uguje proces weryfikacji konta i wnioski o wyp\u0142at\u0119 \u015brodk\u00f3w. U\u017cytkownicy mog\u0105 r\u00f3wnie\u017c utworzy\u0107 skr\u00f3t w przegl\u0105darce, aby uzyska\u0107 bezpo\u015bredni dost\u0119p z pulpitu. Pozwala to uruchomi\u0107 kasyno online jednym klikni\u0119ciem, bez konieczno\u015bci r\u0119cznego wprowadzania danych.<\/p>\n<h2>Obs\u0142ugiwane przegl\u0105darki<\/h2>\n<p>Gracze mog\u0105 uzyska\u0107 dost\u0119p do platformy na dowolnym urz\u0105dzeniu za po\u015brednictwem obs\u0142ugiwanych przegl\u0105darek internetowych. Kasyno Rooksbet dzia\u0142a na praktycznie wszystkich nowoczesnych przegl\u0105darkach internetowych. Gracze mog\u0105 uzyska\u0107 dost\u0119p do kasyna bez instalowania \u017cadnego oprogramowania. Obs\u0142ugujemy najnowsze wersje nast\u0119puj\u0105cych przegl\u0105darek:<\/p>\n<ul>\n<li>Google Chrome<\/li>\n<li>Opera<\/li>\n<li>Safari<\/li>\n<li>Microsoft Edge<\/li>\n<li>Mozilla Firefox<\/li>\n<\/ul>\n<p>Aby przyspieszy\u0107 \u0142adowanie strony, zalecamy korzystanie z najnowszej wersji przegl\u0105darki. Strona automatycznie dostosowuje si\u0119 do przegl\u0105darek i rozmiar\u00f3w ekran\u00f3w. Wszystkie funkcje Rooksbet Casino dzia\u0142aj\u0105 stabilnie we wszystkich obs\u0142ugiwanych przegl\u0105darkach.<\/p>\n<p><img loading=\"lazy\" decoding=\"async\" src=\"https:\/\/rooks-bet.org\/wp-content\/uploads\/Rooksbet-Desktop.webp\" alt=\"Rooksbet Desktop\" width=\"1248\" height=\"536\" \/><\/p>\n<\/div><\/div><div style=\"clear: both\"><\/div><div class=\"d-flex justify-content-center\"><button data-item=\"decouvrez_link\" data-group=\"website_links\" class=\"goto fw-bold rounded-pill btn btn-orange\" aria-label=\"Pobierz aplikacj\u0119 Rooksbet\" >Pobierz aplikacj\u0119 Rooksbet<\/button><\/div><div class=\"scrollable-content-wrap my-5\"><div class=\"scrollable-content-inner\"><h2>FAQ<\/h2>\n<h3>Jak zaktualizowa\u0107 aplikacj\u0119 do najnowszej wersji?<\/h3>\n<p>Nie musisz r\u0119cznie aktualizowa\u0107 aplikacji Rooksbet. Oprogramowanie dzia\u0142a jako aplikacja internetowa. Aktualizuje si\u0119 automatycznie przy ka\u017cdym otwarciu w przegl\u0105darce. Aby upewni\u0107 si\u0119, \u017ce korzystasz z najnowszej wersji, od\u015bwie\u017c stron\u0119 lub zamknij i ponownie otw\u00f3rz aplikacj\u0119. Dzi\u0119ki naszej aplikacji internetowej masz pewno\u015b\u0107, \u017ce korzystasz z najnowszej wersji, kt\u00f3ra zapewnia lepsze wra\u017cenia z gry.<\/p>\n<h3>Czy mog\u0119 korzysta\u0107 z aplikacji na tablecie?<\/h3>\n<p>Tak, aplikacja Rooksbet dzia\u0142a na tabletach. Obs\u0142uguje zar\u00f3wno tablety z systemem Android, jak i iOS. Interfejs dostosowuje si\u0119 automatycznie do wi\u0119kszych ekran\u00f3w. Dost\u0119pne s\u0105 wszystkie automaty online, gry sto\u0142owe, gry z krupierem na \u017cywo i promocje. Mo\u017cesz zainstalowa\u0107 j\u0105 na komputerze w taki sam spos\u00f3b, jak na telefonie.<\/p>\n<h3>Co nale\u017cy zrobi\u0107, je\u015bli aplikacja ulegnie awarii lub nie \u0142aduje si\u0119 prawid\u0142owo?<\/h3>\n<p>Najpierw nale\u017cy sprawdzi\u0107 po\u0142\u0105czenie internetowe. Nast\u0119pnie mo\u017cna spr\u00f3bowa\u0107 od\u015bwie\u017cy\u0107 stron\u0119 lub ponownie otworzy\u0107 aplikacj\u0119 Rooks Bet. Pomocne mo\u017ce by\u0107 r\u00f3wnie\u017c wyczyszczenie pami\u0119ci podr\u0119cznej przegl\u0105darki. Ponadto przegl\u0105darka powinna by\u0107 zaktualizowana do najnowszej wersji. Je\u015bli problem nadal wyst\u0119puje, mo\u017cna skontaktowa\u0107 si\u0119 z naszym zespo\u0142em pomocy technicznej w celu uzyskania pomocy. Mo\u017cna do nas napisa\u0107 za po\u015brednictwem czatu na \u017cywo dost\u0119pnego 24 godziny na dob\u0119, 7 dni w tygodniu lub poczt\u0105 elektroniczn\u0105.<\/p>\n<\/div><\/div><\/p>\n","protected":false},"excerpt":{"rendered":"<p>Platforma mobilna Rooksbet Rooksbet app umo\u017cliwia graczom z Polski natychmiastowy dost\u0119p do kasyna z telefonu. Nasz\u0105 aplikacj\u0119 mo\u017cna pobra\u0107 jednym klikni\u0119ciem i oferuje ona \u0142atw\u0105 nawigacj\u0119 do dowolnej sekcji mobilnego kasyna. Aplikacja Rooksbet dzia\u0142a na ka\u017cdym smartfonie lub tablecie z systemem Android lub iOS. Oprogramowanie mobilne instaluje si\u0119 szybko za po\u015brednictwem przegl\u0105darki mobilnej i nie [&hellip;]<\/p>\n","protected":false},"author":1,"featured_media":0,"parent":0,"menu_order":0,"comment_status":"closed","ping_status":"closed","template":"template-builder.php","meta":{"_acf_changed":false,"inline_featured_image":false,"footnotes":""},"class_list":["post-1438","page","type-page","status-publish","hentry"],"acf":[],"yoast_head":"<!-- This site is optimized with the Yoast SEO plugin v27.3 - https:\/\/yoast.com\/product\/yoast-seo-wordpress\/ -->\n<title>Rooksbet App na Telefon | iOS, Android<\/title>\n<meta name=\"description\" content=\"Rooksbet App \u2013 pobierz aplikacj\u0119 mobiln\u0105 na iOS i Android, aby gra\u0107 w sloty, gry sto\u0142owe i kasyno na \u017cywo gdziekolwiek jeste\u015b. Ciesz si\u0119 p\u0142ynnym dzia\u0142aniem i pe\u0142nym dost\u0119pem do konta z Rooks Bet.\" \/>\n<meta name=\"robots\" content=\"index, follow, max-snippet:-1, max-image-preview:large, max-video-preview:-1\" \/>\n<link rel=\"canonical\" href=\"https:\/\/rooks-bet.org\/pl\/aplikacja\/\" \/>\n<meta property=\"og:locale\" content=\"pl_PL\" \/>\n<meta property=\"og:type\" content=\"article\" \/>\n<meta property=\"og:title\" content=\"Rooksbet App na Telefon | iOS, Android\" \/>\n<meta property=\"og:description\" content=\"Rooksbet App \u2013 pobierz aplikacj\u0119 mobiln\u0105 na iOS i Android, aby gra\u0107 w sloty, gry sto\u0142owe i kasyno na \u017cywo gdziekolwiek jeste\u015b. Ciesz si\u0119 p\u0142ynnym dzia\u0142aniem i pe\u0142nym dost\u0119pem do konta z Rooks Bet.\" \/>\n<meta property=\"og:url\" content=\"https:\/\/rooks-bet.org\/pl\/aplikacja\/\" \/>\n<meta property=\"og:site_name\" content=\"rooksbet\" \/>\n<meta property=\"article:modified_time\" content=\"2026-03-13T11:26:30+00:00\" \/>\n<meta name=\"twitter:card\" content=\"summary_large_image\" \/>\n<meta name=\"twitter:label1\" content=\"Est. reading time\" \/>\n\t<meta name=\"twitter:data1\" content=\"2 minutes\" \/>\n<script type=\"application\/ld+json\" class=\"yoast-schema-graph\">{\"@context\":\"https:\\\/\\\/schema.org\",\"@graph\":[{\"@type\":\"WebPage\",\"@id\":\"https:\\\/\\\/rooks-bet.org\\\/pl\\\/aplikacja\\\/\",\"url\":\"https:\\\/\\\/rooks-bet.org\\\/pl\\\/aplikacja\\\/\",\"name\":\"Rooksbet App na Telefon | iOS, Android\",\"isPartOf\":{\"@id\":\"https:\\\/\\\/rooks-bet.org\\\/pl\\\/#website\"},\"datePublished\":\"2026-03-13T06:48:53+00:00\",\"dateModified\":\"2026-03-13T11:26:30+00:00\",\"description\":\"Rooksbet App \u2013 pobierz aplikacj\u0119 mobiln\u0105 na iOS i Android, aby gra\u0107 w sloty, gry sto\u0142owe i kasyno na \u017cywo gdziekolwiek jeste\u015b. Ciesz si\u0119 p\u0142ynnym dzia\u0142aniem i pe\u0142nym dost\u0119pem do konta z Rooks Bet.\",\"breadcrumb\":{\"@id\":\"https:\\\/\\\/rooks-bet.org\\\/pl\\\/aplikacja\\\/#breadcrumb\"},\"inLanguage\":\"pl-PL\",\"potentialAction\":[{\"@type\":\"ReadAction\",\"target\":[\"https:\\\/\\\/rooks-bet.org\\\/pl\\\/aplikacja\\\/\"]}]},{\"@type\":\"BreadcrumbList\",\"@id\":\"https:\\\/\\\/rooks-bet.org\\\/pl\\\/aplikacja\\\/#breadcrumb\",\"itemListElement\":[{\"@type\":\"ListItem\",\"position\":1,\"name\":\"Rooksbet\",\"item\":\"https:\\\/\\\/rooks-bet.org\\\/pl\\\/\"},{\"@type\":\"ListItem\",\"position\":2,\"name\":\"Aplikacja\"}]},{\"@type\":\"WebSite\",\"@id\":\"https:\\\/\\\/rooks-bet.org\\\/pl\\\/#website\",\"url\":\"https:\\\/\\\/rooks-bet.org\\\/pl\\\/\",\"name\":\"Rooksbet\",\"description\":\"\",\"publisher\":{\"@id\":\"https:\\\/\\\/rooks-bet.org\\\/pl\\\/#organization\"},\"potentialAction\":[{\"@type\":\"SearchAction\",\"target\":{\"@type\":\"EntryPoint\",\"urlTemplate\":\"https:\\\/\\\/rooks-bet.org\\\/pl\\\/?s={search_term_string}\"},\"query-input\":{\"@type\":\"PropertyValueSpecification\",\"valueRequired\":true,\"valueName\":\"search_term_string\"}}],\"inLanguage\":\"pl-PL\"},{\"@type\":\"Organization\",\"@id\":\"https:\\\/\\\/rooks-bet.org\\\/pl\\\/#organization\",\"name\":\"Rooksbet\",\"url\":\"https:\\\/\\\/rooks-bet.org\\\/pl\\\/\",\"logo\":{\"@type\":\"ImageObject\",\"inLanguage\":\"pl-PL\",\"@id\":\"https:\\\/\\\/rooks-bet.org\\\/pl\\\/#\\\/schema\\\/logo\\\/image\\\/\",\"url\":\"https:\\\/\\\/rooks-bet.org\\\/wp-content\\\/uploads\\\/2026\\\/02\\\/Rooksbet-logo-Desktop.png\",\"contentUrl\":\"https:\\\/\\\/rooks-bet.org\\\/wp-content\\\/uploads\\\/2026\\\/02\\\/Rooksbet-logo-Desktop.png\",\"width\":167,\"height\":44,\"caption\":\"Rooksbet\"},\"image\":{\"@id\":\"https:\\\/\\\/rooks-bet.org\\\/pl\\\/#\\\/schema\\\/logo\\\/image\\\/\"}}]}<\/script>\n<!-- \/ Yoast SEO plugin. -->","yoast_head_json":{"title":"Rooksbet App na Telefon | iOS, Android","description":"Rooksbet App \u2013 pobierz aplikacj\u0119 mobiln\u0105 na iOS i Android, aby gra\u0107 w sloty, gry sto\u0142owe i kasyno na \u017cywo gdziekolwiek jeste\u015b. Ciesz si\u0119 p\u0142ynnym dzia\u0142aniem i pe\u0142nym dost\u0119pem do konta z Rooks Bet.","robots":{"index":"index","follow":"follow","max-snippet":"max-snippet:-1","max-image-preview":"max-image-preview:large","max-video-preview":"max-video-preview:-1"},"canonical":"https:\/\/rooks-bet.org\/pl\/aplikacja\/","og_locale":"pl_PL","og_type":"article","og_title":"Rooksbet App na Telefon | iOS, Android","og_description":"Rooksbet App \u2013 pobierz aplikacj\u0119 mobiln\u0105 na iOS i Android, aby gra\u0107 w sloty, gry sto\u0142owe i kasyno na \u017cywo gdziekolwiek jeste\u015b. Ciesz si\u0119 p\u0142ynnym dzia\u0142aniem i pe\u0142nym dost\u0119pem do konta z Rooks Bet.","og_url":"https:\/\/rooks-bet.org\/pl\/aplikacja\/","og_site_name":"rooksbet","article_modified_time":"2026-03-13T11:26:30+00:00","twitter_card":"summary_large_image","twitter_misc":{"Est. reading time":"2 minutes"},"schema":{"@context":"https:\/\/schema.org","@graph":[{"@type":"WebPage","@id":"https:\/\/rooks-bet.org\/pl\/aplikacja\/","url":"https:\/\/rooks-bet.org\/pl\/aplikacja\/","name":"Rooksbet App na Telefon | iOS, Android","isPartOf":{"@id":"https:\/\/rooks-bet.org\/pl\/#website"},"datePublished":"2026-03-13T06:48:53+00:00","dateModified":"2026-03-13T11:26:30+00:00","description":"Rooksbet App \u2013 pobierz aplikacj\u0119 mobiln\u0105 na iOS i Android, aby gra\u0107 w sloty, gry sto\u0142owe i kasyno na \u017cywo gdziekolwiek jeste\u015b. Ciesz si\u0119 p\u0142ynnym dzia\u0142aniem i pe\u0142nym dost\u0119pem do konta z Rooks Bet.","breadcrumb":{"@id":"https:\/\/rooks-bet.org\/pl\/aplikacja\/#breadcrumb"},"inLanguage":"pl-PL","potentialAction":[{"@type":"ReadAction","target":["https:\/\/rooks-bet.org\/pl\/aplikacja\/"]}]},{"@type":"BreadcrumbList","@id":"https:\/\/rooks-bet.org\/pl\/aplikacja\/#breadcrumb","itemListElement":[{"@type":"ListItem","position":1,"name":"Rooksbet","item":"https:\/\/rooks-bet.org\/pl\/"},{"@type":"ListItem","position":2,"name":"Aplikacja"}]},{"@type":"WebSite","@id":"https:\/\/rooks-bet.org\/pl\/#website","url":"https:\/\/rooks-bet.org\/pl\/","name":"Rooksbet","description":"","publisher":{"@id":"https:\/\/rooks-bet.org\/pl\/#organization"},"potentialAction":[{"@type":"SearchAction","target":{"@type":"EntryPoint","urlTemplate":"https:\/\/rooks-bet.org\/pl\/?s={search_term_string}"},"query-input":{"@type":"PropertyValueSpecification","valueRequired":true,"valueName":"search_term_string"}}],"inLanguage":"pl-PL"},{"@type":"Organization","@id":"https:\/\/rooks-bet.org\/pl\/#organization","name":"Rooksbet","url":"https:\/\/rooks-bet.org\/pl\/","logo":{"@type":"ImageObject","inLanguage":"pl-PL","@id":"https:\/\/rooks-bet.org\/pl\/#\/schema\/logo\/image\/","url":"https:\/\/rooks-bet.org\/wp-content\/uploads\/2026\/02\/Rooksbet-logo-Desktop.png","contentUrl":"https:\/\/rooks-bet.org\/wp-content\/uploads\/2026\/02\/Rooksbet-logo-Desktop.png","width":167,"height":44,"caption":"Rooksbet"},"image":{"@id":"https:\/\/rooks-bet.org\/pl\/#\/schema\/logo\/image\/"}}]}},"_links":{"self":[{"href":"https:\/\/rooks-bet.org\/pl\/wp-json\/wp\/v2\/pages\/1438","targetHints":{"allow":["GET"]}}],"collection":[{"href":"https:\/\/rooks-bet.org\/pl\/wp-json\/wp\/v2\/pages"}],"about":[{"href":"https:\/\/rooks-bet.org\/pl\/wp-json\/wp\/v2\/types\/page"}],"author":[{"embeddable":true,"href":"https:\/\/rooks-bet.org\/pl\/wp-json\/wp\/v2\/users\/1"}],"replies":[{"embeddable":true,"href":"https:\/\/rooks-bet.org\/pl\/wp-json\/wp\/v2\/comments?post=1438"}],"version-history":[{"count":2,"href":"https:\/\/rooks-bet.org\/pl\/wp-json\/wp\/v2\/pages\/1438\/revisions"}],"predecessor-version":[{"id":1775,"href":"https:\/\/rooks-bet.org\/pl\/wp-json\/wp\/v2\/pages\/1438\/revisions\/1775"}],"wp:attachment":[{"href":"https:\/\/rooks-bet.org\/pl\/wp-json\/wp\/v2\/media?parent=1438"}],"curies":[{"name":"wp","href":"https:\/\/api.w.org\/{rel}","templated":true}]}}