{"id":1476,"date":"2026-03-13T07:01:04","date_gmt":"2026-03-13T07:01:04","guid":{"rendered":"https:\/\/rooks-bet.org\/login-and-registration\/"},"modified":"2026-03-13T10:27:51","modified_gmt":"2026-03-13T10:27:51","slug":"connexion-et-inscription","status":"publish","type":"page","link":"https:\/\/rooks-bet.org\/fr\/connexion-et-inscription\/","title":{"rendered":"Connexion et inscription"},"content":{"rendered":"<h1>Connexion et inscription au compte Rooksbet<\/h1>\n<p>Le Rooksbet login permet aux joueurs d&rsquo;acc\u00e9der en toute s\u00e9curit\u00e9 \u00e0 leur compte casino depuis n&rsquo;importe quel appareil. Seuls les utilisateurs enregistr\u00e9s peuvent utiliser nos bonus casino, jouer et gagner. Le syst\u00e8me d&rsquo;autorisation fonctionne \u00e0 la fois dans les navigateurs et dans l&rsquo;application mobile. Sur Rooksbet Casino, vous b\u00e9n\u00e9ficiez d&rsquo;une connexion rapide et d&rsquo;un acc\u00e8s complet \u00e0 toutes les fonctionnalit\u00e9s de la plateforme.<\/p>\n<p><div class=\"banner-wrap\" aria-label=\"Banner\"><img src=\"https:\/\/rooks-bet.org\/wp-content\/uploads\/2026\/02\/Rooksbet-banner-desktop.webp\" class=\"w-100 d-none d-lg-block img-pc main-banner-img\" alt=\"Rooksbet banner desktop\" fetchpriority=\"high\" decoding=\"async\"><img src=\"https:\/\/rooks-bet.org\/wp-content\/uploads\/2026\/02\/Rooksbet-banner-mobile.webp\" class=\"w-100 d-none d-md-block d-lg-none main-banner-img\" alt=\"Rooksbet banner mobile\" fetchpriority=\"high\" decoding=\"async\"><img src=\"https:\/\/rooks-bet.org\/wp-content\/uploads\/2026\/02\/Rooksbet-banner-mobile.webp\" class=\"w-100 d-md-none\" alt=\"Rooksbet banner mobile\" fetchpriority=\"high\" decoding=\"async\"><div class=\"banner-description\">\n<div class=\"banner-title\">Bonus de bienvenue<\/div>\n<p class=\"banner-header-title\">1500 \u20ac<\/p>\n<div class=\"banner-header-AdditionalText\">+ 250 Tours gratuits<\/div>\n<button data-item=\"homepage_banner_link\" class=\"goto m-button m-gradient-border m-button--primary m-button--large banner-button btn-orange\">\n            <div class=\"m-button-content\">\n                <span>Inscrivez-vous d\u00e8s maintenant<\/span>\n                <span><\/span>\n            <\/div>\n        <\/button>\n<\/div>\n<div class=\"WelcomePack\">\n<p><img loading=\"lazy\" decoding=\"async\" class=\"alignnone size-full wp-image-1558\" src=\"https:\/\/rooks-bet.org\/wp-content\/uploads\/2026\/02\/welcome-crown.png\" alt=\"welcome-crown\" width=\"25\" height=\"26\" \/><\/p>\n<div class=\"WelcomePack-Info\">Cashback hebdomadaire jusqu&rsquo;\u00e0 25 %<\/div>\n<p><img loading=\"lazy\" decoding=\"async\" class=\"alignnone size-full wp-image-1558\" src=\"https:\/\/rooks-bet.org\/wp-content\/uploads\/2026\/02\/welcome-crown.png\" alt=\"welcome-crown\" width=\"25\" height=\"26\" \/><\/p>\n<\/div>\n<\/div><div class=\"scrollable-content-wrap my-5\"><div class=\"scrollable-content-inner\"><h2>Proc\u00e9dure d&rsquo;inscription \u00e0 Rooksbet<\/h2>\n<p>L&rsquo;inscription sur Rooks Bet Casino vous donne acc\u00e8s \u00e0 toutes les fonctionnalit\u00e9s de la plateforme. Seuls les utilisateurs enregistr\u00e9s peuvent jouer, d\u00e9poser des fonds et demander des retraits. La cr\u00e9ation d&rsquo;un compte vous permet de g\u00e9rer votre profil personnel et vos param\u00e8tres de s\u00e9curit\u00e9. Apr\u00e8s votre inscription, vous pouvez mettre \u00e0 jour vos informations, modifier votre mot de passe et activer des mesures de s\u00e9curit\u00e9 suppl\u00e9mentaires telles que l&rsquo;authentification \u00e0 deux facteurs. Des outils de jeu responsable tels que les limites de d\u00e9p\u00f4t et le contr\u00f4le du temps de session sont disponibles dans votre compte. Les nouveaux joueurs peuvent \u00e9galement acc\u00e9der aux offres de bienvenue apr\u00e8s s&rsquo;\u00eatre inscrits, avoir termin\u00e9 le processus de connexion \u00e0 Rooksbet et avoir effectu\u00e9 le d\u00e9p\u00f4t appropri\u00e9.<\/p>\n<p>Comment s&rsquo;inscrire sur Rooksbet :<\/p>\n<ol>\n<li>Pour commencer, vous devez cliquer sur le bouton \u00ab S&rsquo;inscrire \u00bb sur la page d&rsquo;accueil.<\/li>\n<li>Vous devez ensuite saisir votre adresse e-mail et cr\u00e9er un mot de passe s\u00e9curis\u00e9.<\/li>\n<li>Apr\u00e8s cela, vous devez confirmer que vous acceptez les conditions g\u00e9n\u00e9rales et la politique de confidentialit\u00e9.<\/li>\n<li>Enfin, vous devez v\u00e9rifier votre compte \u00e0 l&rsquo;aide du lien de confirmation envoy\u00e9 \u00e0 votre adresse e-mail.<\/li>\n<\/ol>\n<h2>\u00c9tapes de connexion \u00e0 Rooksbet<\/h2>\n<p>Pour acc\u00e9der \u00e0 toutes les fonctionnalit\u00e9s de Rooksbet, vous devez vous connecter \u00e0 votre compte. Seuls les utilisateurs autoris\u00e9s peuvent g\u00e9rer leurs fonds et activer des bonus. Une fois connect\u00e9, la plateforme ouvrira votre panneau de contr\u00f4le personnel avec tous les outils et param\u00e8tres de votre compte. Plus de 6 000 jeux sur notre plateforme seront \u00e0 votre disposition apr\u00e8s avoir termin\u00e9 le processus de connexion \u00e0 Rooksbet.<\/p>\n<p>Pour vous connecter, cliquez d&rsquo;abord sur le bouton \u00ab Connexion \u00bb. Ensuite, vous devez entrer l&rsquo;adresse e-mail et le mot de passe associ\u00e9s \u00e0 votre compte. Vous devrez ensuite confirmer l&rsquo;action, et le processus de connexion \u00e0 Rooksbet sera termin\u00e9. Si vous avez oubli\u00e9 votre mot de passe, vous pouvez le r\u00e9cup\u00e9rer \u00e0 l&rsquo;aide de la fonction de r\u00e9cup\u00e9ration. Si vous rencontrez des difficult\u00e9s, notre \u00e9quipe d&rsquo;assistance multilingue est disponible 24h\/24 et 7j\/7 via le chat en direct ou par e-mail.<\/p>\n<p>Vous pouvez g\u00e9rer toutes les sections de votre compte personnel apr\u00e8s vous \u00eatre inscrit et connect\u00e9.<\/p>\n<table>\n<tbody>\n<tr>\n<td>Section Interface<\/td>\n<td>Fonctions principales<\/td>\n<td>Description<\/td>\n<\/tr>\n<tr>\n<td>Historique des activit\u00e9s<\/td>\n<td>Enregistrements des jeux et des transactions<\/td>\n<td>Affiche vos activit\u00e9s de pari et vos op\u00e9rations financi\u00e8res.<\/td>\n<\/tr>\n<tr>\n<td>Portefeuille<\/td>\n<td>D\u00e9p\u00f4ts, retraits et suivi du solde<\/td>\n<td>Vous pouvez v\u00e9rifier votre solde et effectuer des transactions.<\/td>\n<\/tr>\n<tr>\n<td>Param\u00e8tres du profil<\/td>\n<td>Informations personnelles et progression dans le programme de fid\u00e9lit\u00e9<\/td>\n<td>Vous pouvez ici modifier vos coordonn\u00e9es et consulter votre statut dans le programme de fid\u00e9lit\u00e9.<\/td>\n<\/tr>\n<tr>\n<td>Param\u00e8tres de s\u00e9curit\u00e9<\/td>\n<td>Mises \u00e0 jour du mot de passe et 2FA<\/td>\n<td>Outils permettant de renforcer la protection de votre compte et de suivre vos sessions de connexion.<\/td>\n<\/tr>\n<tr>\n<td>Outils de jeu responsable<\/td>\n<td>Limites et auto-exclusion<\/td>\n<td>Vous pouvez d\u00e9finir des limites ou activer une p\u00e9riode de r\u00e9flexion.<\/td>\n<\/tr>\n<\/tbody>\n<\/table>\n<p><img loading=\"lazy\" decoding=\"async\" class=\"alignnone size-full wp-image-1431\" src=\"https:\/\/rooks-bet.org\/wp-content\/uploads\/Rooksbet-Login.webp\" alt=\"Rooksbet Login\" width=\"1248\" height=\"536\" srcset=\"https:\/\/rooks-bet.org\/wp-content\/uploads\/Rooksbet-Login.webp 1248w, https:\/\/rooks-bet.org\/wp-content\/uploads\/Rooksbet-Login-300x129.webp 300w, https:\/\/rooks-bet.org\/wp-content\/uploads\/Rooksbet-Login-1024x440.webp 1024w, https:\/\/rooks-bet.org\/wp-content\/uploads\/Rooksbet-Login-768x330.webp 768w\" sizes=\"auto, (max-width: 1248px) 100vw, 1248px\" \/><\/p>\n<h2>Protection de votre compte<\/h2>\n<p>Rooksbet Casino utilise les technologies de s\u00e9curit\u00e9 les plus avanc\u00e9es. Tous les transferts de donn\u00e9es entre le joueur et le site web sont crypt\u00e9s \u00e0 l&rsquo;aide du protocole TLS 1.3 avec un cryptage AES 256 bits. La plateforme fonctionne gr\u00e2ce \u00e0 des connexions HTTPS s\u00e9curis\u00e9es avec des certificats TLS valides.<\/p>\n<p>Nos protocoles d&rsquo;\u00e9change de cl\u00e9s (ECDHE, RSA-2048) prennent en charge des canaux de communication s\u00e9curis\u00e9s et la confidentialit\u00e9 de toutes les donn\u00e9es. La protection des comptes des joueurs de Rooksbet est \u00e9galement soumise \u00e0 une politique stricte en mati\u00e8re de mots de passe et \u00e0 une authentification \u00e0 deux facteurs (2FA).<\/p>\n<p>Les transactions financi\u00e8res sont trait\u00e9es selon la norme PCI-DSS \u00e0 l&rsquo;aide du cryptage et de la tokenisation des donn\u00e9es de paiement. Tous les jeux utilisent des g\u00e9n\u00e9rateurs de nombres al\u00e9atoires (RNG) certifi\u00e9s. Nos g\u00e9n\u00e9rateurs de nombres al\u00e9atoires sont soumis \u00e0 des tests ind\u00e9pendants par des organismes tels que eCOGRA et iTech Labs. Rooks Bet respecte des normes de s\u00e9curit\u00e9 \u00e9lev\u00e9es.<\/p>\n<h2>Rooks Bet \u2013 Comptes verrouill\u00e9s ou suspendus<\/h2>\n<p>Rooksbet Casino peut bloquer ou suspendre temporairement un compte si le syst\u00e8me d\u00e9tecte une activit\u00e9 suspecte. Ce processus permet de prot\u00e9ger les joueurs et leurs transactions financi\u00e8res.<\/p>\n<p>Nous pouvons restreindre un compte si un joueur ne respecte pas les r\u00e8gles de la plateforme ou ne parvient pas \u00e0 terminer le processus de v\u00e9rification. Par exemple, votre compte peut \u00eatre suspendu si vous fournissez des informations incorrectes. Un compte peut \u00e9galement \u00eatre suspendu en raison d&rsquo;un manque de documents de v\u00e9rification.<\/p>\n<p>Un joueur peut \u00e9galement \u00eatre bloqu\u00e9 pour les raisons suivantes :<\/p>\n<ul>\n<li>Cr\u00e9ation de plusieurs comptes<\/li>\n<li>Tentative d&rsquo;abus des bonus<\/li>\n<li>Utilisation de m\u00e9thodes de paiement appartenant \u00e0 une autre personne<\/li>\n<li>Comportement inhabituel en mati\u00e8re de paris.<\/li>\n<\/ul>\n<p>Si votre compte Rooks Bet Casino est bloqu\u00e9, vous devez contacter le service client\u00e8le par chat en ligne ou par e-mail. Le service client\u00e8le examinera la situation et pourra vous demander des documents suppl\u00e9mentaires pour r\u00e9activer votre compte. Apr\u00e8s v\u00e9rification, si aucune violation n&rsquo;est constat\u00e9e, votre compte pourra \u00eatre r\u00e9activ\u00e9.<\/p>\n<h2>FAQ<\/h2>\n<h3>Que dois-je faire si j&rsquo;oublie mon e-mail d&rsquo;inscription ?<\/h3>\n<p>Si vous avez oubli\u00e9 votre adresse e-mail, vous devez contacter l&rsquo;\u00e9quipe d&rsquo;assistance de Rooksbet. Le personnel d&rsquo;assistance peut vous demander certaines informations afin de s&rsquo;assurer que vous \u00eates bien le titulaire du compte. Par exemple, il peut vous demander vos informations de paiement ou d&rsquo;autres informations relatives \u00e0 votre compte. Apr\u00e8s v\u00e9rification, l&rsquo;\u00e9quipe vous aidera \u00e0 r\u00e9cup\u00e9rer votre compte ou \u00e0 modifier vos informations de connexion \u00e0 Rooksbet.<\/p>\n<h3>La connexion \u00e0 Rooksbet est-elle s\u00e9curis\u00e9e ?<\/h3>\n<p>Oui, le syst\u00e8me de connexion \u00e0 Rooksbet utilise des technologies de s\u00e9curit\u00e9 modernes pour prot\u00e9ger les comptes des utilisateurs. La plateforme utilise des connexions crypt\u00e9es et des serveurs s\u00e9curis\u00e9s pour prot\u00e9ger les donn\u00e9es personnelles et financi\u00e8res. Les joueurs peuvent \u00e9galement am\u00e9liorer la protection de leur compte en utilisant un mot de passe fort et en activant l&rsquo;authentification \u00e0 deux facteurs.<\/p>\n<h3>Pourquoi le syst\u00e8me me d\u00e9connecte-t-il sans cesse ?<\/h3>\n<p>Le syst\u00e8me peut vous d\u00e9connecter automatiquement de votre compte pour des raisons de s\u00e9curit\u00e9. Cela peut se produire si vous ne vous \u00eates pas connect\u00e9 depuis longtemps et que votre session a expir\u00e9. Cela peut \u00e9galement se produire en raison d&rsquo;une connexion Internet instable. Vous pouvez actualiser la page ou vider le cache de votre navigateur.<\/p>\n<\/div><\/div><\/p>\n","protected":false},"excerpt":{"rendered":"<p>Connexion et inscription au compte Rooksbet Le Rooksbet login permet aux joueurs d&rsquo;acc\u00e9der en toute s\u00e9curit\u00e9 \u00e0 leur compte casino depuis n&rsquo;importe quel appareil. Seuls les utilisateurs enregistr\u00e9s peuvent utiliser nos bonus casino, jouer et gagner. Le syst\u00e8me d&rsquo;autorisation fonctionne \u00e0 la fois dans les navigateurs et dans l&rsquo;application mobile. Sur Rooksbet Casino, vous b\u00e9n\u00e9ficiez [&hellip;]<\/p>\n","protected":false},"author":1,"featured_media":0,"parent":0,"menu_order":0,"comment_status":"closed","ping_status":"closed","template":"template-builder.php","meta":{"_acf_changed":false,"inline_featured_image":false,"footnotes":""},"class_list":["post-1476","page","type-page","status-publish","hentry"],"acf":[],"yoast_head":"<!-- This site is optimized with the Yoast SEO plugin v27.3 - https:\/\/yoast.com\/product\/yoast-seo-wordpress\/ -->\n<title>Rooksbet Connexion &amp; Inscription | Acc\u00e8s S\u00e9curis\u00e9<\/title>\n<meta name=\"description\" content=\"Rooksbet Connexion \u2013 connectez-vous en toute s\u00e9curit\u00e9 ou cr\u00e9ez votre compte en quelques secondes avec un acc\u00e8s crypt\u00e9 et une v\u00e9rification rapide. G\u00e9rez la r\u00e9cup\u00e9ration de mot de passe, les param\u00e8tres de profil et les outils de compte facilement chez Rooks Bet.\" \/>\n<meta name=\"robots\" content=\"index, follow, max-snippet:-1, max-image-preview:large, max-video-preview:-1\" \/>\n<link rel=\"canonical\" href=\"https:\/\/rooks-bet.org\/fr\/connexion-et-inscription\/\" \/>\n<meta property=\"og:locale\" content=\"fr_FR\" \/>\n<meta property=\"og:type\" content=\"article\" \/>\n<meta property=\"og:title\" content=\"Rooksbet Connexion &amp; Inscription | Acc\u00e8s S\u00e9curis\u00e9\" \/>\n<meta property=\"og:description\" content=\"Rooksbet Connexion \u2013 connectez-vous en toute s\u00e9curit\u00e9 ou cr\u00e9ez votre compte en quelques secondes avec un acc\u00e8s crypt\u00e9 et une v\u00e9rification rapide. G\u00e9rez la r\u00e9cup\u00e9ration de mot de passe, les param\u00e8tres de profil et les outils de compte facilement chez Rooks Bet.\" \/>\n<meta property=\"og:url\" content=\"https:\/\/rooks-bet.org\/fr\/connexion-et-inscription\/\" \/>\n<meta property=\"og:site_name\" content=\"rooksbet\" \/>\n<meta property=\"article:modified_time\" content=\"2026-03-13T10:27:51+00:00\" \/>\n<meta name=\"twitter:card\" content=\"summary_large_image\" \/>\n<meta name=\"twitter:label1\" content=\"Dur\u00e9e de lecture estim\u00e9e\" \/>\n\t<meta name=\"twitter:data1\" content=\"1 minute\" \/>\n<script type=\"application\/ld+json\" class=\"yoast-schema-graph\">{\"@context\":\"https:\\\/\\\/schema.org\",\"@graph\":[{\"@type\":\"WebPage\",\"@id\":\"https:\\\/\\\/rooks-bet.org\\\/fr\\\/connexion-et-inscription\\\/\",\"url\":\"https:\\\/\\\/rooks-bet.org\\\/fr\\\/connexion-et-inscription\\\/\",\"name\":\"Rooksbet Connexion & Inscription | Acc\u00e8s S\u00e9curis\u00e9\",\"isPartOf\":{\"@id\":\"https:\\\/\\\/rooks-bet.org\\\/fr\\\/#website\"},\"datePublished\":\"2026-03-13T07:01:04+00:00\",\"dateModified\":\"2026-03-13T10:27:51+00:00\",\"description\":\"Rooksbet Connexion \u2013 connectez-vous en toute s\u00e9curit\u00e9 ou cr\u00e9ez votre compte en quelques secondes avec un acc\u00e8s crypt\u00e9 et une v\u00e9rification rapide. G\u00e9rez la r\u00e9cup\u00e9ration de mot de passe, les param\u00e8tres de profil et les outils de compte facilement chez Rooks Bet.\",\"breadcrumb\":{\"@id\":\"https:\\\/\\\/rooks-bet.org\\\/fr\\\/connexion-et-inscription\\\/#breadcrumb\"},\"inLanguage\":\"fr-FR\",\"potentialAction\":[{\"@type\":\"ReadAction\",\"target\":[\"https:\\\/\\\/rooks-bet.org\\\/fr\\\/connexion-et-inscription\\\/\"]}]},{\"@type\":\"BreadcrumbList\",\"@id\":\"https:\\\/\\\/rooks-bet.org\\\/fr\\\/connexion-et-inscription\\\/#breadcrumb\",\"itemListElement\":[{\"@type\":\"ListItem\",\"position\":1,\"name\":\"Rooksbet\",\"item\":\"https:\\\/\\\/rooks-bet.org\\\/fr\\\/\"},{\"@type\":\"ListItem\",\"position\":2,\"name\":\"Connexion et inscription\"}]},{\"@type\":\"WebSite\",\"@id\":\"https:\\\/\\\/rooks-bet.org\\\/fr\\\/#website\",\"url\":\"https:\\\/\\\/rooks-bet.org\\\/fr\\\/\",\"name\":\"Rooksbet\",\"description\":\"\",\"publisher\":{\"@id\":\"https:\\\/\\\/rooks-bet.org\\\/fr\\\/#organization\"},\"potentialAction\":[{\"@type\":\"SearchAction\",\"target\":{\"@type\":\"EntryPoint\",\"urlTemplate\":\"https:\\\/\\\/rooks-bet.org\\\/fr\\\/?s={search_term_string}\"},\"query-input\":{\"@type\":\"PropertyValueSpecification\",\"valueRequired\":true,\"valueName\":\"search_term_string\"}}],\"inLanguage\":\"fr-FR\"},{\"@type\":\"Organization\",\"@id\":\"https:\\\/\\\/rooks-bet.org\\\/fr\\\/#organization\",\"name\":\"Rooksbet\",\"url\":\"https:\\\/\\\/rooks-bet.org\\\/fr\\\/\",\"logo\":{\"@type\":\"ImageObject\",\"inLanguage\":\"fr-FR\",\"@id\":\"https:\\\/\\\/rooks-bet.org\\\/fr\\\/#\\\/schema\\\/logo\\\/image\\\/\",\"url\":\"https:\\\/\\\/rooks-bet.org\\\/wp-content\\\/uploads\\\/2026\\\/02\\\/Rooksbet-logo-Desktop.png\",\"contentUrl\":\"https:\\\/\\\/rooks-bet.org\\\/wp-content\\\/uploads\\\/2026\\\/02\\\/Rooksbet-logo-Desktop.png\",\"width\":167,\"height\":44,\"caption\":\"Rooksbet\"},\"image\":{\"@id\":\"https:\\\/\\\/rooks-bet.org\\\/fr\\\/#\\\/schema\\\/logo\\\/image\\\/\"}}]}<\/script>\n<!-- \/ Yoast SEO plugin. -->","yoast_head_json":{"title":"Rooksbet Connexion & Inscription | Acc\u00e8s S\u00e9curis\u00e9","description":"Rooksbet Connexion \u2013 connectez-vous en toute s\u00e9curit\u00e9 ou cr\u00e9ez votre compte en quelques secondes avec un acc\u00e8s crypt\u00e9 et une v\u00e9rification rapide. G\u00e9rez la r\u00e9cup\u00e9ration de mot de passe, les param\u00e8tres de profil et les outils de compte facilement chez Rooks Bet.","robots":{"index":"index","follow":"follow","max-snippet":"max-snippet:-1","max-image-preview":"max-image-preview:large","max-video-preview":"max-video-preview:-1"},"canonical":"https:\/\/rooks-bet.org\/fr\/connexion-et-inscription\/","og_locale":"fr_FR","og_type":"article","og_title":"Rooksbet Connexion & Inscription | Acc\u00e8s S\u00e9curis\u00e9","og_description":"Rooksbet Connexion \u2013 connectez-vous en toute s\u00e9curit\u00e9 ou cr\u00e9ez votre compte en quelques secondes avec un acc\u00e8s crypt\u00e9 et une v\u00e9rification rapide. G\u00e9rez la r\u00e9cup\u00e9ration de mot de passe, les param\u00e8tres de profil et les outils de compte facilement chez Rooks Bet.","og_url":"https:\/\/rooks-bet.org\/fr\/connexion-et-inscription\/","og_site_name":"rooksbet","article_modified_time":"2026-03-13T10:27:51+00:00","twitter_card":"summary_large_image","twitter_misc":{"Dur\u00e9e de lecture estim\u00e9e":"1 minute"},"schema":{"@context":"https:\/\/schema.org","@graph":[{"@type":"WebPage","@id":"https:\/\/rooks-bet.org\/fr\/connexion-et-inscription\/","url":"https:\/\/rooks-bet.org\/fr\/connexion-et-inscription\/","name":"Rooksbet Connexion & Inscription | Acc\u00e8s S\u00e9curis\u00e9","isPartOf":{"@id":"https:\/\/rooks-bet.org\/fr\/#website"},"datePublished":"2026-03-13T07:01:04+00:00","dateModified":"2026-03-13T10:27:51+00:00","description":"Rooksbet Connexion \u2013 connectez-vous en toute s\u00e9curit\u00e9 ou cr\u00e9ez votre compte en quelques secondes avec un acc\u00e8s crypt\u00e9 et une v\u00e9rification rapide. G\u00e9rez la r\u00e9cup\u00e9ration de mot de passe, les param\u00e8tres de profil et les outils de compte facilement chez Rooks Bet.","breadcrumb":{"@id":"https:\/\/rooks-bet.org\/fr\/connexion-et-inscription\/#breadcrumb"},"inLanguage":"fr-FR","potentialAction":[{"@type":"ReadAction","target":["https:\/\/rooks-bet.org\/fr\/connexion-et-inscription\/"]}]},{"@type":"BreadcrumbList","@id":"https:\/\/rooks-bet.org\/fr\/connexion-et-inscription\/#breadcrumb","itemListElement":[{"@type":"ListItem","position":1,"name":"Rooksbet","item":"https:\/\/rooks-bet.org\/fr\/"},{"@type":"ListItem","position":2,"name":"Connexion et inscription"}]},{"@type":"WebSite","@id":"https:\/\/rooks-bet.org\/fr\/#website","url":"https:\/\/rooks-bet.org\/fr\/","name":"Rooksbet","description":"","publisher":{"@id":"https:\/\/rooks-bet.org\/fr\/#organization"},"potentialAction":[{"@type":"SearchAction","target":{"@type":"EntryPoint","urlTemplate":"https:\/\/rooks-bet.org\/fr\/?s={search_term_string}"},"query-input":{"@type":"PropertyValueSpecification","valueRequired":true,"valueName":"search_term_string"}}],"inLanguage":"fr-FR"},{"@type":"Organization","@id":"https:\/\/rooks-bet.org\/fr\/#organization","name":"Rooksbet","url":"https:\/\/rooks-bet.org\/fr\/","logo":{"@type":"ImageObject","inLanguage":"fr-FR","@id":"https:\/\/rooks-bet.org\/fr\/#\/schema\/logo\/image\/","url":"https:\/\/rooks-bet.org\/wp-content\/uploads\/2026\/02\/Rooksbet-logo-Desktop.png","contentUrl":"https:\/\/rooks-bet.org\/wp-content\/uploads\/2026\/02\/Rooksbet-logo-Desktop.png","width":167,"height":44,"caption":"Rooksbet"},"image":{"@id":"https:\/\/rooks-bet.org\/fr\/#\/schema\/logo\/image\/"}}]}},"_links":{"self":[{"href":"https:\/\/rooks-bet.org\/fr\/wp-json\/wp\/v2\/pages\/1476","targetHints":{"allow":["GET"]}}],"collection":[{"href":"https:\/\/rooks-bet.org\/fr\/wp-json\/wp\/v2\/pages"}],"about":[{"href":"https:\/\/rooks-bet.org\/fr\/wp-json\/wp\/v2\/types\/page"}],"author":[{"embeddable":true,"href":"https:\/\/rooks-bet.org\/fr\/wp-json\/wp\/v2\/users\/1"}],"replies":[{"embeddable":true,"href":"https:\/\/rooks-bet.org\/fr\/wp-json\/wp\/v2\/comments?post=1476"}],"version-history":[{"count":2,"href":"https:\/\/rooks-bet.org\/fr\/wp-json\/wp\/v2\/pages\/1476\/revisions"}],"predecessor-version":[{"id":1703,"href":"https:\/\/rooks-bet.org\/fr\/wp-json\/wp\/v2\/pages\/1476\/revisions\/1703"}],"wp:attachment":[{"href":"https:\/\/rooks-bet.org\/fr\/wp-json\/wp\/v2\/media?parent=1476"}],"curies":[{"name":"wp","href":"https:\/\/api.w.org\/{rel}","templated":true}]}}