{"id":1430,"date":"2026-03-13T06:48:53","date_gmt":"2026-03-13T06:48:53","guid":{"rendered":"https:\/\/rooks-bet.org\/app\/"},"modified":"2026-03-13T10:19:12","modified_gmt":"2026-03-13T10:19:12","slug":"app","status":"publish","type":"page","link":"https:\/\/rooks-bet.org\/fr\/app\/","title":{"rendered":"App"},"content":{"rendered":"<h1>Plateforme mobile Rooksbet<\/h1>\n<p>Avec Rooksbet app, les joueurs peuvent acc\u00e9der instantan\u00e9ment au casino depuis leur t\u00e9l\u00e9phone. Notre application peut \u00eatre t\u00e9l\u00e9charg\u00e9e en un seul clic et offre une navigation facile vers n&rsquo;importe quelle section du casino mobile. L&rsquo;application Rooksbet fonctionne sur n&rsquo;importe quel smartphone ou tablette fonctionnant sous Android ou iOS. Le logiciel mobile s&rsquo;installe rapidement via votre navigateur mobile, et aucun t\u00e9l\u00e9chargement externe n&rsquo;est n\u00e9cessaire. Nous utilisons les derni\u00e8res technologies pour alimenter notre application mobile.<\/p>\n<div class=\"banner-wrap\" aria-label=\"Banner\"><img src=\"https:\/\/rooks-bet.org\/wp-content\/uploads\/2026\/02\/Rooksbet-banner-desktop.webp\" class=\"w-100 d-none d-lg-block img-pc main-banner-img\" alt=\"Rooksbet banner desktop\" fetchpriority=\"high\" decoding=\"async\"><img src=\"https:\/\/rooks-bet.org\/wp-content\/uploads\/2026\/02\/Rooksbet-banner-mobile.webp\" class=\"w-100 d-none d-md-block d-lg-none main-banner-img\" alt=\"Rooksbet banner mobile\" fetchpriority=\"high\" decoding=\"async\"><img src=\"https:\/\/rooks-bet.org\/wp-content\/uploads\/2026\/02\/Rooksbet-banner-mobile.webp\" class=\"w-100 d-md-none\" alt=\"Rooksbet banner mobile\" fetchpriority=\"high\" decoding=\"async\"><div class=\"banner-description\">\n<div class=\"banner-title\">Bonus de bienvenue<\/div>\n<p class=\"banner-header-title\">1500 \u20ac<\/p>\n<div class=\"banner-header-AdditionalText\">+ 250 Tours gratuits<\/div>\n<button data-item=\"homepage_banner_link\" class=\"goto m-button m-gradient-border m-button--primary m-button--large banner-button btn-orange\">\n            <div class=\"m-button-content\">\n                <span>Inscrivez-vous d\u00e8s maintenant<\/span>\n                <span><\/span>\n            <\/div>\n        <\/button>\n<\/div>\n<div class=\"WelcomePack\">\n<p><img loading=\"lazy\" decoding=\"async\" class=\"alignnone size-full wp-image-1558\" src=\"https:\/\/rooks-bet.org\/wp-content\/uploads\/2026\/02\/welcome-crown.png\" alt=\"welcome-crown\" width=\"25\" height=\"26\" \/><\/p>\n<div class=\"WelcomePack-Info\">Cashback hebdomadaire jusqu&rsquo;\u00e0 25 %<\/div>\n<p><img loading=\"lazy\" decoding=\"async\" class=\"alignnone size-full wp-image-1558\" src=\"https:\/\/rooks-bet.org\/wp-content\/uploads\/2026\/02\/welcome-crown.png\" alt=\"welcome-crown\" width=\"25\" height=\"26\" \/><\/p>\n<\/div>\n<\/div>\n<h2>Fonctionnalit\u00e9s de l&rsquo;application Rooksbet<\/h2>\n<p>Nos d\u00e9veloppeurs ont sp\u00e9cialement cr\u00e9\u00e9 l&rsquo;application Rooks Bet pour offrir un acc\u00e8s complet au casino sans compromettre ses fonctionnalit\u00e9s. Notre application vous permet d&rsquo;effectuer toutes les m\u00eames actions que dans la version PC. Le format mobile facilite le passage d&rsquo;une section \u00e0 l&rsquo;autre de la plateforme. Le principal avantage de la version PC est sa grande interface visuelle, tandis que la version mobile est plus flexible. Les joueurs de Rooksbet peuvent passer d&rsquo;un appareil \u00e0 l&rsquo;autre sans perdre l&rsquo;acc\u00e8s \u00e0 leur progression.<\/p>\n<table>\n<tbody>\n<tr>\n<td>Fonctionnalit\u00e9<\/td>\n<td>Comment \u00e7a marche<\/td>\n<td>Avantage pour le joueur<\/td>\n<\/tr>\n<tr>\n<td>Interface optimis\u00e9e pour les \u00e9crans tactiles<\/td>\n<td>Les menus et les boutons sont adapt\u00e9s au contr\u00f4le tactile<\/td>\n<td>Navigation plus facile sur les smartphones et les tablettes<\/td>\n<\/tr>\n<tr>\n<td>Acc\u00e8s en un seul clic<\/td>\n<td>Connexion rapide et acc\u00e8s direct depuis l&rsquo;\u00e9cran d&rsquo;accueil<\/td>\n<td>Saisie plus rapide par rapport au lancement d&rsquo;un navigateur de bureau<\/td>\n<\/tr>\n<tr>\n<td>Mises \u00e0 jour automatiques<\/td>\n<td>S&rsquo;ex\u00e9cute via les mises \u00e0 jour du syst\u00e8me bas\u00e9es sur le navigateur<\/td>\n<td>Aucun t\u00e9l\u00e9chargement manuel requis<\/td>\n<\/tr>\n<tr>\n<td>Gestion compl\u00e8te du compte<\/td>\n<td>Prend en charge les d\u00e9p\u00f4ts, les retraits et la v\u00e9rification<\/td>\n<td>M\u00eame contr\u00f4le que sur PC<\/td>\n<\/tr>\n<tr>\n<td>Acc\u00e8s portable<\/td>\n<td>Fonctionne sur les r\u00e9seaux mobiles et Wi-Fi<\/td>\n<td>Jouez o\u00f9 que vous soyez<\/td>\n<\/tr>\n<\/tbody>\n<\/table>\n<p><div class=\"scrollable-content-wrap my-5\"><div class=\"scrollable-content-inner\"><h2>Application Rooksbet pour Android<\/h2>\n<p>L&rsquo;application Rooksbet fonctionne sur tous les t\u00e9l\u00e9phones et tablettes Android. Elle prend en charge les smartphones et les tablettes, quelle que soit la taille de l&rsquo;\u00e9cran et la version du syst\u00e8me. Notre logiciel Android vous permet d&rsquo;utiliser tous les jeux et toutes les fonctions du compte. Notre application Android charge rapidement toutes les sections du casino Rooksbet. L&rsquo;interface s&rsquo;adapte aux \u00e9crans Android et charge rapidement toutes les sections.<\/p>\n<h3>Solution PWA Rooksbet<\/h3>\n<p>Rooksbet Casino utilise la technologie des applications web progressives (PWA) au lieu de t\u00e9l\u00e9charger un fichier APK. Il n&rsquo;est pas n\u00e9cessaire d&rsquo;installer un package s\u00e9par\u00e9 provenant de sources tierces. La PWA Rooksbet Casino fonctionne dans votre navigateur et est ajout\u00e9e \u00e0 l&rsquo;\u00e9cran d&rsquo;accueil. Elle se met automatiquement \u00e0 jour chaque fois que vous l&rsquo;ouvrez, vous utilisez donc toujours la derni\u00e8re version. L&rsquo;utilisation de la PWA am\u00e9liore la s\u00e9curit\u00e9 et r\u00e9duit la consommation de m\u00e9moire.<\/p>\n<p>L&rsquo;installation est simple. Ouvrez le site web Rooksbet dans votre navigateur. S\u00e9lectionnez \u00ab Ajouter \u00e0 l&rsquo;\u00e9cran d&rsquo;accueil \u00bb. L&rsquo;ic\u00f4ne de l&rsquo;application appara\u00eetra instantan\u00e9ment.<\/p>\n<p>Avantages de Rooksbet Casino PWA :<\/p>\n<ul>\n<li>Aucun t\u00e9l\u00e9chargement d&rsquo;APK n\u00e9cessaire<\/li>\n<li>Chargement rapide<\/li>\n<li>Faible utilisation de l&rsquo;espace de stockage<\/li>\n<li>Mises \u00e0 jour automatiques<\/li>\n<li>Connexion crypt\u00e9e<\/li>\n<li>Notifications push<\/li>\n<li>Fonctionne avec plusieurs appareils Android<\/li>\n<\/ul>\n<p><img loading=\"lazy\" decoding=\"async\" src=\"https:\/\/rooks-bet.org\/wp-content\/uploads\/Rooksbet-Android-App.webp\" alt=\"Rooksbet Android App\" width=\"1248\" height=\"536\" \/><\/p>\n<\/div><\/div><div style=\"clear: both\"><\/div><div class=\"d-flex justify-content-center\"><button data-item=\"decouvrez_link\" data-group=\"website_links\" class=\"goto fw-bold rounded-pill btn btn-orange\" aria-label=\"T\u00e9l\u00e9chargez l&#039;application Rooksbet\" >T\u00e9l\u00e9chargez l&#039;application Rooksbet<\/button><\/div><div class=\"scrollable-content-wrap my-5\"><div class=\"scrollable-content-inner\"><h2>Application Rooksbet \u2013 iOS<\/h2>\n<p>L&rsquo;application Rooksbet pour iOS est adapt\u00e9e aux appareils iPhone et iPad. Elle fonctionne via le navigateur Safari comme une application web. Il n&rsquo;est pas n\u00e9cessaire de t\u00e9l\u00e9charger le logiciel depuis l&rsquo;App Store. Ce format permet un acc\u00e8s plus rapide au casino Rooksbet, avec acc\u00e8s aux jeux et aux fonctionnalit\u00e9s de la plateforme.<\/p>\n<p>L&rsquo;interface est optimis\u00e9e pour les \u00e9crans iOS et le contr\u00f4le tactile. Les joueurs peuvent \u00e9galement recevoir des notifications concernant les mises \u00e0 jour. L&rsquo;avantage de notre application est qu&rsquo;elle envoie des notifications. Vous pouvez \u00eatre le premier \u00e0 \u00eatre inform\u00e9 des nouveaux tournois ou de votre place dans le classement. Les versions PC et navigateur ne vous envoient pas de notifications. Apr\u00e8s l&rsquo;installation, l&rsquo;ic\u00f4ne de l&rsquo;application Rooksbet Casino appara\u00eet sur l&rsquo;\u00e9cran d&rsquo;accueil pour un acc\u00e8s rapide.<\/p>\n<p>Comment installer l&rsquo;application Rooks Bet sur iOS :<\/p>\n<ol>\n<li>Pour commencer, vous devez ouvrir le site web Rooksbet Casino dans le navigateur Safari.<\/li>\n<li>Ensuite, vous devez appuyer sur l&rsquo;ic\u00f4ne \u00ab Partager \u00bb en bas de l&rsquo;\u00e9cran.<\/li>\n<li>S\u00e9lectionnez ensuite \u00ab Ajouter \u00e0 l&rsquo;\u00e9cran d&rsquo;accueil \u00bb et confirmez.<\/li>\n<\/ol>\n<p>L&rsquo;ic\u00f4ne de notre application appara\u00eetra sur votre appareil. Vous pouvez acc\u00e9der \u00e0 votre compte \u00e0 tout moment d&rsquo;un simple clic.<\/p>\n<p><img loading=\"lazy\" decoding=\"async\" src=\"https:\/\/rooks-bet.org\/wp-content\/uploads\/Rooksbet-iOS-App.webp\" alt=\"Rooksbet iOS App\" width=\"1248\" height=\"536\" \/><\/p>\n<\/div><\/div><div style=\"clear: both\"><\/div><div class=\"d-flex justify-content-center\"><button data-item=\"decouvrez_link\" data-group=\"website_links\" class=\"goto fw-bold rounded-pill btn btn-orange\" aria-label=\"T\u00e9l\u00e9chargez l&#039;application Rooksbet\" >T\u00e9l\u00e9chargez l&#039;application Rooksbet<\/button><\/div><div class=\"scrollable-content-wrap my-5\"><div class=\"scrollable-content-inner\"><h2>Rooks Bet Casino \u2013 Version bureau<\/h2>\n<p>Rooksbet Casino est disponible pour les ordinateurs de bureau sans installation de logiciel. La version pour ordinateur de bureau offre aux joueurs toutes les fonctionnalit\u00e9s de la plateforme avec plus de 6 000 jeux. Toutes les sections sont accessibles depuis le menu de navigation principal.<\/p>\n<p>L&rsquo;interface est adapt\u00e9e aux grands \u00e9crans, ce qui est pratique pour les jeux avec croupiers en direct. Sur Rooks Bet Casino pour PC, les joueurs peuvent consulter des informations d\u00e9taill\u00e9es sur les jeux, les conditions des bonus et l&rsquo;historique des transactions. La version pour ordinateur prend en charge le processus de v\u00e9rification des comptes et les demandes de retrait. Les utilisateurs peuvent \u00e9galement cr\u00e9er un raccourci dans leur navigateur pour y acc\u00e9der directement depuis leur bureau. Cela vous permet de lancer le casino en ligne d&rsquo;un simple clic, sans saisie manuelle.<\/p>\n<h2>Navigateurs pris en charge<\/h2>\n<p>Les joueurs peuvent acc\u00e9der \u00e0 la plateforme sur n&rsquo;importe quel appareil via les navigateurs Web pris en charge. Rooksbet Casino fonctionne sur pratiquement tous les navigateurs Web modernes. Les joueurs peuvent acc\u00e9der au casino sans installer de logiciel. Nous prenons en charge les derni\u00e8res versions des navigateurs suivants :<\/p>\n<ul>\n<li>Google Chrome<\/li>\n<li>Opera<\/li>\n<li>Safari<\/li>\n<li>Microsoft Edge<\/li>\n<li>Mozilla Firefox<\/li>\n<\/ul>\n<p>Il est pr\u00e9f\u00e9rable d&rsquo;utiliser la derni\u00e8re version du navigateur pour un chargement plus rapide. Le site web s&rsquo;adapte automatiquement aux navigateurs et aux tailles d&rsquo;\u00e9cran. Toutes les fonctionnalit\u00e9s de Rooksbet Casino fonctionnent de mani\u00e8re stable dans tous les navigateurs pris en charge.<\/p>\n<p><img loading=\"lazy\" decoding=\"async\" src=\"https:\/\/rooks-bet.org\/wp-content\/uploads\/Rooksbet-Desktop.webp\" alt=\"Rooksbet Desktop\" width=\"1248\" height=\"536\" \/><\/p>\n<\/div><\/div><div style=\"clear: both\"><\/div><div class=\"d-flex justify-content-center\"><button data-item=\"decouvrez_link\" data-group=\"website_links\" class=\"goto fw-bold rounded-pill btn btn-orange\" aria-label=\"T\u00e9l\u00e9chargez l&#039;application Rooksbet\" >T\u00e9l\u00e9chargez l&#039;application Rooksbet<\/button><\/div><div class=\"scrollable-content-wrap my-5\"><div class=\"scrollable-content-inner\"><h2>FAQ<\/h2>\n<h3>Comment mettre \u00e0 jour l&rsquo;application vers la derni\u00e8re version ?<\/h3>\n<p>Vous n&rsquo;avez pas besoin de mettre \u00e0 jour manuellement l&rsquo;application Rooksbet. Le logiciel fonctionne comme une application web. Il se met \u00e0 jour automatiquement chaque fois que vous l&rsquo;ouvrez dans votre navigateur. Pour vous assurer que vous utilisez la derni\u00e8re version, actualisez la page ou fermez et rouvrez l&rsquo;application. Avec notre application web, vous \u00eates s\u00fbr d&rsquo;utiliser la derni\u00e8re version pour une meilleure exp\u00e9rience de jeu.<\/p>\n<h3>Puis-je utiliser l&rsquo;application sur ma tablette ?<\/h3>\n<p>Oui, l&rsquo;application Rooksbet fonctionne sur les tablettes. Elle prend en charge les tablettes Android et iOS. L&rsquo;interface s&rsquo;adapte automatiquement aux \u00e9crans plus grands. Toutes les machines \u00e0 sous en ligne, les jeux de table, les jeux avec croupier en direct et les promotions sont disponibles. Vous pouvez l&rsquo;installer sur votre ordinateur de la m\u00eame mani\u00e8re que sur un t\u00e9l\u00e9phone.<\/p>\n<h3>Que dois-je faire si l&rsquo;application plante ou ne se charge pas correctement ?<\/h3>\n<p>Tout d&rsquo;abord, vous devez v\u00e9rifier votre connexion Internet. Ensuite, vous pouvez essayer d&rsquo;actualiser la page ou de rouvrir l&rsquo;application Rooks Bet. Vider le cache de votre navigateur peut \u00e9galement aider. De plus, votre navigateur doit \u00eatre mis \u00e0 jour vers la derni\u00e8re version. Si le probl\u00e8me persiste, vous pouvez contacter notre \u00e9quipe d&rsquo;assistance pour obtenir de l&rsquo;aide. Vous pouvez nous \u00e9crire via le chat en direct 24h\/24 et 7j\/7 ou par e-mail.<\/p>\n<\/div><\/div><\/p>\n","protected":false},"excerpt":{"rendered":"<p>Plateforme mobile Rooksbet Avec Rooksbet app, les joueurs peuvent acc\u00e9der instantan\u00e9ment au casino depuis leur t\u00e9l\u00e9phone. Notre application peut \u00eatre t\u00e9l\u00e9charg\u00e9e en un seul clic et offre une navigation facile vers n&rsquo;importe quelle section du casino mobile. L&rsquo;application Rooksbet fonctionne sur n&rsquo;importe quel smartphone ou tablette fonctionnant sous Android ou iOS. Le logiciel mobile s&rsquo;installe [&hellip;]<\/p>\n","protected":false},"author":1,"featured_media":0,"parent":0,"menu_order":0,"comment_status":"closed","ping_status":"closed","template":"template-builder.php","meta":{"_acf_changed":false,"inline_featured_image":false,"footnotes":""},"class_list":["post-1430","page","type-page","status-publish","hentry"],"acf":[],"yoast_head":"<!-- This site is optimized with the Yoast SEO plugin v27.3 - https:\/\/yoast.com\/product\/yoast-seo-wordpress\/ -->\n<title>Rooksbet App pour Mobile | iOS, Android<\/title>\n<meta name=\"description\" content=\"Rooksbet App \u2013 t\u00e9l\u00e9chargez l&#039;application mobile pour iOS et Android pour jouer aux machines \u00e0 sous, jeux de table et casino en direct partout. Profitez de performances fluides et d&#039;un acc\u00e8s complet \u00e0 votre compte avec Rooks Bet.\" \/>\n<meta name=\"robots\" content=\"index, follow, max-snippet:-1, max-image-preview:large, max-video-preview:-1\" \/>\n<link rel=\"canonical\" href=\"https:\/\/rooks-bet.org\/fr\/app\/\" \/>\n<meta property=\"og:locale\" content=\"fr_FR\" \/>\n<meta property=\"og:type\" content=\"article\" \/>\n<meta property=\"og:title\" content=\"Rooksbet App pour Mobile | iOS, Android\" \/>\n<meta property=\"og:description\" content=\"Rooksbet App \u2013 t\u00e9l\u00e9chargez l&#039;application mobile pour iOS et Android pour jouer aux machines \u00e0 sous, jeux de table et casino en direct partout. Profitez de performances fluides et d&#039;un acc\u00e8s complet \u00e0 votre compte avec Rooks Bet.\" \/>\n<meta property=\"og:url\" content=\"https:\/\/rooks-bet.org\/fr\/app\/\" \/>\n<meta property=\"og:site_name\" content=\"rooksbet\" \/>\n<meta property=\"article:modified_time\" content=\"2026-03-13T10:19:12+00:00\" \/>\n<meta name=\"twitter:card\" content=\"summary_large_image\" \/>\n<meta name=\"twitter:label1\" content=\"Dur\u00e9e de lecture estim\u00e9e\" \/>\n\t<meta name=\"twitter:data1\" content=\"2 minutes\" \/>\n<script type=\"application\/ld+json\" class=\"yoast-schema-graph\">{\"@context\":\"https:\\\/\\\/schema.org\",\"@graph\":[{\"@type\":\"WebPage\",\"@id\":\"https:\\\/\\\/rooks-bet.org\\\/fr\\\/app\\\/\",\"url\":\"https:\\\/\\\/rooks-bet.org\\\/fr\\\/app\\\/\",\"name\":\"Rooksbet App pour Mobile | iOS, Android\",\"isPartOf\":{\"@id\":\"https:\\\/\\\/rooks-bet.org\\\/fr\\\/#website\"},\"datePublished\":\"2026-03-13T06:48:53+00:00\",\"dateModified\":\"2026-03-13T10:19:12+00:00\",\"description\":\"Rooksbet App \u2013 t\u00e9l\u00e9chargez l'application mobile pour iOS et Android pour jouer aux machines \u00e0 sous, jeux de table et casino en direct partout. Profitez de performances fluides et d'un acc\u00e8s complet \u00e0 votre compte avec Rooks Bet.\",\"breadcrumb\":{\"@id\":\"https:\\\/\\\/rooks-bet.org\\\/fr\\\/app\\\/#breadcrumb\"},\"inLanguage\":\"fr-FR\",\"potentialAction\":[{\"@type\":\"ReadAction\",\"target\":[\"https:\\\/\\\/rooks-bet.org\\\/fr\\\/app\\\/\"]}]},{\"@type\":\"BreadcrumbList\",\"@id\":\"https:\\\/\\\/rooks-bet.org\\\/fr\\\/app\\\/#breadcrumb\",\"itemListElement\":[{\"@type\":\"ListItem\",\"position\":1,\"name\":\"Rooksbet\",\"item\":\"https:\\\/\\\/rooks-bet.org\\\/fr\\\/\"},{\"@type\":\"ListItem\",\"position\":2,\"name\":\"App\"}]},{\"@type\":\"WebSite\",\"@id\":\"https:\\\/\\\/rooks-bet.org\\\/fr\\\/#website\",\"url\":\"https:\\\/\\\/rooks-bet.org\\\/fr\\\/\",\"name\":\"Rooksbet\",\"description\":\"\",\"publisher\":{\"@id\":\"https:\\\/\\\/rooks-bet.org\\\/fr\\\/#organization\"},\"potentialAction\":[{\"@type\":\"SearchAction\",\"target\":{\"@type\":\"EntryPoint\",\"urlTemplate\":\"https:\\\/\\\/rooks-bet.org\\\/fr\\\/?s={search_term_string}\"},\"query-input\":{\"@type\":\"PropertyValueSpecification\",\"valueRequired\":true,\"valueName\":\"search_term_string\"}}],\"inLanguage\":\"fr-FR\"},{\"@type\":\"Organization\",\"@id\":\"https:\\\/\\\/rooks-bet.org\\\/fr\\\/#organization\",\"name\":\"Rooksbet\",\"url\":\"https:\\\/\\\/rooks-bet.org\\\/fr\\\/\",\"logo\":{\"@type\":\"ImageObject\",\"inLanguage\":\"fr-FR\",\"@id\":\"https:\\\/\\\/rooks-bet.org\\\/fr\\\/#\\\/schema\\\/logo\\\/image\\\/\",\"url\":\"https:\\\/\\\/rooks-bet.org\\\/wp-content\\\/uploads\\\/2026\\\/02\\\/Rooksbet-logo-Desktop.png\",\"contentUrl\":\"https:\\\/\\\/rooks-bet.org\\\/wp-content\\\/uploads\\\/2026\\\/02\\\/Rooksbet-logo-Desktop.png\",\"width\":167,\"height\":44,\"caption\":\"Rooksbet\"},\"image\":{\"@id\":\"https:\\\/\\\/rooks-bet.org\\\/fr\\\/#\\\/schema\\\/logo\\\/image\\\/\"}}]}<\/script>\n<!-- \/ Yoast SEO plugin. -->","yoast_head_json":{"title":"Rooksbet App pour Mobile | iOS, Android","description":"Rooksbet App \u2013 t\u00e9l\u00e9chargez l'application mobile pour iOS et Android pour jouer aux machines \u00e0 sous, jeux de table et casino en direct partout. Profitez de performances fluides et d'un acc\u00e8s complet \u00e0 votre compte avec Rooks Bet.","robots":{"index":"index","follow":"follow","max-snippet":"max-snippet:-1","max-image-preview":"max-image-preview:large","max-video-preview":"max-video-preview:-1"},"canonical":"https:\/\/rooks-bet.org\/fr\/app\/","og_locale":"fr_FR","og_type":"article","og_title":"Rooksbet App pour Mobile | iOS, Android","og_description":"Rooksbet App \u2013 t\u00e9l\u00e9chargez l'application mobile pour iOS et Android pour jouer aux machines \u00e0 sous, jeux de table et casino en direct partout. Profitez de performances fluides et d'un acc\u00e8s complet \u00e0 votre compte avec Rooks Bet.","og_url":"https:\/\/rooks-bet.org\/fr\/app\/","og_site_name":"rooksbet","article_modified_time":"2026-03-13T10:19:12+00:00","twitter_card":"summary_large_image","twitter_misc":{"Dur\u00e9e de lecture estim\u00e9e":"2 minutes"},"schema":{"@context":"https:\/\/schema.org","@graph":[{"@type":"WebPage","@id":"https:\/\/rooks-bet.org\/fr\/app\/","url":"https:\/\/rooks-bet.org\/fr\/app\/","name":"Rooksbet App pour Mobile | iOS, Android","isPartOf":{"@id":"https:\/\/rooks-bet.org\/fr\/#website"},"datePublished":"2026-03-13T06:48:53+00:00","dateModified":"2026-03-13T10:19:12+00:00","description":"Rooksbet App \u2013 t\u00e9l\u00e9chargez l'application mobile pour iOS et Android pour jouer aux machines \u00e0 sous, jeux de table et casino en direct partout. Profitez de performances fluides et d'un acc\u00e8s complet \u00e0 votre compte avec Rooks Bet.","breadcrumb":{"@id":"https:\/\/rooks-bet.org\/fr\/app\/#breadcrumb"},"inLanguage":"fr-FR","potentialAction":[{"@type":"ReadAction","target":["https:\/\/rooks-bet.org\/fr\/app\/"]}]},{"@type":"BreadcrumbList","@id":"https:\/\/rooks-bet.org\/fr\/app\/#breadcrumb","itemListElement":[{"@type":"ListItem","position":1,"name":"Rooksbet","item":"https:\/\/rooks-bet.org\/fr\/"},{"@type":"ListItem","position":2,"name":"App"}]},{"@type":"WebSite","@id":"https:\/\/rooks-bet.org\/fr\/#website","url":"https:\/\/rooks-bet.org\/fr\/","name":"Rooksbet","description":"","publisher":{"@id":"https:\/\/rooks-bet.org\/fr\/#organization"},"potentialAction":[{"@type":"SearchAction","target":{"@type":"EntryPoint","urlTemplate":"https:\/\/rooks-bet.org\/fr\/?s={search_term_string}"},"query-input":{"@type":"PropertyValueSpecification","valueRequired":true,"valueName":"search_term_string"}}],"inLanguage":"fr-FR"},{"@type":"Organization","@id":"https:\/\/rooks-bet.org\/fr\/#organization","name":"Rooksbet","url":"https:\/\/rooks-bet.org\/fr\/","logo":{"@type":"ImageObject","inLanguage":"fr-FR","@id":"https:\/\/rooks-bet.org\/fr\/#\/schema\/logo\/image\/","url":"https:\/\/rooks-bet.org\/wp-content\/uploads\/2026\/02\/Rooksbet-logo-Desktop.png","contentUrl":"https:\/\/rooks-bet.org\/wp-content\/uploads\/2026\/02\/Rooksbet-logo-Desktop.png","width":167,"height":44,"caption":"Rooksbet"},"image":{"@id":"https:\/\/rooks-bet.org\/fr\/#\/schema\/logo\/image\/"}}]}},"_links":{"self":[{"href":"https:\/\/rooks-bet.org\/fr\/wp-json\/wp\/v2\/pages\/1430","targetHints":{"allow":["GET"]}}],"collection":[{"href":"https:\/\/rooks-bet.org\/fr\/wp-json\/wp\/v2\/pages"}],"about":[{"href":"https:\/\/rooks-bet.org\/fr\/wp-json\/wp\/v2\/types\/page"}],"author":[{"embeddable":true,"href":"https:\/\/rooks-bet.org\/fr\/wp-json\/wp\/v2\/users\/1"}],"replies":[{"embeddable":true,"href":"https:\/\/rooks-bet.org\/fr\/wp-json\/wp\/v2\/comments?post=1430"}],"version-history":[{"count":2,"href":"https:\/\/rooks-bet.org\/fr\/wp-json\/wp\/v2\/pages\/1430\/revisions"}],"predecessor-version":[{"id":1693,"href":"https:\/\/rooks-bet.org\/fr\/wp-json\/wp\/v2\/pages\/1430\/revisions\/1693"}],"wp:attachment":[{"href":"https:\/\/rooks-bet.org\/fr\/wp-json\/wp\/v2\/media?parent=1430"}],"curies":[{"name":"wp","href":"https:\/\/api.w.org\/{rel}","templated":true}]}}