{"id":1481,"date":"2026-03-13T07:01:04","date_gmt":"2026-03-13T07:01:04","guid":{"rendered":"https:\/\/rooks-bet.org\/login-and-registration\/"},"modified":"2026-03-13T08:43:48","modified_gmt":"2026-03-13T08:43:48","slug":"inicio-de-sesion-y-registro","status":"publish","type":"page","link":"https:\/\/rooks-bet.org\/es\/inicio-de-sesion-y-registro\/","title":{"rendered":"Inicio de sesi\u00f3n y Registro"},"content":{"rendered":"<h1>Inicio de sesi\u00f3n y registro en la cuenta de Rooksbet<\/h1>\n<p>El Rooksbet login ofrece a los jugadores espa\u00f1oles un acceso seguro a la cuenta del casino desde cualquier dispositivo. Solo los usuarios registrados pueden utilizar nuestros bonos de casino, jugar y ganar. El sistema de autorizaci\u00f3n funciona tanto en los navegadores como en la aplicaci\u00f3n m\u00f3vil. En Rooksbet Casino, obtienes un inicio de sesi\u00f3n r\u00e1pido y acceso completo a todas las funciones de la plataforma.<\/p>\n<p><div class=\"banner-wrap\" aria-label=\"Banner\"><img src=\"https:\/\/rooks-bet.org\/wp-content\/uploads\/2026\/02\/Rooksbet-banner-desktop.webp\" class=\"w-100 d-none d-lg-block img-pc main-banner-img\" alt=\"Rooksbet banner desktop\" fetchpriority=\"high\" decoding=\"async\"><img src=\"https:\/\/rooks-bet.org\/wp-content\/uploads\/2026\/02\/Rooksbet-banner-mobile.webp\" class=\"w-100 d-none d-md-block d-lg-none main-banner-img\" alt=\"Rooksbet banner mobile\" fetchpriority=\"high\" decoding=\"async\"><img src=\"https:\/\/rooks-bet.org\/wp-content\/uploads\/2026\/02\/Rooksbet-banner-mobile.webp\" class=\"w-100 d-md-none\" alt=\"Rooksbet banner mobile\" fetchpriority=\"high\" decoding=\"async\"><div class=\"banner-description\">\n<div class=\"banner-title\">Bonos de bienvenida<\/div>\n<p class=\"banner-header-title\">1500 \u20ac<\/p>\n<div class=\"banner-header-AdditionalText\">+ 250 Tiradas gratis<\/div>\n<button data-item=\"homepage_banner_link\" class=\"goto m-button m-gradient-border m-button--primary m-button--large banner-button btn-orange\">\n            <div class=\"m-button-content\">\n                <span>Reg\u00edstrate ahora<\/span>\n                <span><\/span>\n            <\/div>\n        <\/button>\n<\/div>\n<div class=\"WelcomePack\">\n<p><img loading=\"lazy\" decoding=\"async\" class=\"alignnone size-full wp-image-1379\" src=\"https:\/\/rooks-bet.org\/wp-content\/uploads\/2026\/02\/welcome-crown.png\" alt=\"welcome crown\" width=\"25\" height=\"26\" \/><\/p>\n<div class=\"WelcomePack-Info\">Reembolso semanal de hasta el 25 %<\/div>\n<p><img loading=\"lazy\" decoding=\"async\" class=\"alignnone size-full wp-image-1379\" src=\"https:\/\/rooks-bet.org\/wp-content\/uploads\/2026\/02\/welcome-crown.png\" alt=\"welcome crown\" width=\"25\" height=\"26\" \/><\/p>\n<\/div>\n<\/div><div class=\"scrollable-content-wrap my-5\"><div class=\"scrollable-content-inner\"><h2>Procedimiento de registro en Rooksbet<\/h2>\n<p>Al registrarte en Rooks Bet Casino, tendr\u00e1s acceso a todas las funciones de la plataforma. Solo los usuarios registrados pueden jugar, depositar fondos y solicitar retiradas. Crear una cuenta te permite gestionar tu perfil personal y la configuraci\u00f3n de seguridad. Despu\u00e9s de registrarte, puedes actualizar tus datos, cambiar tu contrase\u00f1a y habilitar medidas de seguridad adicionales, como la autenticaci\u00f3n de dos factores. En tu cuenta tienes a tu disposici\u00f3n herramientas de juego responsable, como l\u00edmites de dep\u00f3sito y control del tiempo de sesi\u00f3n. Los nuevos jugadores tambi\u00e9n pueden acceder a las ofertas de bienvenida despu\u00e9s de registrarse, completar el proceso de inicio de sesi\u00f3n en Rooksbet y realizar el dep\u00f3sito correspondiente.<\/p>\n<p>C\u00f3mo registrarse en Rooksbet:<\/p>\n<ol>\n<li>Para empezar, debes hacer clic en el bot\u00f3n \u00abReg\u00edstrate\u00bb de la p\u00e1gina de inicio.<\/li>\n<li>A continuaci\u00f3n, debe introducir su direcci\u00f3n de correo electr\u00f3nico y crear una contrase\u00f1a segura.<\/li>\n<li>Despu\u00e9s, debes confirmar que aceptas los T\u00e9rminos y la Pol\u00edtica de privacidad.<\/li>\n<li>Por \u00faltimo, debe verificar su cuenta utilizando el enlace de confirmaci\u00f3n enviado a su correo electr\u00f3nico.<\/li>\n<\/ol>\n<h2>Pasos para iniciar sesi\u00f3n en Rooksbet<\/h2>\n<p>Para acceder a todas las funciones de Rooksbet, debes iniciar sesi\u00f3n en tu cuenta. Solo los usuarios autorizados pueden gestionar fondos y activar bonificaciones. Despu\u00e9s de iniciar sesi\u00f3n, la plataforma abrir\u00e1 tu panel de control personal con todas las herramientas y la configuraci\u00f3n de la cuenta. Tendr\u00e1s a tu disposici\u00f3n m\u00e1s de 6.000 juegos en nuestra plataforma despu\u00e9s de completar el proceso de inicio de sesi\u00f3n en Rooksbet.<\/p>\n<p>Para iniciar sesi\u00f3n, primero haga clic en el bot\u00f3n \u00abIniciar sesi\u00f3n\u00bb. A continuaci\u00f3n, debe introducir la direcci\u00f3n de correo electr\u00f3nico y la contrase\u00f1a asociadas a su cuenta. A continuaci\u00f3n, deber\u00e1 confirmar la acci\u00f3n y el proceso de inicio de sesi\u00f3n en Rooksbet habr\u00e1 finalizado. Si ha olvidado su contrase\u00f1a, puede recuperarla utilizando la funci\u00f3n de recuperaci\u00f3n. Si tiene alguna dificultad, nuestro equipo de asistencia multiling\u00fce est\u00e1 disponible las 24 horas del d\u00eda, los 7 d\u00edas de la semana, a trav\u00e9s del chat en vivo o por correo electr\u00f3nico.<\/p>\n<p>Puede gestionar todas las secciones de su cuenta personal despu\u00e9s de registrarse e iniciar sesi\u00f3n.<\/p>\n<table>\n<tbody>\n<tr>\n<td>Secci\u00f3n de interfaz<\/td>\n<td>Funciones principales<\/td>\n<td>Descripci\u00f3n<\/td>\n<\/tr>\n<tr>\n<td>Historial de actividad<\/td>\n<td>Registros de juegos y transacciones<\/td>\n<td>Muestra su actividad de apuestas y operaciones financieras.<\/td>\n<\/tr>\n<tr>\n<td>Monedero<\/td>\n<td>Dep\u00f3sitos, retiradas y seguimiento del saldo<\/td>\n<td>Puede consultar su saldo y realizar transacciones.<\/td>\n<\/tr>\n<tr>\n<td>Configuraci\u00f3n del perfil<\/td>\n<td>Informaci\u00f3n personal y progreso en el programa de fidelidad<\/td>\n<td>Aqu\u00ed puede cambiar sus datos de contacto y ver su estado en el programa de fidelidad.<\/td>\n<\/tr>\n<tr>\n<td>Configuraci\u00f3n de seguridad<\/td>\n<td>Actualizaciones de contrase\u00f1a y 2FA<\/td>\n<td>Herramientas para reforzar la protecci\u00f3n de la cuenta y realizar un seguimiento de sus sesiones de inicio de sesi\u00f3n.<\/td>\n<\/tr>\n<tr>\n<td>Herramientas de juego responsable<\/td>\n<td>L\u00edmites y autoexclusi\u00f3n<\/td>\n<td>Puedes establecer l\u00edmites o activar un periodo de reflexi\u00f3n.<\/td>\n<\/tr>\n<\/tbody>\n<\/table>\n<p><img loading=\"lazy\" decoding=\"async\" class=\"alignnone size-full wp-image-1441\" src=\"https:\/\/rooks-bet.org\/wp-content\/uploads\/Rooksbet-Login.webp\" alt=\"Rooksbet Login\" width=\"1248\" height=\"536\" srcset=\"https:\/\/rooks-bet.org\/wp-content\/uploads\/Rooksbet-Login.webp 1248w, https:\/\/rooks-bet.org\/wp-content\/uploads\/Rooksbet-Login-300x129.webp 300w, https:\/\/rooks-bet.org\/wp-content\/uploads\/Rooksbet-Login-1024x440.webp 1024w, https:\/\/rooks-bet.org\/wp-content\/uploads\/Rooksbet-Login-768x330.webp 768w\" sizes=\"auto, (max-width: 1248px) 100vw, 1248px\" \/><\/p>\n<h2>Protecci\u00f3n de tu cuenta<\/h2>\n<p>Rooksbet Casino utiliza las tecnolog\u00edas de seguridad m\u00e1s avanzadas. Todas las transferencias de datos entre el jugador y el sitio web se cifran mediante TLS 1.3 con cifrado AES de 256 bits. La plataforma opera a trav\u00e9s de conexiones HTTPS seguras con certificados TLS v\u00e1lidos.<\/p>\n<p>Nuestros protocolos de intercambio de claves (ECDHE, RSA-2048) admiten canales de comunicaci\u00f3n seguros y la confidencialidad de todos los datos. La protecci\u00f3n de las cuentas de los jugadores de Rooksbet tambi\u00e9n cuenta con una estricta pol\u00edtica de contrase\u00f1as y autenticaci\u00f3n de dos factores (2FA).<\/p>\n<p>Las transacciones financieras se procesan con el est\u00e1ndar PCI-DSS utilizando el cifrado y la tokenizaci\u00f3n de los datos de pago. Todos los juegos utilizan generadores de n\u00fameros aleatorios (RNG) certificados. Nuestros generadores de n\u00fameros aleatorios se someten a pruebas independientes realizadas por organizaciones como eCOGRA e iTech Labs. Rooks Bet cumple con altos est\u00e1ndares de seguridad.<\/p>\n<h2>Rooks Bet: cuentas bloqueadas o suspendidas<\/h2>\n<p>Rooksbet Casino puede bloquear o suspender temporalmente una cuenta si el sistema detecta actividad sospechosa. Este proceso ayuda a proteger a los jugadores y sus transacciones financieras.<\/p>\n<p>Podemos restringir una cuenta si un jugador no sigue las reglas de la plataforma o no completa el proceso de verificaci\u00f3n. Por ejemplo, su cuenta puede ser suspendida si proporciona informaci\u00f3n incorrecta. Una cuenta tambi\u00e9n puede ser suspendida por falta de documentos de verificaci\u00f3n.<\/p>\n<p>Un jugador tambi\u00e9n puede ser bloqueado por:<\/p>\n<ul>\n<li>Crear varias cuentas<\/li>\n<li>Intentar abusar de los bonos<\/li>\n<li>Utilizar m\u00e9todos de pago que pertenecen a otra persona<\/li>\n<li>Comportamiento inusual en las apuestas.<\/li>\n<\/ul>\n<p>Si tu cuenta de Rooks Bet Casino est\u00e1 bloqueada, debes ponerte en contacto con el servicio de atenci\u00f3n al cliente a trav\u00e9s del chat en l\u00ednea o por correo electr\u00f3nico. El servicio de atenci\u00f3n al cliente revisar\u00e1 la situaci\u00f3n y puede que te solicite documentaci\u00f3n adicional para reactivar tu cuenta. Tras la verificaci\u00f3n, si no se encuentran infracciones, tu cuenta podr\u00e1 ser activada.<\/p>\n<h2>Preguntas frecuentes<\/h2>\n<h3>\u00bfQu\u00e9 debo hacer si olvido mi correo electr\u00f3nico de registro?<\/h3>\n<p>Si ha olvidado su direcci\u00f3n de correo electr\u00f3nico, debe ponerse en contacto con el equipo de asistencia de Rooksbet. El personal de asistencia puede solicitarle cierta informaci\u00f3n para asegurarse de que usted es el titular de la cuenta. Por ejemplo, pueden pedirle sus datos de pago u otra informaci\u00f3n de la cuenta. Tras la verificaci\u00f3n, el equipo le ayudar\u00e1 a recuperar su cuenta o a cambiar sus datos de inicio de sesi\u00f3n en Rooksbet.<\/p>\n<h3>\u00bfEs seguro el inicio de sesi\u00f3n en Rooksbet?<\/h3>\n<p>S\u00ed, el sistema de inicio de sesi\u00f3n de Rooksbet utiliza tecnolog\u00edas de seguridad modernas para proteger las cuentas de los usuarios. La plataforma utiliza conexiones cifradas y servidores seguros para mantener a salvo los datos personales y financieros. Los jugadores tambi\u00e9n pueden mejorar la protecci\u00f3n de su cuenta utilizando una contrase\u00f1a segura y habilitando la autenticaci\u00f3n de dos factores.<\/p>\n<h3>\u00bfPor qu\u00e9 el sistema me sigue desconectando?<\/h3>\n<p>El sistema puede cerrar autom\u00e1ticamente la sesi\u00f3n de su cuenta por motivos de seguridad. Esto puede ocurrir si no ha iniciado sesi\u00f3n durante mucho tiempo y su sesi\u00f3n ha caducado. Tambi\u00e9n puede ocurrir debido a una conexi\u00f3n a Internet inestable. Puede actualizar la p\u00e1gina o borrar la cach\u00e9 de su navegador.<\/p>\n<\/div><\/div><\/p>\n","protected":false},"excerpt":{"rendered":"<p>Inicio de sesi\u00f3n y registro en la cuenta de Rooksbet El Rooksbet login ofrece a los jugadores espa\u00f1oles un acceso seguro a la cuenta del casino desde cualquier dispositivo. Solo los usuarios registrados pueden utilizar nuestros bonos de casino, jugar y ganar. El sistema de autorizaci\u00f3n funciona tanto en los navegadores como en la aplicaci\u00f3n [&hellip;]<\/p>\n","protected":false},"author":1,"featured_media":0,"parent":0,"menu_order":0,"comment_status":"closed","ping_status":"closed","template":"template-builder.php","meta":{"_acf_changed":false,"inline_featured_image":false,"footnotes":""},"class_list":["post-1481","page","type-page","status-publish","hentry"],"acf":[],"yoast_head":"<!-- This site is optimized with the Yoast SEO plugin v27.3 - https:\/\/yoast.com\/product\/yoast-seo-wordpress\/ -->\n<title>Rooksbet Login &amp; Registro | Acceso Seguro<\/title>\n<meta name=\"description\" content=\"Rooksbet Login \u2013 inicia sesi\u00f3n de forma segura o crea tu cuenta en segundos con acceso encriptado y verificaci\u00f3n r\u00e1pida. Gestiona la recuperaci\u00f3n de contrase\u00f1a, ajustes de perfil y herramientas de cuenta f\u00e1cilmente en Rooks Bet.\" \/>\n<meta name=\"robots\" content=\"index, follow, max-snippet:-1, max-image-preview:large, max-video-preview:-1\" \/>\n<link rel=\"canonical\" href=\"https:\/\/rooks-bet.org\/es\/inicio-de-sesion-y-registro\/\" \/>\n<meta property=\"og:locale\" content=\"es_ES\" \/>\n<meta property=\"og:type\" content=\"article\" \/>\n<meta property=\"og:title\" content=\"Rooksbet Login &amp; Registro | Acceso Seguro\" \/>\n<meta property=\"og:description\" content=\"Rooksbet Login \u2013 inicia sesi\u00f3n de forma segura o crea tu cuenta en segundos con acceso encriptado y verificaci\u00f3n r\u00e1pida. Gestiona la recuperaci\u00f3n de contrase\u00f1a, ajustes de perfil y herramientas de cuenta f\u00e1cilmente en Rooks Bet.\" \/>\n<meta property=\"og:url\" content=\"https:\/\/rooks-bet.org\/es\/inicio-de-sesion-y-registro\/\" \/>\n<meta property=\"og:site_name\" content=\"rooksbet\" \/>\n<meta property=\"article:modified_time\" content=\"2026-03-13T08:43:48+00:00\" \/>\n<meta name=\"twitter:card\" content=\"summary_large_image\" \/>\n<meta name=\"twitter:label1\" content=\"Est. reading time\" \/>\n\t<meta name=\"twitter:data1\" content=\"1 minute\" \/>\n<script type=\"application\/ld+json\" class=\"yoast-schema-graph\">{\"@context\":\"https:\\\/\\\/schema.org\",\"@graph\":[{\"@type\":\"WebPage\",\"@id\":\"https:\\\/\\\/rooks-bet.org\\\/es\\\/inicio-de-sesion-y-registro\\\/\",\"url\":\"https:\\\/\\\/rooks-bet.org\\\/es\\\/inicio-de-sesion-y-registro\\\/\",\"name\":\"Rooksbet Login & Registro | Acceso Seguro\",\"isPartOf\":{\"@id\":\"https:\\\/\\\/rooks-bet.org\\\/es\\\/#website\"},\"datePublished\":\"2026-03-13T07:01:04+00:00\",\"dateModified\":\"2026-03-13T08:43:48+00:00\",\"description\":\"Rooksbet Login \u2013 inicia sesi\u00f3n de forma segura o crea tu cuenta en segundos con acceso encriptado y verificaci\u00f3n r\u00e1pida. Gestiona la recuperaci\u00f3n de contrase\u00f1a, ajustes de perfil y herramientas de cuenta f\u00e1cilmente en Rooks Bet.\",\"breadcrumb\":{\"@id\":\"https:\\\/\\\/rooks-bet.org\\\/es\\\/inicio-de-sesion-y-registro\\\/#breadcrumb\"},\"inLanguage\":\"es-ES\",\"potentialAction\":[{\"@type\":\"ReadAction\",\"target\":[\"https:\\\/\\\/rooks-bet.org\\\/es\\\/inicio-de-sesion-y-registro\\\/\"]}]},{\"@type\":\"BreadcrumbList\",\"@id\":\"https:\\\/\\\/rooks-bet.org\\\/es\\\/inicio-de-sesion-y-registro\\\/#breadcrumb\",\"itemListElement\":[{\"@type\":\"ListItem\",\"position\":1,\"name\":\"Rooksbet\",\"item\":\"https:\\\/\\\/rooks-bet.org\\\/es\\\/\"},{\"@type\":\"ListItem\",\"position\":2,\"name\":\"Inicio de sesi\u00f3n y Registro\"}]},{\"@type\":\"WebSite\",\"@id\":\"https:\\\/\\\/rooks-bet.org\\\/es\\\/#website\",\"url\":\"https:\\\/\\\/rooks-bet.org\\\/es\\\/\",\"name\":\"Rooksbet\",\"description\":\"\",\"publisher\":{\"@id\":\"https:\\\/\\\/rooks-bet.org\\\/es\\\/#organization\"},\"potentialAction\":[{\"@type\":\"SearchAction\",\"target\":{\"@type\":\"EntryPoint\",\"urlTemplate\":\"https:\\\/\\\/rooks-bet.org\\\/es\\\/?s={search_term_string}\"},\"query-input\":{\"@type\":\"PropertyValueSpecification\",\"valueRequired\":true,\"valueName\":\"search_term_string\"}}],\"inLanguage\":\"es-ES\"},{\"@type\":\"Organization\",\"@id\":\"https:\\\/\\\/rooks-bet.org\\\/es\\\/#organization\",\"name\":\"Rooksbet\",\"url\":\"https:\\\/\\\/rooks-bet.org\\\/es\\\/\",\"logo\":{\"@type\":\"ImageObject\",\"inLanguage\":\"es-ES\",\"@id\":\"https:\\\/\\\/rooks-bet.org\\\/es\\\/#\\\/schema\\\/logo\\\/image\\\/\",\"url\":\"https:\\\/\\\/rooks-bet.org\\\/wp-content\\\/uploads\\\/2026\\\/02\\\/Rooksbet-logo-Desktop.png\",\"contentUrl\":\"https:\\\/\\\/rooks-bet.org\\\/wp-content\\\/uploads\\\/2026\\\/02\\\/Rooksbet-logo-Desktop.png\",\"width\":167,\"height\":44,\"caption\":\"Rooksbet\"},\"image\":{\"@id\":\"https:\\\/\\\/rooks-bet.org\\\/es\\\/#\\\/schema\\\/logo\\\/image\\\/\"}}]}<\/script>\n<!-- \/ Yoast SEO plugin. -->","yoast_head_json":{"title":"Rooksbet Login & Registro | Acceso Seguro","description":"Rooksbet Login \u2013 inicia sesi\u00f3n de forma segura o crea tu cuenta en segundos con acceso encriptado y verificaci\u00f3n r\u00e1pida. Gestiona la recuperaci\u00f3n de contrase\u00f1a, ajustes de perfil y herramientas de cuenta f\u00e1cilmente en Rooks Bet.","robots":{"index":"index","follow":"follow","max-snippet":"max-snippet:-1","max-image-preview":"max-image-preview:large","max-video-preview":"max-video-preview:-1"},"canonical":"https:\/\/rooks-bet.org\/es\/inicio-de-sesion-y-registro\/","og_locale":"es_ES","og_type":"article","og_title":"Rooksbet Login & Registro | Acceso Seguro","og_description":"Rooksbet Login \u2013 inicia sesi\u00f3n de forma segura o crea tu cuenta en segundos con acceso encriptado y verificaci\u00f3n r\u00e1pida. Gestiona la recuperaci\u00f3n de contrase\u00f1a, ajustes de perfil y herramientas de cuenta f\u00e1cilmente en Rooks Bet.","og_url":"https:\/\/rooks-bet.org\/es\/inicio-de-sesion-y-registro\/","og_site_name":"rooksbet","article_modified_time":"2026-03-13T08:43:48+00:00","twitter_card":"summary_large_image","twitter_misc":{"Est. reading time":"1 minute"},"schema":{"@context":"https:\/\/schema.org","@graph":[{"@type":"WebPage","@id":"https:\/\/rooks-bet.org\/es\/inicio-de-sesion-y-registro\/","url":"https:\/\/rooks-bet.org\/es\/inicio-de-sesion-y-registro\/","name":"Rooksbet Login & Registro | Acceso Seguro","isPartOf":{"@id":"https:\/\/rooks-bet.org\/es\/#website"},"datePublished":"2026-03-13T07:01:04+00:00","dateModified":"2026-03-13T08:43:48+00:00","description":"Rooksbet Login \u2013 inicia sesi\u00f3n de forma segura o crea tu cuenta en segundos con acceso encriptado y verificaci\u00f3n r\u00e1pida. Gestiona la recuperaci\u00f3n de contrase\u00f1a, ajustes de perfil y herramientas de cuenta f\u00e1cilmente en Rooks Bet.","breadcrumb":{"@id":"https:\/\/rooks-bet.org\/es\/inicio-de-sesion-y-registro\/#breadcrumb"},"inLanguage":"es-ES","potentialAction":[{"@type":"ReadAction","target":["https:\/\/rooks-bet.org\/es\/inicio-de-sesion-y-registro\/"]}]},{"@type":"BreadcrumbList","@id":"https:\/\/rooks-bet.org\/es\/inicio-de-sesion-y-registro\/#breadcrumb","itemListElement":[{"@type":"ListItem","position":1,"name":"Rooksbet","item":"https:\/\/rooks-bet.org\/es\/"},{"@type":"ListItem","position":2,"name":"Inicio de sesi\u00f3n y Registro"}]},{"@type":"WebSite","@id":"https:\/\/rooks-bet.org\/es\/#website","url":"https:\/\/rooks-bet.org\/es\/","name":"Rooksbet","description":"","publisher":{"@id":"https:\/\/rooks-bet.org\/es\/#organization"},"potentialAction":[{"@type":"SearchAction","target":{"@type":"EntryPoint","urlTemplate":"https:\/\/rooks-bet.org\/es\/?s={search_term_string}"},"query-input":{"@type":"PropertyValueSpecification","valueRequired":true,"valueName":"search_term_string"}}],"inLanguage":"es-ES"},{"@type":"Organization","@id":"https:\/\/rooks-bet.org\/es\/#organization","name":"Rooksbet","url":"https:\/\/rooks-bet.org\/es\/","logo":{"@type":"ImageObject","inLanguage":"es-ES","@id":"https:\/\/rooks-bet.org\/es\/#\/schema\/logo\/image\/","url":"https:\/\/rooks-bet.org\/wp-content\/uploads\/2026\/02\/Rooksbet-logo-Desktop.png","contentUrl":"https:\/\/rooks-bet.org\/wp-content\/uploads\/2026\/02\/Rooksbet-logo-Desktop.png","width":167,"height":44,"caption":"Rooksbet"},"image":{"@id":"https:\/\/rooks-bet.org\/es\/#\/schema\/logo\/image\/"}}]}},"_links":{"self":[{"href":"https:\/\/rooks-bet.org\/es\/wp-json\/wp\/v2\/pages\/1481","targetHints":{"allow":["GET"]}}],"collection":[{"href":"https:\/\/rooks-bet.org\/es\/wp-json\/wp\/v2\/pages"}],"about":[{"href":"https:\/\/rooks-bet.org\/es\/wp-json\/wp\/v2\/types\/page"}],"author":[{"embeddable":true,"href":"https:\/\/rooks-bet.org\/es\/wp-json\/wp\/v2\/users\/1"}],"replies":[{"embeddable":true,"href":"https:\/\/rooks-bet.org\/es\/wp-json\/wp\/v2\/comments?post=1481"}],"version-history":[{"count":2,"href":"https:\/\/rooks-bet.org\/es\/wp-json\/wp\/v2\/pages\/1481\/revisions"}],"predecessor-version":[{"id":1620,"href":"https:\/\/rooks-bet.org\/es\/wp-json\/wp\/v2\/pages\/1481\/revisions\/1620"}],"wp:attachment":[{"href":"https:\/\/rooks-bet.org\/es\/wp-json\/wp\/v2\/media?parent=1481"}],"curies":[{"name":"wp","href":"https:\/\/api.w.org\/{rel}","templated":true}]}}