{"id":1440,"date":"2026-03-13T06:48:53","date_gmt":"2026-03-13T06:48:53","guid":{"rendered":"https:\/\/rooks-bet.org\/app\/"},"modified":"2026-03-13T08:35:41","modified_gmt":"2026-03-13T08:35:41","slug":"aplicacion","status":"publish","type":"page","link":"https:\/\/rooks-bet.org\/es\/aplicacion\/","title":{"rendered":"Aplicaci\u00f3n"},"content":{"rendered":"<h1>Plataforma m\u00f3vil Rooksbet<\/h1>\n<p>La Rooksbet app permite a los jugadores espa\u00f1oles acceder al casino al instante desde un tel\u00e9fono. Nuestra aplicaci\u00f3n se puede descargar con un solo clic y ofrece una navegaci\u00f3n sencilla a cualquier secci\u00f3n del casino m\u00f3vil. La aplicaci\u00f3n Rooksbet funciona en cualquier smartphone o tableta con Android o iOS. El software m\u00f3vil se instala r\u00e1pidamente a trav\u00e9s del navegador de tu m\u00f3vil y no requiere descargas externas. Utilizamos la \u00faltima tecnolog\u00eda para impulsar nuestra aplicaci\u00f3n m\u00f3vil.<\/p>\n<div class=\"banner-wrap\" aria-label=\"Banner\"><img src=\"https:\/\/rooks-bet.org\/wp-content\/uploads\/2026\/02\/Rooksbet-banner-desktop.webp\" class=\"w-100 d-none d-lg-block img-pc main-banner-img\" alt=\"Rooksbet banner desktop\" fetchpriority=\"high\" decoding=\"async\"><img src=\"https:\/\/rooks-bet.org\/wp-content\/uploads\/2026\/02\/Rooksbet-banner-mobile.webp\" class=\"w-100 d-none d-md-block d-lg-none main-banner-img\" alt=\"Rooksbet banner mobile\" fetchpriority=\"high\" decoding=\"async\"><img src=\"https:\/\/rooks-bet.org\/wp-content\/uploads\/2026\/02\/Rooksbet-banner-mobile.webp\" class=\"w-100 d-md-none\" alt=\"Rooksbet banner mobile\" fetchpriority=\"high\" decoding=\"async\"><div class=\"banner-description\">\n<div class=\"banner-title\">Bonos de bienvenida<\/div>\n<p class=\"banner-header-title\">1500 \u20ac<\/p>\n<div class=\"banner-header-AdditionalText\">+ 250 Tiradas gratis<\/div>\n<button data-item=\"homepage_banner_link\" class=\"goto m-button m-gradient-border m-button--primary m-button--large banner-button btn-orange\">\n            <div class=\"m-button-content\">\n                <span>Reg\u00edstrate ahora<\/span>\n                <span><\/span>\n            <\/div>\n        <\/button>\n<\/div>\n<div class=\"WelcomePack\">\n<p><img loading=\"lazy\" decoding=\"async\" class=\"alignnone size-full wp-image-1379\" src=\"https:\/\/rooks-bet.org\/wp-content\/uploads\/2026\/02\/welcome-crown.png\" alt=\"welcome crown\" width=\"25\" height=\"26\" \/><\/p>\n<div class=\"WelcomePack-Info\">Reembolso semanal de hasta el 25 %<\/div>\n<p><img loading=\"lazy\" decoding=\"async\" class=\"alignnone size-full wp-image-1379\" src=\"https:\/\/rooks-bet.org\/wp-content\/uploads\/2026\/02\/welcome-crown.png\" alt=\"welcome crown\" width=\"25\" height=\"26\" \/><\/p>\n<\/div>\n<\/div>\n<h2>Caracter\u00edsticas de la aplicaci\u00f3n Rooksbet<\/h2>\n<p>Nuestros desarrolladores han creado espec\u00edficamente la aplicaci\u00f3n Rooks Bet con acceso completo al casino sin comprometer la funcionalidad. Nuestra aplicaci\u00f3n le permite realizar las mismas acciones que en la versi\u00f3n para PC. El formato m\u00f3vil facilita el cambio entre las secciones de la plataforma. La principal ventaja de la versi\u00f3n para PC es su gran interfaz visual, mientras que la versi\u00f3n m\u00f3vil es m\u00e1s flexible. Los jugadores de Rooksbet pueden cambiar de dispositivo sin perder el acceso a su progreso.<\/p>\n<table>\n<tbody>\n<tr>\n<td>Caracter\u00edstica<\/td>\n<td>C\u00f3mo funciona<\/td>\n<td>Ventaja para el jugador<\/td>\n<\/tr>\n<tr>\n<td>Interfaz optimizada para pantallas t\u00e1ctiles<\/td>\n<td>Los men\u00fas y botones est\u00e1n adaptados para el control t\u00e1ctil<\/td>\n<td>Navegaci\u00f3n m\u00e1s f\u00e1cil en tel\u00e9fonos inteligentes y tabletas<\/td>\n<\/tr>\n<tr>\n<td>Acceso con un solo toque<\/td>\n<td>Inicio de sesi\u00f3n r\u00e1pido y acceso directo desde la pantalla de inicio<\/td>\n<td>Entrada m\u00e1s r\u00e1pida en comparaci\u00f3n con el inicio de un navegador de escritorio<\/td>\n<\/tr>\n<tr>\n<td>Actualizaciones autom\u00e1ticas<\/td>\n<td>Se ejecuta a trav\u00e9s de actualizaciones del sistema basadas en el navegador<\/td>\n<td>No es necesario realizar descargas manuales<\/td>\n<\/tr>\n<tr>\n<td>Gesti\u00f3n completa de la cuenta<\/td>\n<td>Admite dep\u00f3sitos, retiradas y verificaci\u00f3n<\/td>\n<td>Mismo control que en un PC<\/td>\n<\/tr>\n<tr>\n<td>Acceso port\u00e1til<\/td>\n<td>Funciona en redes m\u00f3viles y Wi-Fi<\/td>\n<td>Juega desde cualquier lugar<\/td>\n<\/tr>\n<\/tbody>\n<\/table>\n<p><div class=\"scrollable-content-wrap my-5\"><div class=\"scrollable-content-inner\"><h2>Aplicaci\u00f3n Rooksbet para Android<\/h2>\n<p>La aplicaci\u00f3n Rooksbet funciona en todos los tel\u00e9fonos y tabletas Android. Es compatible con smartphones y tabletas con cualquier tama\u00f1o de pantalla y versi\u00f3n del sistema. Nuestro software para Android te permite utilizar todos los juegos y funciones de la cuenta. Nuestra aplicaci\u00f3n para Android carga r\u00e1pidamente cualquier secci\u00f3n de Rooksbet Casino. La interfaz se adapta a las pantallas Android y carga r\u00e1pidamente todas las secciones.<\/p>\n<h3>Soluci\u00f3n PWA de Rooksbet<\/h3>\n<p>Rooksbet Casino utiliza la tecnolog\u00eda de aplicaciones web progresivas (PWA) en lugar de descargar un archivo APK. No es necesario instalar un paquete independiente de fuentes de terceros. La PWA de Rooksbet Casino funciona en tu navegador y se a\u00f1ade a la pantalla de inicio. Se actualiza autom\u00e1ticamente cada vez que la abres, por lo que siempre utilizas la \u00faltima versi\u00f3n. El uso de PWA mejora la seguridad y reduce el consumo de memoria.<\/p>\n<p>La instalaci\u00f3n es sencilla. Abre el sitio web de Rooksbet en tu navegador. Selecciona \u00abA\u00f1adir a la pantalla de inicio\u00bb. El icono de la aplicaci\u00f3n aparecer\u00e1 al instante.<\/p>\n<p>Ventajas de Rooksbet Casino PWA:<\/p>\n<ul>\n<li>No es necesario descargar el APK<\/li>\n<li>Carga r\u00e1pida<\/li>\n<li>Bajo consumo de almacenamiento<\/li>\n<li>Actualizaciones autom\u00e1ticas<\/li>\n<li>Conexi\u00f3n cifrada<\/li>\n<li>Notificaciones push<\/li>\n<li>Funciona con m\u00faltiples dispositivos Android<\/li>\n<\/ul>\n<p><img loading=\"lazy\" decoding=\"async\" src=\"https:\/\/rooks-bet.org\/wp-content\/uploads\/Rooksbet-Android-App.webp\" alt=\"Rooksbet Android App\" width=\"1248\" height=\"536\" \/><\/p>\n<\/div><\/div><div style=\"clear: both\"><\/div><div class=\"d-flex justify-content-center\"><button data-item=\"decouvrez_link\" data-group=\"website_links\" class=\"goto fw-bold rounded-pill btn btn-orange\" aria-label=\"Descarga la aplicaci\u00f3n Rooksbet\" >Descarga la aplicaci\u00f3n Rooksbet<\/button><\/div><div class=\"scrollable-content-wrap my-5\"><div class=\"scrollable-content-inner\"><h2>Aplicaci\u00f3n Rooksbet \u2013 iOS<\/h2>\n<p>La aplicaci\u00f3n Rooksbet para iOS est\u00e1 adaptada para dispositivos iPhone y iPad. Funciona a trav\u00e9s del navegador Safari como una aplicaci\u00f3n web. No es necesario descargar ning\u00fan software de la App Store. Este formato permite un acceso m\u00e1s r\u00e1pido a Rooksbet Casino, con acceso a los juegos y a las funciones de la plataforma.<\/p>\n<p>La interfaz est\u00e1 optimizada para pantallas iOS y control t\u00e1ctil. Los jugadores tambi\u00e9n pueden recibir notificaciones sobre actualizaciones. La ventaja de nuestra aplicaci\u00f3n es que env\u00eda notificaciones. Puedes ser el primero en enterarte de los nuevos torneos o de tu posici\u00f3n en la clasificaci\u00f3n. Las versiones para PC y navegador no te env\u00edan notificaciones. Tras la instalaci\u00f3n, el icono de la aplicaci\u00f3n Rooksbet Casino aparece en la pantalla de inicio para un acceso r\u00e1pido.<\/p>\n<p>C\u00f3mo instalar la aplicaci\u00f3n Rooks Bet en iOS:<\/p>\n<ol>\n<li>Para empezar, debes abrir el sitio web de Rooksbet Casino en el navegador Safari.<\/li>\n<li>A continuaci\u00f3n, debes pulsar el icono \u00abCompartir\u00bb en la parte inferior de la pantalla.<\/li>\n<li>A continuaci\u00f3n, selecciona \u00abA\u00f1adir a la pantalla de inicio\u00bb y confirma.<\/li>\n<\/ol>\n<p>El icono de nuestra aplicaci\u00f3n aparecer\u00e1 en tu dispositivo. Podr\u00e1s acceder a tu cuenta en cualquier momento con un solo toque.<\/p>\n<p><img loading=\"lazy\" decoding=\"async\" src=\"https:\/\/rooks-bet.org\/wp-content\/uploads\/Rooksbet-iOS-App.webp\" alt=\"Rooksbet iOS App\" width=\"1248\" height=\"536\" \/><\/p>\n<\/div><\/div><div style=\"clear: both\"><\/div><div class=\"d-flex justify-content-center\"><button data-item=\"decouvrez_link\" data-group=\"website_links\" class=\"goto fw-bold rounded-pill btn btn-orange\" aria-label=\"Descarga la aplicaci\u00f3n Rooksbet\" >Descarga la aplicaci\u00f3n Rooksbet<\/button><\/div><div class=\"scrollable-content-wrap my-5\"><div class=\"scrollable-content-inner\"><h2>Rooks Bet Casino: versi\u00f3n para ordenador<\/h2>\n<p>Rooksbet Casino est\u00e1 disponible para ordenadores de escritorio sin necesidad de instalar ning\u00fan software. La versi\u00f3n de escritorio ofrece a los jugadores todas las funciones de la plataforma con m\u00e1s de 6.000 juegos. Se puede acceder a todas las secciones desde el men\u00fa de navegaci\u00f3n principal.<\/p>\n<p>La interfaz est\u00e1 adaptada para pantallas grandes, lo que resulta muy pr\u00e1ctico para los juegos con crupieres en vivo. En Rooks Bet Casino para PC, los jugadores pueden ver informaci\u00f3n detallada sobre los juegos, las condiciones de los bonos y el historial de transacciones. La versi\u00f3n para ordenador admite el proceso de verificaci\u00f3n de cuentas y las solicitudes de retirada de fondos. Los usuarios tambi\u00e9n pueden crear un acceso directo en su navegador para acceder directamente desde su escritorio. Esto le permite iniciar el casino en l\u00ednea con un solo clic sin necesidad de introducir datos manualmente.<\/p>\n<h2>Navegadores compatibles<\/h2>\n<p>Los jugadores pueden acceder a la plataforma desde cualquier dispositivo a trav\u00e9s de los navegadores web compatibles. Rooksbet Casino funciona en pr\u00e1cticamente todos los navegadores web modernos. Los jugadores pueden acceder al casino sin necesidad de instalar ning\u00fan software. Admitimos las \u00faltimas versiones de los siguientes navegadores:<\/p>\n<ul>\n<li>Google Chrome<\/li>\n<li>Opera<\/li>\n<li>Safari<\/li>\n<li>Microsoft Edge<\/li>\n<li>Mozilla Firefox<\/li>\n<\/ul>\n<p>Es recomendable utilizar la \u00faltima versi\u00f3n del navegador para una carga m\u00e1s r\u00e1pida. El sitio web se adapta autom\u00e1ticamente a los navegadores y tama\u00f1os de pantalla. Todas las funciones de Rooksbet Casino funcionan de forma estable en todos los navegadores compatibles.<\/p>\n<p><img loading=\"lazy\" decoding=\"async\" src=\"https:\/\/rooks-bet.org\/wp-content\/uploads\/Rooksbet-Desktop.webp\" alt=\"Rooksbet Desktop\" width=\"1248\" height=\"536\" \/><\/p>\n<\/div><\/div><div style=\"clear: both\"><\/div><div class=\"d-flex justify-content-center\"><button data-item=\"decouvrez_link\" data-group=\"website_links\" class=\"goto fw-bold rounded-pill btn btn-orange\" aria-label=\"Descarga la aplicaci\u00f3n Rooksbet\" >Descarga la aplicaci\u00f3n Rooksbet<\/button><\/div><div class=\"scrollable-content-wrap my-5\"><div class=\"scrollable-content-inner\"><h2>Preguntas frecuentes<\/h2>\n<h3>\u00bfC\u00f3mo actualizo la aplicaci\u00f3n a la \u00faltima versi\u00f3n?<\/h3>\n<p>No es necesario actualizar la aplicaci\u00f3n Rooksbet manualmente. El software funciona como una aplicaci\u00f3n web. Se actualiza autom\u00e1ticamente cada vez que la abre en su navegador. Para asegurarse de que utiliza la \u00faltima versi\u00f3n, actualice la p\u00e1gina o cierre y vuelva a abrir la aplicaci\u00f3n. Con nuestra aplicaci\u00f3n web, tendr\u00e1 la seguridad de estar utilizando la \u00faltima versi\u00f3n para disfrutar de una mejor experiencia de juego.<\/p>\n<h3>\u00bfPuedo utilizar la aplicaci\u00f3n en mi tableta?<\/h3>\n<p>S\u00ed, la aplicaci\u00f3n Rooksbet funciona en tabletas. Es compatible con tabletas Android e iOS. La interfaz se ajusta autom\u00e1ticamente a pantallas m\u00e1s grandes. Todas las tragamonedas en l\u00ednea, juegos de mesa, juegos con crupier en vivo y promociones est\u00e1n disponibles. Puede instalarla en su ordenador de la misma manera que lo har\u00eda en un tel\u00e9fono.<\/p>\n<h3>\u00bfQu\u00e9 debo hacer si la aplicaci\u00f3n se bloquea o no se carga correctamente?<\/h3>\n<p>En primer lugar, comprueba tu conexi\u00f3n a Internet. A continuaci\u00f3n, prueba a actualizar la p\u00e1gina o a volver a abrir la aplicaci\u00f3n Rooks Bet. Tambi\u00e9n puede ser \u00fatil borrar la cach\u00e9 del navegador. Adem\u00e1s, tu navegador debe estar actualizado a la \u00faltima versi\u00f3n. Si el problema persiste, puedes ponerte en contacto con nuestro equipo de asistencia para obtener ayuda. Puedes escribirnos a trav\u00e9s del chat en vivo 24\/7 o por correo electr\u00f3nico.<\/p>\n<\/div><\/div><\/p>\n","protected":false},"excerpt":{"rendered":"<p>Plataforma m\u00f3vil Rooksbet La Rooksbet app permite a los jugadores espa\u00f1oles acceder al casino al instante desde un tel\u00e9fono. Nuestra aplicaci\u00f3n se puede descargar con un solo clic y ofrece una navegaci\u00f3n sencilla a cualquier secci\u00f3n del casino m\u00f3vil. La aplicaci\u00f3n Rooksbet funciona en cualquier smartphone o tableta con Android o iOS. El software m\u00f3vil [&hellip;]<\/p>\n","protected":false},"author":1,"featured_media":0,"parent":0,"menu_order":0,"comment_status":"closed","ping_status":"closed","template":"template-builder.php","meta":{"_acf_changed":false,"inline_featured_image":false,"footnotes":""},"class_list":["post-1440","page","type-page","status-publish","hentry"],"acf":[],"yoast_head":"<!-- This site is optimized with the Yoast SEO plugin v27.3 - https:\/\/yoast.com\/product\/yoast-seo-wordpress\/ -->\n<title>Rooksbet App para M\u00f3vil | iOS, Android<\/title>\n<meta name=\"description\" content=\"Rooksbet App \u2013 descarga la aplicaci\u00f3n m\u00f3vil para iOS y Android para jugar tragamonedas, juegos de mesa y casino en vivo en cualquier lugar. Disfruta de un rendimiento fluido y acceso completo a tu cuenta con Rooks Bet.\" \/>\n<meta name=\"robots\" content=\"index, follow, max-snippet:-1, max-image-preview:large, max-video-preview:-1\" \/>\n<link rel=\"canonical\" href=\"https:\/\/rooks-bet.org\/es\/aplicacion\/\" \/>\n<meta property=\"og:locale\" content=\"es_ES\" \/>\n<meta property=\"og:type\" content=\"article\" \/>\n<meta property=\"og:title\" content=\"Rooksbet App para M\u00f3vil | iOS, Android\" \/>\n<meta property=\"og:description\" content=\"Rooksbet App \u2013 descarga la aplicaci\u00f3n m\u00f3vil para iOS y Android para jugar tragamonedas, juegos de mesa y casino en vivo en cualquier lugar. Disfruta de un rendimiento fluido y acceso completo a tu cuenta con Rooks Bet.\" \/>\n<meta property=\"og:url\" content=\"https:\/\/rooks-bet.org\/es\/aplicacion\/\" \/>\n<meta property=\"og:site_name\" content=\"rooksbet\" \/>\n<meta property=\"article:modified_time\" content=\"2026-03-13T08:35:41+00:00\" \/>\n<meta name=\"twitter:card\" content=\"summary_large_image\" \/>\n<meta name=\"twitter:label1\" content=\"Est. reading time\" \/>\n\t<meta name=\"twitter:data1\" content=\"2 minutes\" \/>\n<script type=\"application\/ld+json\" class=\"yoast-schema-graph\">{\"@context\":\"https:\\\/\\\/schema.org\",\"@graph\":[{\"@type\":\"WebPage\",\"@id\":\"https:\\\/\\\/rooks-bet.org\\\/es\\\/aplicacion\\\/\",\"url\":\"https:\\\/\\\/rooks-bet.org\\\/es\\\/aplicacion\\\/\",\"name\":\"Rooksbet App para M\u00f3vil | iOS, Android\",\"isPartOf\":{\"@id\":\"https:\\\/\\\/rooks-bet.org\\\/es\\\/#website\"},\"datePublished\":\"2026-03-13T06:48:53+00:00\",\"dateModified\":\"2026-03-13T08:35:41+00:00\",\"description\":\"Rooksbet App \u2013 descarga la aplicaci\u00f3n m\u00f3vil para iOS y Android para jugar tragamonedas, juegos de mesa y casino en vivo en cualquier lugar. Disfruta de un rendimiento fluido y acceso completo a tu cuenta con Rooks Bet.\",\"breadcrumb\":{\"@id\":\"https:\\\/\\\/rooks-bet.org\\\/es\\\/aplicacion\\\/#breadcrumb\"},\"inLanguage\":\"es-ES\",\"potentialAction\":[{\"@type\":\"ReadAction\",\"target\":[\"https:\\\/\\\/rooks-bet.org\\\/es\\\/aplicacion\\\/\"]}]},{\"@type\":\"BreadcrumbList\",\"@id\":\"https:\\\/\\\/rooks-bet.org\\\/es\\\/aplicacion\\\/#breadcrumb\",\"itemListElement\":[{\"@type\":\"ListItem\",\"position\":1,\"name\":\"Rooksbet\",\"item\":\"https:\\\/\\\/rooks-bet.org\\\/es\\\/\"},{\"@type\":\"ListItem\",\"position\":2,\"name\":\"Aplicaci\u00f3n\"}]},{\"@type\":\"WebSite\",\"@id\":\"https:\\\/\\\/rooks-bet.org\\\/es\\\/#website\",\"url\":\"https:\\\/\\\/rooks-bet.org\\\/es\\\/\",\"name\":\"Rooksbet\",\"description\":\"\",\"publisher\":{\"@id\":\"https:\\\/\\\/rooks-bet.org\\\/es\\\/#organization\"},\"potentialAction\":[{\"@type\":\"SearchAction\",\"target\":{\"@type\":\"EntryPoint\",\"urlTemplate\":\"https:\\\/\\\/rooks-bet.org\\\/es\\\/?s={search_term_string}\"},\"query-input\":{\"@type\":\"PropertyValueSpecification\",\"valueRequired\":true,\"valueName\":\"search_term_string\"}}],\"inLanguage\":\"es-ES\"},{\"@type\":\"Organization\",\"@id\":\"https:\\\/\\\/rooks-bet.org\\\/es\\\/#organization\",\"name\":\"Rooksbet\",\"url\":\"https:\\\/\\\/rooks-bet.org\\\/es\\\/\",\"logo\":{\"@type\":\"ImageObject\",\"inLanguage\":\"es-ES\",\"@id\":\"https:\\\/\\\/rooks-bet.org\\\/es\\\/#\\\/schema\\\/logo\\\/image\\\/\",\"url\":\"https:\\\/\\\/rooks-bet.org\\\/wp-content\\\/uploads\\\/2026\\\/02\\\/Rooksbet-logo-Desktop.png\",\"contentUrl\":\"https:\\\/\\\/rooks-bet.org\\\/wp-content\\\/uploads\\\/2026\\\/02\\\/Rooksbet-logo-Desktop.png\",\"width\":167,\"height\":44,\"caption\":\"Rooksbet\"},\"image\":{\"@id\":\"https:\\\/\\\/rooks-bet.org\\\/es\\\/#\\\/schema\\\/logo\\\/image\\\/\"}}]}<\/script>\n<!-- \/ Yoast SEO plugin. -->","yoast_head_json":{"title":"Rooksbet App para M\u00f3vil | iOS, Android","description":"Rooksbet App \u2013 descarga la aplicaci\u00f3n m\u00f3vil para iOS y Android para jugar tragamonedas, juegos de mesa y casino en vivo en cualquier lugar. Disfruta de un rendimiento fluido y acceso completo a tu cuenta con Rooks Bet.","robots":{"index":"index","follow":"follow","max-snippet":"max-snippet:-1","max-image-preview":"max-image-preview:large","max-video-preview":"max-video-preview:-1"},"canonical":"https:\/\/rooks-bet.org\/es\/aplicacion\/","og_locale":"es_ES","og_type":"article","og_title":"Rooksbet App para M\u00f3vil | iOS, Android","og_description":"Rooksbet App \u2013 descarga la aplicaci\u00f3n m\u00f3vil para iOS y Android para jugar tragamonedas, juegos de mesa y casino en vivo en cualquier lugar. Disfruta de un rendimiento fluido y acceso completo a tu cuenta con Rooks Bet.","og_url":"https:\/\/rooks-bet.org\/es\/aplicacion\/","og_site_name":"rooksbet","article_modified_time":"2026-03-13T08:35:41+00:00","twitter_card":"summary_large_image","twitter_misc":{"Est. reading time":"2 minutes"},"schema":{"@context":"https:\/\/schema.org","@graph":[{"@type":"WebPage","@id":"https:\/\/rooks-bet.org\/es\/aplicacion\/","url":"https:\/\/rooks-bet.org\/es\/aplicacion\/","name":"Rooksbet App para M\u00f3vil | iOS, Android","isPartOf":{"@id":"https:\/\/rooks-bet.org\/es\/#website"},"datePublished":"2026-03-13T06:48:53+00:00","dateModified":"2026-03-13T08:35:41+00:00","description":"Rooksbet App \u2013 descarga la aplicaci\u00f3n m\u00f3vil para iOS y Android para jugar tragamonedas, juegos de mesa y casino en vivo en cualquier lugar. Disfruta de un rendimiento fluido y acceso completo a tu cuenta con Rooks Bet.","breadcrumb":{"@id":"https:\/\/rooks-bet.org\/es\/aplicacion\/#breadcrumb"},"inLanguage":"es-ES","potentialAction":[{"@type":"ReadAction","target":["https:\/\/rooks-bet.org\/es\/aplicacion\/"]}]},{"@type":"BreadcrumbList","@id":"https:\/\/rooks-bet.org\/es\/aplicacion\/#breadcrumb","itemListElement":[{"@type":"ListItem","position":1,"name":"Rooksbet","item":"https:\/\/rooks-bet.org\/es\/"},{"@type":"ListItem","position":2,"name":"Aplicaci\u00f3n"}]},{"@type":"WebSite","@id":"https:\/\/rooks-bet.org\/es\/#website","url":"https:\/\/rooks-bet.org\/es\/","name":"Rooksbet","description":"","publisher":{"@id":"https:\/\/rooks-bet.org\/es\/#organization"},"potentialAction":[{"@type":"SearchAction","target":{"@type":"EntryPoint","urlTemplate":"https:\/\/rooks-bet.org\/es\/?s={search_term_string}"},"query-input":{"@type":"PropertyValueSpecification","valueRequired":true,"valueName":"search_term_string"}}],"inLanguage":"es-ES"},{"@type":"Organization","@id":"https:\/\/rooks-bet.org\/es\/#organization","name":"Rooksbet","url":"https:\/\/rooks-bet.org\/es\/","logo":{"@type":"ImageObject","inLanguage":"es-ES","@id":"https:\/\/rooks-bet.org\/es\/#\/schema\/logo\/image\/","url":"https:\/\/rooks-bet.org\/wp-content\/uploads\/2026\/02\/Rooksbet-logo-Desktop.png","contentUrl":"https:\/\/rooks-bet.org\/wp-content\/uploads\/2026\/02\/Rooksbet-logo-Desktop.png","width":167,"height":44,"caption":"Rooksbet"},"image":{"@id":"https:\/\/rooks-bet.org\/es\/#\/schema\/logo\/image\/"}}]}},"_links":{"self":[{"href":"https:\/\/rooks-bet.org\/es\/wp-json\/wp\/v2\/pages\/1440","targetHints":{"allow":["GET"]}}],"collection":[{"href":"https:\/\/rooks-bet.org\/es\/wp-json\/wp\/v2\/pages"}],"about":[{"href":"https:\/\/rooks-bet.org\/es\/wp-json\/wp\/v2\/types\/page"}],"author":[{"embeddable":true,"href":"https:\/\/rooks-bet.org\/es\/wp-json\/wp\/v2\/users\/1"}],"replies":[{"embeddable":true,"href":"https:\/\/rooks-bet.org\/es\/wp-json\/wp\/v2\/comments?post=1440"}],"version-history":[{"count":2,"href":"https:\/\/rooks-bet.org\/es\/wp-json\/wp\/v2\/pages\/1440\/revisions"}],"predecessor-version":[{"id":1610,"href":"https:\/\/rooks-bet.org\/es\/wp-json\/wp\/v2\/pages\/1440\/revisions\/1610"}],"wp:attachment":[{"href":"https:\/\/rooks-bet.org\/es\/wp-json\/wp\/v2\/media?parent=1440"}],"curies":[{"name":"wp","href":"https:\/\/api.w.org\/{rel}","templated":true}]}}