{"id":1477,"date":"2026-03-13T07:01:04","date_gmt":"2026-03-13T07:01:04","guid":{"rendered":"https:\/\/rooks-bet.org\/login-and-registration\/"},"modified":"2026-03-13T07:57:21","modified_gmt":"2026-03-13T07:57:21","slug":"anmeldung-und-registrierung","status":"publish","type":"page","link":"https:\/\/rooks-bet.org\/de\/anmeldung-und-registrierung\/","title":{"rendered":"Anmeldung und Registrierung"},"content":{"rendered":"<h1>Rooksbet Kontoanmeldung und Registrierung<\/h1>\n<p>Der Rooksbet Login erm\u00f6glicht Spielern einen sicheren Zugriff auf ihr Casino-Konto von jedem Ger\u00e4t aus. Nur registrierte Benutzer k\u00f6nnen unsere Casino-Boni nutzen, spielen und gewinnen. Das Autorisierungssystem funktioniert sowohl in Browsern als auch in der mobilen App. Bei Rooksbet Casino erhalten Sie eine schnelle Anmeldung und vollen Zugriff auf alle Funktionen der Plattform.<\/p>\n<p><div class=\"banner-wrap\" aria-label=\"Banner\"><img src=\"https:\/\/rooks-bet.org\/wp-content\/uploads\/2026\/02\/Rooksbet-banner-desktop.webp\" class=\"w-100 d-none d-lg-block img-pc main-banner-img\" alt=\"Rooksbet banner desktop\" fetchpriority=\"high\" decoding=\"async\"><img src=\"https:\/\/rooks-bet.org\/wp-content\/uploads\/2026\/02\/Rooksbet-banner-mobile.webp\" class=\"w-100 d-none d-md-block d-lg-none main-banner-img\" alt=\"Rooksbet banner mobile\" fetchpriority=\"high\" decoding=\"async\"><img src=\"https:\/\/rooks-bet.org\/wp-content\/uploads\/2026\/02\/Rooksbet-banner-mobile.webp\" class=\"w-100 d-md-none\" alt=\"Rooksbet banner mobile\" fetchpriority=\"high\" decoding=\"async\"><div class=\"banner-description\">\n<div class=\"banner-title\">Willkommensboni<\/div>\n<p class=\"banner-header-title\">1500 \u20ac<\/p>\n<div class=\"banner-header-AdditionalText\">+ 250 Freispiele<\/div>\n<button data-item=\"homepage_banner_link\" class=\"goto m-button m-gradient-border m-button--primary m-button--large banner-button btn-orange\">\n            <div class=\"m-button-content\">\n                <span>Jetzt anmelden<\/span>\n                <span><\/span>\n            <\/div>\n        <\/button>\n<\/div>\n<div class=\"WelcomePack\">\n<p><img loading=\"lazy\" decoding=\"async\" class=\"alignnone size-full wp-image-1378\" src=\"https:\/\/rooks-bet.org\/wp-content\/uploads\/2026\/02\/welcome-crown.png\" alt=\"welcome crown\" width=\"25\" height=\"26\" \/><\/p>\n<div class=\"WelcomePack-Info\">W\u00f6chentlicher Cashback von bis zu 25 %<\/div>\n<p><img loading=\"lazy\" decoding=\"async\" class=\"alignnone size-full wp-image-1378\" src=\"https:\/\/rooks-bet.org\/wp-content\/uploads\/2026\/02\/welcome-crown.png\" alt=\"welcome crown\" width=\"25\" height=\"26\" \/><\/p>\n<\/div>\n<\/div><div class=\"scrollable-content-wrap my-5\"><div class=\"scrollable-content-inner\"><h2>Rooksbet Registrierungsverfahren<\/h2>\n<p>Wenn Sie sich bei Rooks Bet Casino registrieren, erhalten Sie Zugriff auf alle Funktionen der Plattform. Nur registrierte Benutzer k\u00f6nnen Spiele spielen, Einzahlungen vornehmen und Auszahlungen beantragen. Durch die Erstellung eines Kontos k\u00f6nnen Sie Ihr pers\u00f6nliches Profil und Ihre Sicherheitseinstellungen verwalten. Nach der Registrierung k\u00f6nnen Sie Ihre Daten aktualisieren, Ihr Passwort \u00e4ndern und zus\u00e4tzliche Sicherheitsma\u00dfnahmen wie die Zwei-Faktor-Authentifizierung aktivieren. In Ihrem Konto stehen Ihnen Tools f\u00fcr verantwortungsbewusstes Spielen wie Einzahlungslimits und Sitzungszeitkontrolle zur Verf\u00fcgung. Neue Spieler k\u00f6nnen nach der Registrierung, dem Abschluss des Rooksbet-Anmeldevorgangs und der entsprechenden Einzahlung auch auf Willkommensangebote zugreifen.<\/p>\n<p>So registrieren Sie sich bei Rooksbet:<\/p>\n<ol>\n<li>Zun\u00e4chst sollten Sie auf der Startseite auf die Schaltfl\u00e4che \u201eRegistrieren\u201c klicken.<\/li>\n<li>Anschlie\u00dfend m\u00fcssen Sie Ihre E-Mail-Adresse eingeben und ein sicheres Passwort erstellen.<\/li>\n<li>Danach m\u00fcssen Sie best\u00e4tigen, dass Sie die Allgemeinen Gesch\u00e4ftsbedingungen und die Datenschutzerkl\u00e4rung akzeptieren.<\/li>\n<li>Zuletzt m\u00fcssen Sie Ihr Konto \u00fcber den Best\u00e4tigungslink, der an Ihre E-Mail-Adresse gesendet wurde, verifizieren.<\/li>\n<\/ol>\n<h2>Anmeldeschritte bei Rooksbet<\/h2>\n<p>Um auf alle Funktionen von Rooksbet zugreifen zu k\u00f6nnen, m\u00fcssen Sie sich bei Ihrem Konto anmelden. Nur autorisierte Benutzer k\u00f6nnen Geld verwalten und Boni aktivieren. Nach der Anmeldung \u00f6ffnet die Plattform Ihr pers\u00f6nliches Kontrollpanel mit allen Tools und Kontoeinstellungen. Nach Abschluss des Rooksbet-Anmeldevorgangs stehen Ihnen mehr als 6.000 Spiele auf unserer Plattform zur Verf\u00fcgung.<\/p>\n<p>Um sich anzumelden, klicken Sie zun\u00e4chst auf die Schaltfl\u00e4che \u201eAnmelden\u201c. Als N\u00e4chstes m\u00fcssen Sie die mit Ihrem Konto verkn\u00fcpfte E-Mail-Adresse und das Passwort eingeben. Anschlie\u00dfend m\u00fcssen Sie die Aktion best\u00e4tigen, und der Rooksbet-Anmeldevorgang ist abgeschlossen. Wenn Sie Ihr Passwort vergessen haben, k\u00f6nnen Sie es mithilfe der Wiederherstellungsfunktion wiederherstellen. Wenn Sie auf Schwierigkeiten sto\u00dfen, steht Ihnen unser mehrsprachiges Support-Team rund um die Uhr per Live-Chat oder E-Mail zur Verf\u00fcgung.<\/p>\n<p>Nach der Registrierung und Anmeldung k\u00f6nnen Sie alle Bereiche Ihres pers\u00f6nlichen Kontos verwalten.<\/p>\n<table>\n<tbody>\n<tr>\n<td>Benutzeroberfl\u00e4che Bereich<\/td>\n<td>Hauptfunktionen<\/td>\n<td>Beschreibung<\/td>\n<\/tr>\n<tr>\n<td>Aktivit\u00e4tsverlauf<\/td>\n<td>Spiel- und Transaktionsaufzeichnungen<\/td>\n<td>Zeigt Ihre Wettaktivit\u00e4ten und Finanztransaktionen an.<\/td>\n<\/tr>\n<tr>\n<td>Geldb\u00f6rse<\/td>\n<td>Einzahlungen, Auszahlungen und Kontostandsverfolgung<\/td>\n<td>Sie k\u00f6nnen Ihren Kontostand \u00fcberpr\u00fcfen und Transaktionen durchf\u00fchren.<\/td>\n<\/tr>\n<tr>\n<td>Profileinstellungen<\/td>\n<td>Pers\u00f6nliche Daten und Treueprogramm-Fortschritt<\/td>\n<td>Hier k\u00f6nnen Sie Ihre Kontaktdaten \u00e4ndern und Ihren Status im Treueprogramm einsehen.<\/td>\n<\/tr>\n<tr>\n<td>Sicherheitseinstellungen<\/td>\n<td>Passwortaktualisierungen und 2FA<\/td>\n<td>Tools zur Verbesserung des Kontoschutzes und zur Verfolgung Ihrer Anmeldesitzungen.<\/td>\n<\/tr>\n<tr>\n<td>Tools f\u00fcr verantwortungsbewusstes Spielen<\/td>\n<td>Limits und Selbstausschluss<\/td>\n<td>Sie k\u00f6nnen Limits festlegen oder eine Abk\u00fchlungsphase aktivieren.<\/td>\n<\/tr>\n<\/tbody>\n<\/table>\n<p><img loading=\"lazy\" decoding=\"async\" class=\"alignnone size-full wp-image-1433\" src=\"https:\/\/rooks-bet.org\/wp-content\/uploads\/Rooksbet-Login.webp\" alt=\"Rooksbet Login\" width=\"1248\" height=\"536\" srcset=\"https:\/\/rooks-bet.org\/wp-content\/uploads\/Rooksbet-Login.webp 1248w, https:\/\/rooks-bet.org\/wp-content\/uploads\/Rooksbet-Login-300x129.webp 300w, https:\/\/rooks-bet.org\/wp-content\/uploads\/Rooksbet-Login-1024x440.webp 1024w, https:\/\/rooks-bet.org\/wp-content\/uploads\/Rooksbet-Login-768x330.webp 768w\" sizes=\"auto, (max-width: 1248px) 100vw, 1248px\" \/><\/p>\n<h2>Schutz Ihres Kontos<\/h2>\n<p>Rooksbet Casino verwendet die fortschrittlichsten Sicherheitstechnologien. Alle Daten\u00fcbertragungen zwischen dem Spieler und der Website werden mit TLS 1.3 mit 256-Bit-AES-Verschl\u00fcsselung verschl\u00fcsselt. Die Plattform arbeitet \u00fcber sichere HTTPS-Verbindungen mit g\u00fcltigen TLS-Zertifikaten.<\/p>\n<p>Unsere Schl\u00fcsselaustauschprotokolle (ECDHE, RSA-2048) unterst\u00fctzen sichere Kommunikationskan\u00e4le und die Vertraulichkeit aller Daten. Der Schutz der Rooksbet-Spielerkonten unterliegt au\u00dferdem strengen Passwortrichtlinien und einer Zwei-Faktor-Authentifizierung (2FA).<\/p>\n<p>Finanztransaktionen werden gem\u00e4\u00df dem PCI-DSS-Standard unter Verwendung von Verschl\u00fcsselung und Tokenisierung der Zahlungsdaten verarbeitet. Alle Spiele verwenden zertifizierte Zufallszahlengeneratoren (RNGs). Unsere Zufallszahlengeneratoren werden von unabh\u00e4ngigen Organisationen wie eCOGRA und iTech Labs getestet. Rooks Bet unterst\u00fctzt hohe Sicherheitsstandards.<\/p>\n<h2>Rooks Bet \u2013 Gesperrte oder suspendierte Konten<\/h2>\n<p>Rooksbet Casino kann ein Konto vor\u00fcbergehend sperren oder suspendieren, wenn das System verd\u00e4chtige Aktivit\u00e4ten feststellt. Dieser Prozess dient dem Schutz der Spieler und ihrer Finanztransaktionen.<\/p>\n<p>Wir k\u00f6nnen ein Konto sperren, wenn ein Spieler die Regeln der Plattform nicht befolgt oder den Verifizierungsprozess nicht abschlie\u00dft. Beispielsweise kann Ihr Konto gesperrt werden, wenn Sie falsche Angaben machen. Ein Konto kann auch aufgrund fehlender Verifizierungsdokumente gesperrt werden.<\/p>\n<p>Ein Spieler kann auch aus folgenden Gr\u00fcnden gesperrt werden:<\/p>\n<ul>\n<li>Erstellung mehrerer Konten<\/li>\n<li>Versuch, Boni zu missbrauchen<\/li>\n<li>Verwendung von Zahlungsmethoden, die einer anderen Person geh\u00f6ren<\/li>\n<li>Ungew\u00f6hnliches Wettverhalten<\/li>\n<\/ul>\n<p>Wenn Ihr Rooks Bet Casino Konto gesperrt wurde, sollten Sie sich per Online-Chat oder E-Mail an den Kundendienst wenden. Der Kundendienst wird die Situation pr\u00fcfen und m\u00f6glicherweise weitere Unterlagen anfordern, um Ihr Konto wieder zu aktivieren. Nach der \u00dcberpr\u00fcfung kann Ihr Konto aktiviert werden, wenn keine Verst\u00f6\u00dfe festgestellt wurden.<\/p>\n<h2>FAQ<\/h2>\n<h3>Was soll ich tun, wenn ich meine Registrierungs-E-Mail vergessen habe?<\/h3>\n<p>Wenn Sie Ihre E-Mail-Adresse vergessen haben, sollten Sie sich an den Rooksbet Kundendienst wenden. Der Kundendienstmitarbeiter wird m\u00f6glicherweise einige Informationen anfordern, um sicherzustellen, dass Sie der Kontoinhaber sind. Beispielsweise k\u00f6nnte er Sie nach Ihren Zahlungsdaten oder anderen Kontoinformationen fragen. Nach der \u00dcberpr\u00fcfung hilft Ihnen das Team dabei, Ihr Konto wiederherzustellen oder Ihre Rooksbet-Anmeldedaten zu \u00e4ndern.<\/p>\n<h3>Ist die Anmeldung bei Rooksbet sicher?<\/h3>\n<p>Ja, das Rooksbet-Anmeldesystem verwendet moderne Sicherheitstechnologien, um Benutzerkonten zu sch\u00fctzen. Die Plattform verwendet verschl\u00fcsselte Verbindungen und sichere Server, um pers\u00f6nliche und finanzielle Daten zu sch\u00fctzen. Spieler k\u00f6nnen den Schutz ihres Kontos zus\u00e4tzlich verbessern, indem sie ein starkes Passwort verwenden und die Zwei-Faktor-Authentifizierung aktivieren.<\/p>\n<h3>Warum meldet mich das System immer wieder ab?<\/h3>\n<p>Das System kann Sie zu Ihrer Sicherheit automatisch aus Ihrem Konto ausloggen. Dies kann passieren, wenn Sie sich l\u00e4ngere Zeit nicht eingeloggt haben und Ihre Sitzung abgelaufen ist. Es kann auch aufgrund einer instabilen Internetverbindung passieren. Sie k\u00f6nnen die Seite aktualisieren oder den Cache Ihres Browsers leeren.<\/p>\n<\/div><\/div><\/p>\n","protected":false},"excerpt":{"rendered":"<p>Rooksbet Kontoanmeldung und Registrierung Der Rooksbet Login erm\u00f6glicht Spielern einen sicheren Zugriff auf ihr Casino-Konto von jedem Ger\u00e4t aus. Nur registrierte Benutzer k\u00f6nnen unsere Casino-Boni nutzen, spielen und gewinnen. Das Autorisierungssystem funktioniert sowohl in Browsern als auch in der mobilen App. Bei Rooksbet Casino erhalten Sie eine schnelle Anmeldung und vollen Zugriff auf alle Funktionen [&hellip;]<\/p>\n","protected":false},"author":1,"featured_media":0,"parent":0,"menu_order":0,"comment_status":"closed","ping_status":"closed","template":"template-builder.php","meta":{"_acf_changed":false,"inline_featured_image":false,"footnotes":""},"class_list":["post-1477","page","type-page","status-publish","hentry"],"acf":[],"yoast_head":"<!-- This site is optimized with the Yoast SEO plugin v27.3 - https:\/\/yoast.com\/product\/yoast-seo-wordpress\/ -->\n<title>Rooksbet Login &amp; Registrierung | Sicherer Zugang<\/title>\n<meta name=\"description\" content=\"Rooksbet Login \u2013 melde dich sicher an oder erstelle dein Konto in Sekunden mit verschl\u00fcsseltem Zugang und schneller Verifizierung. Verwalte Passwortwiederherstellung, Profileinstellungen und Kontofunktionen einfach bei Rooks Bet.\" \/>\n<meta name=\"robots\" content=\"index, follow, max-snippet:-1, max-image-preview:large, max-video-preview:-1\" \/>\n<link rel=\"canonical\" href=\"https:\/\/rooks-bet.org\/de\/anmeldung-und-registrierung\/\" \/>\n<meta property=\"og:locale\" content=\"de_DE\" \/>\n<meta property=\"og:type\" content=\"article\" \/>\n<meta property=\"og:title\" content=\"Rooksbet Login &amp; Registrierung | Sicherer Zugang\" \/>\n<meta property=\"og:description\" content=\"Rooksbet Login \u2013 melde dich sicher an oder erstelle dein Konto in Sekunden mit verschl\u00fcsseltem Zugang und schneller Verifizierung. Verwalte Passwortwiederherstellung, Profileinstellungen und Kontofunktionen einfach bei Rooks Bet.\" \/>\n<meta property=\"og:url\" content=\"https:\/\/rooks-bet.org\/de\/anmeldung-und-registrierung\/\" \/>\n<meta property=\"og:site_name\" content=\"rooksbet\" \/>\n<meta property=\"article:modified_time\" content=\"2026-03-13T07:57:21+00:00\" \/>\n<meta name=\"twitter:card\" content=\"summary_large_image\" \/>\n<meta name=\"twitter:label1\" content=\"Gesch\u00e4tzte Lesezeit\" \/>\n\t<meta name=\"twitter:data1\" content=\"1\u00a0Minute\" \/>\n<script type=\"application\/ld+json\" class=\"yoast-schema-graph\">{\"@context\":\"https:\\\/\\\/schema.org\",\"@graph\":[{\"@type\":\"WebPage\",\"@id\":\"https:\\\/\\\/rooks-bet.org\\\/de\\\/anmeldung-und-registrierung\\\/\",\"url\":\"https:\\\/\\\/rooks-bet.org\\\/de\\\/anmeldung-und-registrierung\\\/\",\"name\":\"Rooksbet Login & Registrierung | Sicherer Zugang\",\"isPartOf\":{\"@id\":\"https:\\\/\\\/rooks-bet.org\\\/de\\\/#website\"},\"datePublished\":\"2026-03-13T07:01:04+00:00\",\"dateModified\":\"2026-03-13T07:57:21+00:00\",\"description\":\"Rooksbet Login \u2013 melde dich sicher an oder erstelle dein Konto in Sekunden mit verschl\u00fcsseltem Zugang und schneller Verifizierung. Verwalte Passwortwiederherstellung, Profileinstellungen und Kontofunktionen einfach bei Rooks Bet.\",\"breadcrumb\":{\"@id\":\"https:\\\/\\\/rooks-bet.org\\\/de\\\/anmeldung-und-registrierung\\\/#breadcrumb\"},\"inLanguage\":\"de\",\"potentialAction\":[{\"@type\":\"ReadAction\",\"target\":[\"https:\\\/\\\/rooks-bet.org\\\/de\\\/anmeldung-und-registrierung\\\/\"]}]},{\"@type\":\"BreadcrumbList\",\"@id\":\"https:\\\/\\\/rooks-bet.org\\\/de\\\/anmeldung-und-registrierung\\\/#breadcrumb\",\"itemListElement\":[{\"@type\":\"ListItem\",\"position\":1,\"name\":\"Rooksbet\",\"item\":\"https:\\\/\\\/rooks-bet.org\\\/de\\\/\"},{\"@type\":\"ListItem\",\"position\":2,\"name\":\"Anmeldung und Registrierung\"}]},{\"@type\":\"WebSite\",\"@id\":\"https:\\\/\\\/rooks-bet.org\\\/de\\\/#website\",\"url\":\"https:\\\/\\\/rooks-bet.org\\\/de\\\/\",\"name\":\"Rooksbet\",\"description\":\"\",\"publisher\":{\"@id\":\"https:\\\/\\\/rooks-bet.org\\\/de\\\/#organization\"},\"potentialAction\":[{\"@type\":\"SearchAction\",\"target\":{\"@type\":\"EntryPoint\",\"urlTemplate\":\"https:\\\/\\\/rooks-bet.org\\\/de\\\/?s={search_term_string}\"},\"query-input\":{\"@type\":\"PropertyValueSpecification\",\"valueRequired\":true,\"valueName\":\"search_term_string\"}}],\"inLanguage\":\"de\"},{\"@type\":\"Organization\",\"@id\":\"https:\\\/\\\/rooks-bet.org\\\/de\\\/#organization\",\"name\":\"Rooksbet\",\"url\":\"https:\\\/\\\/rooks-bet.org\\\/de\\\/\",\"logo\":{\"@type\":\"ImageObject\",\"inLanguage\":\"de\",\"@id\":\"https:\\\/\\\/rooks-bet.org\\\/de\\\/#\\\/schema\\\/logo\\\/image\\\/\",\"url\":\"https:\\\/\\\/rooks-bet.org\\\/wp-content\\\/uploads\\\/2026\\\/02\\\/Rooksbet-logo-Desktop.png\",\"contentUrl\":\"https:\\\/\\\/rooks-bet.org\\\/wp-content\\\/uploads\\\/2026\\\/02\\\/Rooksbet-logo-Desktop.png\",\"width\":167,\"height\":44,\"caption\":\"Rooksbet\"},\"image\":{\"@id\":\"https:\\\/\\\/rooks-bet.org\\\/de\\\/#\\\/schema\\\/logo\\\/image\\\/\"}}]}<\/script>\n<!-- \/ Yoast SEO plugin. -->","yoast_head_json":{"title":"Rooksbet Login & Registrierung | Sicherer Zugang","description":"Rooksbet Login \u2013 melde dich sicher an oder erstelle dein Konto in Sekunden mit verschl\u00fcsseltem Zugang und schneller Verifizierung. Verwalte Passwortwiederherstellung, Profileinstellungen und Kontofunktionen einfach bei Rooks Bet.","robots":{"index":"index","follow":"follow","max-snippet":"max-snippet:-1","max-image-preview":"max-image-preview:large","max-video-preview":"max-video-preview:-1"},"canonical":"https:\/\/rooks-bet.org\/de\/anmeldung-und-registrierung\/","og_locale":"de_DE","og_type":"article","og_title":"Rooksbet Login & Registrierung | Sicherer Zugang","og_description":"Rooksbet Login \u2013 melde dich sicher an oder erstelle dein Konto in Sekunden mit verschl\u00fcsseltem Zugang und schneller Verifizierung. Verwalte Passwortwiederherstellung, Profileinstellungen und Kontofunktionen einfach bei Rooks Bet.","og_url":"https:\/\/rooks-bet.org\/de\/anmeldung-und-registrierung\/","og_site_name":"rooksbet","article_modified_time":"2026-03-13T07:57:21+00:00","twitter_card":"summary_large_image","twitter_misc":{"Gesch\u00e4tzte Lesezeit":"1\u00a0Minute"},"schema":{"@context":"https:\/\/schema.org","@graph":[{"@type":"WebPage","@id":"https:\/\/rooks-bet.org\/de\/anmeldung-und-registrierung\/","url":"https:\/\/rooks-bet.org\/de\/anmeldung-und-registrierung\/","name":"Rooksbet Login & Registrierung | Sicherer Zugang","isPartOf":{"@id":"https:\/\/rooks-bet.org\/de\/#website"},"datePublished":"2026-03-13T07:01:04+00:00","dateModified":"2026-03-13T07:57:21+00:00","description":"Rooksbet Login \u2013 melde dich sicher an oder erstelle dein Konto in Sekunden mit verschl\u00fcsseltem Zugang und schneller Verifizierung. Verwalte Passwortwiederherstellung, Profileinstellungen und Kontofunktionen einfach bei Rooks Bet.","breadcrumb":{"@id":"https:\/\/rooks-bet.org\/de\/anmeldung-und-registrierung\/#breadcrumb"},"inLanguage":"de","potentialAction":[{"@type":"ReadAction","target":["https:\/\/rooks-bet.org\/de\/anmeldung-und-registrierung\/"]}]},{"@type":"BreadcrumbList","@id":"https:\/\/rooks-bet.org\/de\/anmeldung-und-registrierung\/#breadcrumb","itemListElement":[{"@type":"ListItem","position":1,"name":"Rooksbet","item":"https:\/\/rooks-bet.org\/de\/"},{"@type":"ListItem","position":2,"name":"Anmeldung und Registrierung"}]},{"@type":"WebSite","@id":"https:\/\/rooks-bet.org\/de\/#website","url":"https:\/\/rooks-bet.org\/de\/","name":"Rooksbet","description":"","publisher":{"@id":"https:\/\/rooks-bet.org\/de\/#organization"},"potentialAction":[{"@type":"SearchAction","target":{"@type":"EntryPoint","urlTemplate":"https:\/\/rooks-bet.org\/de\/?s={search_term_string}"},"query-input":{"@type":"PropertyValueSpecification","valueRequired":true,"valueName":"search_term_string"}}],"inLanguage":"de"},{"@type":"Organization","@id":"https:\/\/rooks-bet.org\/de\/#organization","name":"Rooksbet","url":"https:\/\/rooks-bet.org\/de\/","logo":{"@type":"ImageObject","inLanguage":"de","@id":"https:\/\/rooks-bet.org\/de\/#\/schema\/logo\/image\/","url":"https:\/\/rooks-bet.org\/wp-content\/uploads\/2026\/02\/Rooksbet-logo-Desktop.png","contentUrl":"https:\/\/rooks-bet.org\/wp-content\/uploads\/2026\/02\/Rooksbet-logo-Desktop.png","width":167,"height":44,"caption":"Rooksbet"},"image":{"@id":"https:\/\/rooks-bet.org\/de\/#\/schema\/logo\/image\/"}}]}},"_links":{"self":[{"href":"https:\/\/rooks-bet.org\/de\/wp-json\/wp\/v2\/pages\/1477","targetHints":{"allow":["GET"]}}],"collection":[{"href":"https:\/\/rooks-bet.org\/de\/wp-json\/wp\/v2\/pages"}],"about":[{"href":"https:\/\/rooks-bet.org\/de\/wp-json\/wp\/v2\/types\/page"}],"author":[{"embeddable":true,"href":"https:\/\/rooks-bet.org\/de\/wp-json\/wp\/v2\/users\/1"}],"replies":[{"embeddable":true,"href":"https:\/\/rooks-bet.org\/de\/wp-json\/wp\/v2\/comments?post=1477"}],"version-history":[{"count":2,"href":"https:\/\/rooks-bet.org\/de\/wp-json\/wp\/v2\/pages\/1477\/revisions"}],"predecessor-version":[{"id":1597,"href":"https:\/\/rooks-bet.org\/de\/wp-json\/wp\/v2\/pages\/1477\/revisions\/1597"}],"wp:attachment":[{"href":"https:\/\/rooks-bet.org\/de\/wp-json\/wp\/v2\/media?parent=1477"}],"curies":[{"name":"wp","href":"https:\/\/api.w.org\/{rel}","templated":true}]}}