{"id":1432,"date":"2026-03-13T06:48:53","date_gmt":"2026-03-13T06:48:53","guid":{"rendered":"https:\/\/rooks-bet.org\/app\/"},"modified":"2026-03-13T07:43:01","modified_gmt":"2026-03-13T07:43:01","slug":"app","status":"publish","type":"page","link":"https:\/\/rooks-bet.org\/de\/app\/","title":{"rendered":"App"},"content":{"rendered":"<h1>Rooksbet Mobile Plattform<\/h1>\n<p>Mit der Rooksbet App k\u00f6nnen Spieler sofort von ihrem Smartphone aus auf das Casino zugreifen. Unsere App kann mit nur einem Klick heruntergeladen werden und bietet eine einfache Navigation zu allen Bereichen des mobilen Casinos. Die Rooksbet App funktioniert auf jedem Smartphone oder Tablet mit Android oder iOS. Die mobile Software l\u00e4sst sich schnell \u00fcber Ihren mobilen Browser installieren, externe Downloads sind nicht erforderlich. Wir verwenden die neueste Technologie f\u00fcr unsere mobile App.<\/p>\n<div class=\"banner-wrap\" aria-label=\"Banner\"><img src=\"https:\/\/rooks-bet.org\/wp-content\/uploads\/2026\/02\/Rooksbet-banner-desktop.webp\" class=\"w-100 d-none d-lg-block img-pc main-banner-img\" alt=\"Rooksbet banner desktop\" fetchpriority=\"high\" decoding=\"async\"><img src=\"https:\/\/rooks-bet.org\/wp-content\/uploads\/2026\/02\/Rooksbet-banner-mobile.webp\" class=\"w-100 d-none d-md-block d-lg-none main-banner-img\" alt=\"Rooksbet banner mobile\" fetchpriority=\"high\" decoding=\"async\"><img src=\"https:\/\/rooks-bet.org\/wp-content\/uploads\/2026\/02\/Rooksbet-banner-mobile.webp\" class=\"w-100 d-md-none\" alt=\"Rooksbet banner mobile\" fetchpriority=\"high\" decoding=\"async\"><div class=\"banner-description\">\n<div class=\"banner-title\">Willkommensboni<\/div>\n<p class=\"banner-header-title\">1500 \u20ac<\/p>\n<div class=\"banner-header-AdditionalText\">+ 250 Freispiele<\/div>\n<button data-item=\"homepage_banner_link\" class=\"goto m-button m-gradient-border m-button--primary m-button--large banner-button btn-orange\">\n            <div class=\"m-button-content\">\n                <span>Jetzt anmelden<\/span>\n                <span><\/span>\n            <\/div>\n        <\/button>\n<\/div>\n<div class=\"WelcomePack\">\n<p><img loading=\"lazy\" decoding=\"async\" class=\"alignnone size-full wp-image-1378\" src=\"https:\/\/rooks-bet.org\/wp-content\/uploads\/2026\/02\/welcome-crown.png\" alt=\"welcome crown\" width=\"25\" height=\"26\" \/><\/p>\n<div class=\"WelcomePack-Info\">W\u00f6chentlicher Cashback von bis zu 25 %<\/div>\n<p><img loading=\"lazy\" decoding=\"async\" class=\"alignnone size-full wp-image-1378\" src=\"https:\/\/rooks-bet.org\/wp-content\/uploads\/2026\/02\/welcome-crown.png\" alt=\"welcome crown\" width=\"25\" height=\"26\" \/><\/p>\n<\/div>\n<\/div>\n<h2>Funktionen der Rooksbet App<\/h2>\n<p>Unsere Entwickler haben die Rooks Bet App speziell f\u00fcr den vollst\u00e4ndigen Zugriff auf das Casino entwickelt, ohne dabei Kompromisse bei der Funktionalit\u00e4t einzugehen. Mit unserer App k\u00f6nnen Sie alle Aktionen ausf\u00fchren, die auch in der PC-Version m\u00f6glich sind. Das mobile Format erleichtert den Wechsel zwischen den Bereichen der Plattform. Der Hauptvorteil der PC-Version ist ihre gro\u00dfe visuelle Oberfl\u00e4che, w\u00e4hrend die mobile Version flexibler ist. Rooksbet-Spieler k\u00f6nnen zwischen den Ger\u00e4ten wechseln, ohne den Zugriff auf ihren Spielfortschritt zu verlieren.<\/p>\n<table>\n<tbody>\n<tr>\n<td>Funktion<\/td>\n<td>So funktioniert es<\/td>\n<td>Vorteil f\u00fcr Spieler<\/td>\n<\/tr>\n<tr>\n<td>Touch-optimierte Benutzeroberfl\u00e4che<\/td>\n<td>Men\u00fcs und Schaltfl\u00e4chen sind f\u00fcr die Touchscreen-Steuerung angepasst<\/td>\n<td>Einfachere Navigation auf Smartphones und Tablets<\/td>\n<\/tr>\n<tr>\n<td>Zugriff mit einem Fingertipp<\/td>\n<td>Schnelle Anmeldung und direkter Zugriff vom Startbildschirm aus<\/td>\n<td>Schnellere Eingabe im Vergleich zum Start eines Desktop-Browsers<\/td>\n<\/tr>\n<tr>\n<td>Automatische Updates<\/td>\n<td>L\u00e4uft \u00fcber browserbasierte Systemaktualisierungen<\/td>\n<td>Keine manuellen Downloads erforderlich<\/td>\n<\/tr>\n<tr>\n<td>Vollst\u00e4ndige Kontoverwaltung<\/td>\n<td>Unterst\u00fctzt Einzahlungen, Auszahlungen und Verifizierung<\/td>\n<td>Gleiche Kontrolle wie auf dem PC<\/td>\n<\/tr>\n<tr>\n<td>Portabler Zugriff<\/td>\n<td>Funktioniert in Mobilfunknetzen und \u00fcber WLAN<\/td>\n<td>Spielen Sie von jedem Ort aus<\/td>\n<\/tr>\n<\/tbody>\n<\/table>\n<p><div class=\"scrollable-content-wrap my-5\"><div class=\"scrollable-content-inner\"><h2>Rooksbet App f\u00fcr Android<\/h2>\n<p>Die Rooksbet App funktioniert auf allen Android-Smartphones und -Tablets. Sie unterst\u00fctzt Smartphones und Tablets mit beliebiger Bildschirmgr\u00f6\u00dfe und Systemversion. Mit unserer Android-Software k\u00f6nnen Sie alle Spiele und Kontofunktionen nutzen. Unsere Android-App l\u00e4dt jeden Bereich des Rooksbet Casinos schnell. Die Benutzeroberfl\u00e4che passt sich an Android-Displays an und l\u00e4dt alle Bereiche schnell.<\/p>\n<h3>Rooksbet PWA L\u00f6sung<\/h3>\n<p>Rooksbet Casino verwendet die Progressive Web App (PWA)-Technologie, anstatt eine APK-Datei herunterzuladen. Es ist nicht erforderlich, ein separates Paket von Drittanbietern zu installieren. Die Rooksbet Casino PWA funktioniert in Ihrem Browser und wird zum Startbildschirm hinzugef\u00fcgt. Sie wird bei jedem \u00d6ffnen automatisch aktualisiert, sodass Sie immer die neueste Version verwenden. Die Verwendung von PWA verbessert die Sicherheit und reduziert den Speicherverbrauch.<\/p>\n<p>Die Installation ist einfach. \u00d6ffnen Sie die Rooksbet-Website in Ihrem Browser. W\u00e4hlen Sie \u201eZum Startbildschirm hinzuf\u00fcgen\u201c. Das App-Symbol wird sofort angezeigt.<\/p>\n<p>Vorteile von Rooksbet Casino PWA:<\/p>\n<ul>\n<li>Kein APK-Download erforderlich<\/li>\n<li>Schnelles Laden<\/li>\n<li>Geringer Speicherbedarf<\/li>\n<li>Automatische Updates<\/li>\n<li>Verschl\u00fcsselte Verbindung<\/li>\n<li>Push-Benachrichtigungen<\/li>\n<li>Funktioniert mit mehreren Android-Ger\u00e4ten<\/li>\n<\/ul>\n<p><img loading=\"lazy\" decoding=\"async\" src=\"https:\/\/rooks-bet.org\/wp-content\/uploads\/Rooksbet-Android-App.webp\" alt=\"Rooksbet Android App\" width=\"1248\" height=\"536\" \/><\/p>\n<\/div><\/div><div style=\"clear: both\"><\/div><div class=\"d-flex justify-content-center\"><button data-item=\"decouvrez_link\" data-group=\"website_links\" class=\"goto fw-bold rounded-pill btn btn-orange\" aria-label=\"Laden Sie die Rooksbet-App herunter\" >Laden Sie die Rooksbet-App herunter<\/button><\/div><div class=\"scrollable-content-wrap my-5\"><div class=\"scrollable-content-inner\"><h2>Rooksbet App \u2013 iOS<\/h2>\n<p>Die Rooksbet App f\u00fcr iOS ist f\u00fcr iPhone- und iPad-Ger\u00e4te angepasst. Sie funktioniert \u00fcber den Safari-Browser als Webanwendung. Es ist nicht erforderlich, Software aus dem App Store herunterzuladen. Dieses Format erm\u00f6glicht einen schnelleren Zugriff auf das Rooksbet Casino mit Zugang zu Spielen und Plattformfunktionen.<\/p>\n<p>Die Benutzeroberfl\u00e4che ist f\u00fcr iOS-Bildschirme und Touch-Steuerung optimiert. Spieler k\u00f6nnen auch Benachrichtigungen \u00fcber Updates erhalten. Der Vorteil unserer App ist, dass sie Benachrichtigungen sendet. Sie k\u00f6nnen als Erster von neuen Turnieren oder Ihrem Platz in der Rangliste erfahren. Die PC- und Browser-Versionen senden Ihnen keine Benachrichtigungen. Nach der Installation erscheint das Rooksbet Casino App Symbol auf dem Startbildschirm f\u00fcr einen schnellen Zugriff.<\/p>\n<p>So installieren Sie die Rooks Bet App auf iOS:<\/p>\n<ol>\n<li>Zun\u00e4chst sollten Sie die Rooksbet Casino Website im Safari-Browser \u00f6ffnen.<\/li>\n<li>Anschlie\u00dfend m\u00fcssen Sie auf das Symbol \u201eTeilen\u201c am unteren Bildschirmrand tippen.<\/li>\n<li>W\u00e4hlen Sie dann \u201eZum Startbildschirm hinzuf\u00fcgen\u201c und best\u00e4tigen Sie.<\/li>\n<\/ol>\n<p>Unser App-Symbol wird auf Ihrem Ger\u00e4t angezeigt. Sie k\u00f6nnen jederzeit mit einem Fingertipp auf Ihr Konto zugreifen.<\/p>\n<p><img loading=\"lazy\" decoding=\"async\" src=\"https:\/\/rooks-bet.org\/wp-content\/uploads\/Rooksbet-iOS-App.webp\" alt=\"Rooksbet iOS App\" width=\"1248\" height=\"536\" \/><\/p>\n<\/div><\/div><div style=\"clear: both\"><\/div><div class=\"d-flex justify-content-center\"><button data-item=\"decouvrez_link\" data-group=\"website_links\" class=\"goto fw-bold rounded-pill btn btn-orange\" aria-label=\"Laden Sie die Rooksbet-App herunter\" >Laden Sie die Rooksbet-App herunter<\/button><\/div><div class=\"scrollable-content-wrap my-5\"><div class=\"scrollable-content-inner\"><h2>Rooks Bet Casino \u2013 Desktop Version<\/h2>\n<p>Rooksbet Casino ist f\u00fcr Desktop-Computer verf\u00fcgbar, ohne dass eine Software installiert werden muss. Die Desktop-Version bietet Spielern die volle Funktionalit\u00e4t der Plattform mit mehr als 6.000 Spielen. Alle Bereiche sind \u00fcber das Hauptnavigationsmen\u00fc zug\u00e4nglich.<\/p>\n<p>Die Benutzeroberfl\u00e4che ist f\u00fcr gro\u00dfe Bildschirme angepasst, was f\u00fcr Spiele mit Live-Dealern praktisch ist. Bei Rooks Bet Casino f\u00fcr PC k\u00f6nnen Spieler detaillierte Informationen zu Spielen, Bonusbedingungen und Transaktionsverlauf einsehen. Die Desktop-Version unterst\u00fctzt den Kontoverifizierungsprozess und Auszahlungsantr\u00e4ge. Benutzer k\u00f6nnen auch eine Verkn\u00fcpfung in ihrem Browser erstellen, um direkt von ihrem Desktop aus darauf zuzugreifen. So k\u00f6nnen Sie das Online-Casino mit einem einzigen Klick ohne manuelle Eingabe starten.<\/p>\n<h2>Unterst\u00fctzte Browser<\/h2>\n<p>Spieler k\u00f6nnen \u00fcber unterst\u00fctzte Webbrowser von jedem Ger\u00e4t aus auf die Plattform zugreifen. Rooksbet Casino funktioniert mit praktisch allen modernen Webbrowsern. Spieler k\u00f6nnen ohne Installation einer Software auf das Casino zugreifen. Wir unterst\u00fctzen die neuesten Versionen der folgenden Browser:<\/p>\n<ul>\n<li>Google Chrome<\/li>\n<li>Opera<\/li>\n<li>Safari<\/li>\n<li>Microsoft Edge<\/li>\n<li>Mozilla Firefox<\/li>\n<\/ul>\n<p>F\u00fcr ein schnelleres Laden empfiehlt es sich, die neueste Version des Browsers zu verwenden. Die Website passt sich automatisch an Browser und Bildschirmgr\u00f6\u00dfen an. Alle Funktionen von Rooksbet Casino funktionieren in allen unterst\u00fctzten Browsern stabil.<\/p>\n<p><img loading=\"lazy\" decoding=\"async\" src=\"https:\/\/rooks-bet.org\/wp-content\/uploads\/Rooksbet-Desktop.webp\" alt=\"Rooksbet Desktop\" width=\"1248\" height=\"536\" \/><\/p>\n<\/div><\/div><div style=\"clear: both\"><\/div><div class=\"d-flex justify-content-center\"><button data-item=\"decouvrez_link\" data-group=\"website_links\" class=\"goto fw-bold rounded-pill btn btn-orange\" aria-label=\"Laden Sie die Rooksbet-App herunter\" >Laden Sie die Rooksbet-App herunter<\/button><\/div><div class=\"scrollable-content-wrap my-5\"><div class=\"scrollable-content-inner\"><h2>FAQ<\/h2>\n<h3>Wie aktualisiere ich die App auf die neueste Version?<\/h3>\n<p>Sie m\u00fcssen die Rooksbet App nicht manuell aktualisieren. Die Software funktioniert als Webanwendung. Sie wird jedes Mal automatisch aktualisiert, wenn Sie sie in Ihrem Browser \u00f6ffnen. Um sicherzustellen, dass Sie die neueste Version verwenden, aktualisieren Sie die Seite oder schlie\u00dfen Sie die App und \u00f6ffnen Sie sie erneut. Mit unserer Webanwendung k\u00f6nnen Sie sicher sein, dass Sie die neueste Version f\u00fcr ein besseres Spielerlebnis verwenden.<\/p>\n<h3>Kann ich die App auf meinem Tablet verwenden?<\/h3>\n<p>Ja, die Rooksbet App funktioniert auf Tablets. Sie unterst\u00fctzt sowohl Android- als auch iOS-Tablets. Die Benutzeroberfl\u00e4che passt sich automatisch an gr\u00f6\u00dfere Bildschirme an. Alle Online-Slots, Tischspiele, Live-Dealer-Spiele und Werbeaktionen sind verf\u00fcgbar. Sie k\u00f6nnen sie auf Ihrem Computer genauso installieren wie auf einem Smartphone.<\/p>\n<h3>Was soll ich tun, wenn die App abst\u00fcrzt oder nicht richtig geladen wird?<\/h3>\n<p>\u00dcberpr\u00fcfen Sie zun\u00e4chst Ihre Internetverbindung. Versuchen Sie dann, die Seite zu aktualisieren oder die Rooks Bet App erneut zu \u00f6ffnen. Das L\u00f6schen des Browser-Caches kann ebenfalls helfen. Au\u00dferdem sollte Ihr Browser auf die neueste Version aktualisiert sein. Wenn das Problem weiterhin besteht, k\u00f6nnen Sie sich an unseren Kundendienst wenden, um Hilfe zu erhalten. Sie k\u00f6nnen uns rund um die Uhr per Live-Chat oder per E-Mail schreiben.<\/p>\n<\/div><\/div><\/p>\n","protected":false},"excerpt":{"rendered":"<p>Rooksbet Mobile Plattform Mit der Rooksbet App k\u00f6nnen Spieler sofort von ihrem Smartphone aus auf das Casino zugreifen. Unsere App kann mit nur einem Klick heruntergeladen werden und bietet eine einfache Navigation zu allen Bereichen des mobilen Casinos. Die Rooksbet App funktioniert auf jedem Smartphone oder Tablet mit Android oder iOS. Die mobile Software l\u00e4sst [&hellip;]<\/p>\n","protected":false},"author":1,"featured_media":0,"parent":0,"menu_order":0,"comment_status":"closed","ping_status":"closed","template":"template-builder.php","meta":{"_acf_changed":false,"inline_featured_image":false,"footnotes":""},"class_list":["post-1432","page","type-page","status-publish","hentry"],"acf":[],"yoast_head":"<!-- This site is optimized with the Yoast SEO plugin v27.3 - https:\/\/yoast.com\/product\/yoast-seo-wordpress\/ -->\n<title>Rooksbet App f\u00fcr Handy | iOS, Android<\/title>\n<meta name=\"description\" content=\"Rooksbet App \u2013 lade die mobile App f\u00fcr iOS und Android herunter, um Slots, Tischspiele und Live-Casino \u00fcberall zu spielen. Genie\u00dfe reibungslose Leistung und vollen Kontozugriff mit Rooks Bet.\" \/>\n<meta name=\"robots\" content=\"index, follow, max-snippet:-1, max-image-preview:large, max-video-preview:-1\" \/>\n<link rel=\"canonical\" href=\"https:\/\/rooks-bet.org\/de\/app\/\" \/>\n<meta property=\"og:locale\" content=\"de_DE\" \/>\n<meta property=\"og:type\" content=\"article\" \/>\n<meta property=\"og:title\" content=\"Rooksbet App f\u00fcr Handy | iOS, Android\" \/>\n<meta property=\"og:description\" content=\"Rooksbet App \u2013 lade die mobile App f\u00fcr iOS und Android herunter, um Slots, Tischspiele und Live-Casino \u00fcberall zu spielen. Genie\u00dfe reibungslose Leistung und vollen Kontozugriff mit Rooks Bet.\" \/>\n<meta property=\"og:url\" content=\"https:\/\/rooks-bet.org\/de\/app\/\" \/>\n<meta property=\"og:site_name\" content=\"rooksbet\" \/>\n<meta property=\"article:modified_time\" content=\"2026-03-13T07:43:01+00:00\" \/>\n<meta name=\"twitter:card\" content=\"summary_large_image\" \/>\n<meta name=\"twitter:label1\" content=\"Gesch\u00e4tzte Lesezeit\" \/>\n\t<meta name=\"twitter:data1\" content=\"2\u00a0Minuten\" \/>\n<script type=\"application\/ld+json\" class=\"yoast-schema-graph\">{\"@context\":\"https:\\\/\\\/schema.org\",\"@graph\":[{\"@type\":\"WebPage\",\"@id\":\"https:\\\/\\\/rooks-bet.org\\\/de\\\/app\\\/\",\"url\":\"https:\\\/\\\/rooks-bet.org\\\/de\\\/app\\\/\",\"name\":\"Rooksbet App f\u00fcr Handy | iOS, Android\",\"isPartOf\":{\"@id\":\"https:\\\/\\\/rooks-bet.org\\\/de\\\/#website\"},\"datePublished\":\"2026-03-13T06:48:53+00:00\",\"dateModified\":\"2026-03-13T07:43:01+00:00\",\"description\":\"Rooksbet App \u2013 lade die mobile App f\u00fcr iOS und Android herunter, um Slots, Tischspiele und Live-Casino \u00fcberall zu spielen. Genie\u00dfe reibungslose Leistung und vollen Kontozugriff mit Rooks Bet.\",\"breadcrumb\":{\"@id\":\"https:\\\/\\\/rooks-bet.org\\\/de\\\/app\\\/#breadcrumb\"},\"inLanguage\":\"de\",\"potentialAction\":[{\"@type\":\"ReadAction\",\"target\":[\"https:\\\/\\\/rooks-bet.org\\\/de\\\/app\\\/\"]}]},{\"@type\":\"BreadcrumbList\",\"@id\":\"https:\\\/\\\/rooks-bet.org\\\/de\\\/app\\\/#breadcrumb\",\"itemListElement\":[{\"@type\":\"ListItem\",\"position\":1,\"name\":\"Rooksbet\",\"item\":\"https:\\\/\\\/rooks-bet.org\\\/de\\\/\"},{\"@type\":\"ListItem\",\"position\":2,\"name\":\"App\"}]},{\"@type\":\"WebSite\",\"@id\":\"https:\\\/\\\/rooks-bet.org\\\/de\\\/#website\",\"url\":\"https:\\\/\\\/rooks-bet.org\\\/de\\\/\",\"name\":\"Rooksbet\",\"description\":\"\",\"publisher\":{\"@id\":\"https:\\\/\\\/rooks-bet.org\\\/de\\\/#organization\"},\"potentialAction\":[{\"@type\":\"SearchAction\",\"target\":{\"@type\":\"EntryPoint\",\"urlTemplate\":\"https:\\\/\\\/rooks-bet.org\\\/de\\\/?s={search_term_string}\"},\"query-input\":{\"@type\":\"PropertyValueSpecification\",\"valueRequired\":true,\"valueName\":\"search_term_string\"}}],\"inLanguage\":\"de\"},{\"@type\":\"Organization\",\"@id\":\"https:\\\/\\\/rooks-bet.org\\\/de\\\/#organization\",\"name\":\"Rooksbet\",\"url\":\"https:\\\/\\\/rooks-bet.org\\\/de\\\/\",\"logo\":{\"@type\":\"ImageObject\",\"inLanguage\":\"de\",\"@id\":\"https:\\\/\\\/rooks-bet.org\\\/de\\\/#\\\/schema\\\/logo\\\/image\\\/\",\"url\":\"https:\\\/\\\/rooks-bet.org\\\/wp-content\\\/uploads\\\/2026\\\/02\\\/Rooksbet-logo-Desktop.png\",\"contentUrl\":\"https:\\\/\\\/rooks-bet.org\\\/wp-content\\\/uploads\\\/2026\\\/02\\\/Rooksbet-logo-Desktop.png\",\"width\":167,\"height\":44,\"caption\":\"Rooksbet\"},\"image\":{\"@id\":\"https:\\\/\\\/rooks-bet.org\\\/de\\\/#\\\/schema\\\/logo\\\/image\\\/\"}}]}<\/script>\n<!-- \/ Yoast SEO plugin. -->","yoast_head_json":{"title":"Rooksbet App f\u00fcr Handy | iOS, Android","description":"Rooksbet App \u2013 lade die mobile App f\u00fcr iOS und Android herunter, um Slots, Tischspiele und Live-Casino \u00fcberall zu spielen. Genie\u00dfe reibungslose Leistung und vollen Kontozugriff mit Rooks Bet.","robots":{"index":"index","follow":"follow","max-snippet":"max-snippet:-1","max-image-preview":"max-image-preview:large","max-video-preview":"max-video-preview:-1"},"canonical":"https:\/\/rooks-bet.org\/de\/app\/","og_locale":"de_DE","og_type":"article","og_title":"Rooksbet App f\u00fcr Handy | iOS, Android","og_description":"Rooksbet App \u2013 lade die mobile App f\u00fcr iOS und Android herunter, um Slots, Tischspiele und Live-Casino \u00fcberall zu spielen. Genie\u00dfe reibungslose Leistung und vollen Kontozugriff mit Rooks Bet.","og_url":"https:\/\/rooks-bet.org\/de\/app\/","og_site_name":"rooksbet","article_modified_time":"2026-03-13T07:43:01+00:00","twitter_card":"summary_large_image","twitter_misc":{"Gesch\u00e4tzte Lesezeit":"2\u00a0Minuten"},"schema":{"@context":"https:\/\/schema.org","@graph":[{"@type":"WebPage","@id":"https:\/\/rooks-bet.org\/de\/app\/","url":"https:\/\/rooks-bet.org\/de\/app\/","name":"Rooksbet App f\u00fcr Handy | iOS, Android","isPartOf":{"@id":"https:\/\/rooks-bet.org\/de\/#website"},"datePublished":"2026-03-13T06:48:53+00:00","dateModified":"2026-03-13T07:43:01+00:00","description":"Rooksbet App \u2013 lade die mobile App f\u00fcr iOS und Android herunter, um Slots, Tischspiele und Live-Casino \u00fcberall zu spielen. Genie\u00dfe reibungslose Leistung und vollen Kontozugriff mit Rooks Bet.","breadcrumb":{"@id":"https:\/\/rooks-bet.org\/de\/app\/#breadcrumb"},"inLanguage":"de","potentialAction":[{"@type":"ReadAction","target":["https:\/\/rooks-bet.org\/de\/app\/"]}]},{"@type":"BreadcrumbList","@id":"https:\/\/rooks-bet.org\/de\/app\/#breadcrumb","itemListElement":[{"@type":"ListItem","position":1,"name":"Rooksbet","item":"https:\/\/rooks-bet.org\/de\/"},{"@type":"ListItem","position":2,"name":"App"}]},{"@type":"WebSite","@id":"https:\/\/rooks-bet.org\/de\/#website","url":"https:\/\/rooks-bet.org\/de\/","name":"Rooksbet","description":"","publisher":{"@id":"https:\/\/rooks-bet.org\/de\/#organization"},"potentialAction":[{"@type":"SearchAction","target":{"@type":"EntryPoint","urlTemplate":"https:\/\/rooks-bet.org\/de\/?s={search_term_string}"},"query-input":{"@type":"PropertyValueSpecification","valueRequired":true,"valueName":"search_term_string"}}],"inLanguage":"de"},{"@type":"Organization","@id":"https:\/\/rooks-bet.org\/de\/#organization","name":"Rooksbet","url":"https:\/\/rooks-bet.org\/de\/","logo":{"@type":"ImageObject","inLanguage":"de","@id":"https:\/\/rooks-bet.org\/de\/#\/schema\/logo\/image\/","url":"https:\/\/rooks-bet.org\/wp-content\/uploads\/2026\/02\/Rooksbet-logo-Desktop.png","contentUrl":"https:\/\/rooks-bet.org\/wp-content\/uploads\/2026\/02\/Rooksbet-logo-Desktop.png","width":167,"height":44,"caption":"Rooksbet"},"image":{"@id":"https:\/\/rooks-bet.org\/de\/#\/schema\/logo\/image\/"}}]}},"_links":{"self":[{"href":"https:\/\/rooks-bet.org\/de\/wp-json\/wp\/v2\/pages\/1432","targetHints":{"allow":["GET"]}}],"collection":[{"href":"https:\/\/rooks-bet.org\/de\/wp-json\/wp\/v2\/pages"}],"about":[{"href":"https:\/\/rooks-bet.org\/de\/wp-json\/wp\/v2\/types\/page"}],"author":[{"embeddable":true,"href":"https:\/\/rooks-bet.org\/de\/wp-json\/wp\/v2\/users\/1"}],"replies":[{"embeddable":true,"href":"https:\/\/rooks-bet.org\/de\/wp-json\/wp\/v2\/comments?post=1432"}],"version-history":[{"count":2,"href":"https:\/\/rooks-bet.org\/de\/wp-json\/wp\/v2\/pages\/1432\/revisions"}],"predecessor-version":[{"id":1574,"href":"https:\/\/rooks-bet.org\/de\/wp-json\/wp\/v2\/pages\/1432\/revisions\/1574"}],"wp:attachment":[{"href":"https:\/\/rooks-bet.org\/de\/wp-json\/wp\/v2\/media?parent=1432"}],"curies":[{"name":"wp","href":"https:\/\/api.w.org\/{rel}","templated":true}]}}